{"id":121028,"date":"2025-03-31T03:09:20","date_gmt":"2025-03-31T00:09:20","guid":{"rendered":"https:\/\/shop.rettum.ee\/toode\/255-45r21-continental-sportcontact-6-106y-xl-ne0-fr-bab73\/"},"modified":"2026-03-22T03:07:01","modified_gmt":"2026-03-22T01:07:01","slug":"255-45r21-continental-sportcontact-6-106y-xl-ne0-fr-bab73","status":"publish","type":"product","link":"https:\/\/shop.rettum.ee\/en\/product\/255-45r21-continental-sportcontact-6-106y-xl-ne0-fr-bab73\/","title":{"rendered":"255\/45R21 CONTINENTAL SPORTCONTACT 6 106Y XL NE0 FR BAB73"},"content":{"rendered":"<p>Continental SportContact 6 255\/45R21 on tipptasemel suverehv, mis \u00fchendab sportliku j\u00f5udluse ja maksimaalse turvalisuse. Selle rekvisiidi m\u00f5\u00f5tmed ja 106Y kiirusindikaator annavad kindlustunnet ka suurtel kiirustel, samas kui XL-klass tagab k\u00f5rgendatud koormustaluvuse. Uuenduslik rehvimuster ja kvaliteetsed segud tagavad suurep\u00e4rase haarduvuse nii kuivatel kui m\u00e4rgadel teedel, pakkudes kiiret reageerimist ootamatutele s\u00f5idutingimustele.<\/p>\n<p>Rehvi disain on loodud pakkuma optimaalseid pidamisomadusi ja kindlust juhtide ohutust eri olukordades. Madal m\u00fcratase ja efektiivne veepidurdamine parandavad s\u00f5idumugavust ning loovad rahuliku s\u00f5idukogemuse ka pikematel teekondadel. Continental SportContact 6 on ideaalne valik sportlikule juhile, kes v\u00e4\u00e4rtustab nii d\u00fcnaamilist s\u00f5idukogemust kui ka maksimaalset ohutust igas olukorras. Valides selle rehvi, panustad oma s\u00f5idukogemusse tipptasemel tehnoloogia ja usaldusv\u00e4\u00e4rsuse kaudu.<\/p>","protected":false},"excerpt":{"rendered":"<p>Continental SportContact 6 255\/45R21 on tipptasemel suverehv, mis \u00fchendab sportliku j\u00f5udluse ja maksimaalse turvalisuse. Selle rekvisiidi m\u00f5\u00f5tmed ja 106Y kiirusindikaator annavad kindlustunnet ka suurtel kiirustel, samas kui XL-klass tagab k\u00f5rgendatud koormustaluvuse. Uuenduslik rehvimuster ja kvaliteetsed segud tagavad suurep\u00e4rase haarduvuse nii kuivatel kui m\u00e4rgadel teedel, pakkudes kiiret reageerimist ootamatutele s\u00f5idutingimustele. Rehvi disain on loodud pakkuma optimaalseid [&hellip;]<\/p>\n","protected":false},"featured_media":124866,"template":"","meta":{"site-sidebar-layout":"default","site-content-layout":"","ast-site-content-layout":"","site-content-style":"default","site-sidebar-style":"default","ast-global-header-display":"","ast-banner-title-visibility":"","ast-main-header-display":"","ast-hfb-above-header-display":"","ast-hfb-below-header-display":"","ast-hfb-mobile-header-display":"","site-post-title":"","ast-breadcrumbs-content":"","ast-featured-img":"","footer-sml-layout":"","theme-transparent-header-meta":"","adv-header-id-meta":"","stick-header-meta":"","header-above-stick-meta":"","header-main-stick-meta":"","header-below-stick-meta":"","astra-migrate-meta-layouts":"default","ast-page-background-enabled":"default","ast-page-background-meta":{"desktop":{"background-color":"","background-image":"","background-repeat":"repeat","background-position":"center center","background-size":"auto","background-attachment":"scroll","background-type":"","background-media":"","overlay-type":"","overlay-color":"","overlay-opacity":"","overlay-gradient":""},"tablet":{"background-color":"","background-image":"","background-repeat":"repeat","background-position":"center center","background-size":"auto","background-attachment":"scroll","background-type":"","background-media":"","overlay-type":"","overlay-color":"","overlay-opacity":"","overlay-gradient":""},"mobile":{"background-color":"","background-image":"","background-repeat":"repeat","background-position":"center center","background-size":"auto","background-attachment":"scroll","background-type":"","background-media":"","overlay-type":"","overlay-color":"","overlay-opacity":"","overlay-gradient":""}},"ast-content-background-meta":{"desktop":{"background-color":"var(--ast-global-color-5)","background-image":"","background-repeat":"repeat","background-position":"center center","background-size":"auto","background-attachment":"scroll","background-type":"","background-media":"","overlay-type":"","overlay-color":"","overlay-opacity":"","overlay-gradient":""},"tablet":{"background-color":"var(--ast-global-color-5)","background-image":"","background-repeat":"repeat","background-position":"center center","background-size":"auto","background-attachment":"scroll","background-type":"","background-media":"","overlay-type":"","overlay-color":"","overlay-opacity":"","overlay-gradient":""},"mobile":{"background-color":"var(--ast-global-color-5)","background-image":"","background-repeat":"repeat","background-position":"center center","background-size":"auto","background-attachment":"scroll","background-type":"","background-media":"","overlay-type":"","overlay-color":"","overlay-opacity":"","overlay-gradient":""}}},"product_brand":[],"product_cat":[34225],"product_tag":[],"pa_brand_name":[25035],"class_list":{"0":"post-121028","1":"product","2":"type-product","3":"status-publish","4":"has-post-thumbnail","6":"product_cat-summer-tires-pv","7":"pa_brand_name-continental","8":"desktop-align-left","9":"tablet-align-left","10":"mobile-align-left","12":"first","13":"outofstock","14":"taxable","15":"shipping-taxable","16":"purchasable","17":"product-type-simple"},"_links":{"self":[{"href":"https:\/\/shop.rettum.ee\/en\/wp-json\/wp\/v2\/product\/121028","targetHints":{"allow":["GET"]}}],"collection":[{"href":"https:\/\/shop.rettum.ee\/en\/wp-json\/wp\/v2\/product"}],"about":[{"href":"https:\/\/shop.rettum.ee\/en\/wp-json\/wp\/v2\/types\/product"}],"version-history":[{"count":1,"href":"https:\/\/shop.rettum.ee\/en\/wp-json\/wp\/v2\/product\/121028\/revisions"}],"predecessor-version":[{"id":125567,"href":"https:\/\/shop.rettum.ee\/en\/wp-json\/wp\/v2\/product\/121028\/revisions\/125567"}],"wp:featuredmedia":[{"embeddable":true,"href":"https:\/\/shop.rettum.ee\/en\/wp-json\/wp\/v2\/media\/124866"}],"wp:attachment":[{"href":"https:\/\/shop.rettum.ee\/en\/wp-json\/wp\/v2\/media?parent=121028"}],"wp:term":[{"taxonomy":"product_brand","embeddable":true,"href":"https:\/\/shop.rettum.ee\/en\/wp-json\/wp\/v2\/product_brand?post=121028"},{"taxonomy":"product_cat","embeddable":true,"href":"https:\/\/shop.rettum.ee\/en\/wp-json\/wp\/v2\/product_cat?post=121028"},{"taxonomy":"product_tag","embeddable":true,"href":"https:\/\/shop.rettum.ee\/en\/wp-json\/wp\/v2\/product_tag?post=121028"},{"taxonomy":"pa_brand_name","embeddable":true,"href":"https:\/\/shop.rettum.ee\/en\/wp-json\/wp\/v2\/pa_brand_name?post=121028"}],"curies":[{"name":"wp","href":"https:\/\/api.w.org\/{rel}","templated":true}]}}