{"id":121029,"date":"2025-03-31T03:09:21","date_gmt":"2025-03-31T00:09:21","guid":{"rendered":"https:\/\/shop.rettum.ee\/toode\/265-45r21-continental-premiumcontact-6-108h-xl-ao1-fr-aab73\/"},"modified":"2026-03-22T03:07:01","modified_gmt":"2026-03-22T01:07:01","slug":"265-45r21-continental-premiumcontact-6-108h-xl-ao1-fr-aab73","status":"publish","type":"product","link":"https:\/\/shop.rettum.ee\/en\/product\/265-45r21-continental-premiumcontact-6-108h-xl-ao1-fr-aab73\/","title":{"rendered":"265\/45R21 CONTINENTAL PREMIUMCONTACT 6 108H XL AO1 FR AAB73"},"content":{"rendered":"<p>Kontinentaalne Continental PremiumContact 6 265\/45R21 on tipptasemel suverehv, mis on loodud pakkuma maksimaalset s\u00f5iduohutust ja -mugavust. Selle k\u00f5rgtehnoloogiline disain tagab \u00fcliv\u00e4ga hea haardumise nii kuivadel kui M\u00e4rgadel teedel, v\u00f5imaldades autojuhil tunda end kindlalt ja turvaliselt igas olukorras. Rehvi suurus 265\/45R21 koos XL klassi lisakoormusv\u00f5imega kindlustab, et see vastab n\u00f5udlikele s\u00f5idutingimustele ning talub ka intensiivsemat koormust.<\/p>\n<p>108H indeks n\u00e4itab rehvi k\u00f5rget j\u00f5udlust ja kiiruspiirangu kohaselt sobivust kuni 210 km\/h s\u00f5idukiiruseni, pakkudes reaalajas parimat v\u00f5imalikku stabiilsust ja juhitavust. Continental PremiumContact 6 on ideaalne valik sportlikule ja premium kategooria s\u00f5idukile, kus esmat\u00e4htis on nii efektiivne k\u00fctuses\u00e4\u00e4st kui ka k\u00f5rge turvalisus.<\/p>\n<p>Valides selle rehvi, valite usaldusv\u00e4\u00e4rsuse, innovatsiooni ja \u00fclimalt optimeeritud s\u00f5idud\u00fcnaamika \u2013 k\u00f5ik kompromissideta pakutud lahendused t\u00e4nap\u00e4eva n\u00f5udlikule autojuhile.<\/p>","protected":false},"excerpt":{"rendered":"<p>Kontinentaalne Continental PremiumContact 6 265\/45R21 on tipptasemel suverehv, mis on loodud pakkuma maksimaalset s\u00f5iduohutust ja -mugavust. Selle k\u00f5rgtehnoloogiline disain tagab \u00fcliv\u00e4ga hea haardumise nii kuivadel kui M\u00e4rgadel teedel, v\u00f5imaldades autojuhil tunda end kindlalt ja turvaliselt igas olukorras. Rehvi suurus 265\/45R21 koos XL klassi lisakoormusv\u00f5imega kindlustab, et see vastab n\u00f5udlikele s\u00f5idutingimustele ning talub ka intensiivsemat koormust. [&hellip;]<\/p>\n","protected":false},"featured_media":124217,"template":"","meta":{"site-sidebar-layout":"default","site-content-layout":"","ast-site-content-layout":"","site-content-style":"default","site-sidebar-style":"default","ast-global-header-display":"","ast-banner-title-visibility":"","ast-main-header-display":"","ast-hfb-above-header-display":"","ast-hfb-below-header-display":"","ast-hfb-mobile-header-display":"","site-post-title":"","ast-breadcrumbs-content":"","ast-featured-img":"","footer-sml-layout":"","theme-transparent-header-meta":"","adv-header-id-meta":"","stick-header-meta":"","header-above-stick-meta":"","header-main-stick-meta":"","header-below-stick-meta":"","astra-migrate-meta-layouts":"default","ast-page-background-enabled":"default","ast-page-background-meta":{"desktop":{"background-color":"","background-image":"","background-repeat":"repeat","background-position":"center center","background-size":"auto","background-attachment":"scroll","background-type":"","background-media":"","overlay-type":"","overlay-color":"","overlay-opacity":"","overlay-gradient":""},"tablet":{"background-color":"","background-image":"","background-repeat":"repeat","background-position":"center center","background-size":"auto","background-attachment":"scroll","background-type":"","background-media":"","overlay-type":"","overlay-color":"","overlay-opacity":"","overlay-gradient":""},"mobile":{"background-color":"","background-image":"","background-repeat":"repeat","background-position":"center center","background-size":"auto","background-attachment":"scroll","background-type":"","background-media":"","overlay-type":"","overlay-color":"","overlay-opacity":"","overlay-gradient":""}},"ast-content-background-meta":{"desktop":{"background-color":"var(--ast-global-color-5)","background-image":"","background-repeat":"repeat","background-position":"center center","background-size":"auto","background-attachment":"scroll","background-type":"","background-media":"","overlay-type":"","overlay-color":"","overlay-opacity":"","overlay-gradient":""},"tablet":{"background-color":"var(--ast-global-color-5)","background-image":"","background-repeat":"repeat","background-position":"center center","background-size":"auto","background-attachment":"scroll","background-type":"","background-media":"","overlay-type":"","overlay-color":"","overlay-opacity":"","overlay-gradient":""},"mobile":{"background-color":"var(--ast-global-color-5)","background-image":"","background-repeat":"repeat","background-position":"center center","background-size":"auto","background-attachment":"scroll","background-type":"","background-media":"","overlay-type":"","overlay-color":"","overlay-opacity":"","overlay-gradient":""}}},"product_brand":[],"product_cat":[34225],"product_tag":[],"pa_brand_name":[],"class_list":{"0":"post-121029","1":"product","2":"type-product","3":"status-publish","4":"has-post-thumbnail","6":"product_cat-summer-tires-pv","7":"desktop-align-left","8":"tablet-align-left","9":"mobile-align-left","11":"first","12":"outofstock","13":"taxable","14":"shipping-taxable","15":"purchasable","16":"product-type-simple"},"_links":{"self":[{"href":"https:\/\/shop.rettum.ee\/en\/wp-json\/wp\/v2\/product\/121029","targetHints":{"allow":["GET"]}}],"collection":[{"href":"https:\/\/shop.rettum.ee\/en\/wp-json\/wp\/v2\/product"}],"about":[{"href":"https:\/\/shop.rettum.ee\/en\/wp-json\/wp\/v2\/types\/product"}],"version-history":[{"count":1,"href":"https:\/\/shop.rettum.ee\/en\/wp-json\/wp\/v2\/product\/121029\/revisions"}],"predecessor-version":[{"id":125565,"href":"https:\/\/shop.rettum.ee\/en\/wp-json\/wp\/v2\/product\/121029\/revisions\/125565"}],"wp:featuredmedia":[{"embeddable":true,"href":"https:\/\/shop.rettum.ee\/en\/wp-json\/wp\/v2\/media\/124217"}],"wp:attachment":[{"href":"https:\/\/shop.rettum.ee\/en\/wp-json\/wp\/v2\/media?parent=121029"}],"wp:term":[{"taxonomy":"product_brand","embeddable":true,"href":"https:\/\/shop.rettum.ee\/en\/wp-json\/wp\/v2\/product_brand?post=121029"},{"taxonomy":"product_cat","embeddable":true,"href":"https:\/\/shop.rettum.ee\/en\/wp-json\/wp\/v2\/product_cat?post=121029"},{"taxonomy":"product_tag","embeddable":true,"href":"https:\/\/shop.rettum.ee\/en\/wp-json\/wp\/v2\/product_tag?post=121029"},{"taxonomy":"pa_brand_name","embeddable":true,"href":"https:\/\/shop.rettum.ee\/en\/wp-json\/wp\/v2\/pa_brand_name?post=121029"}],"curies":[{"name":"wp","href":"https:\/\/api.w.org\/{rel}","templated":true}]}}