{"id":121030,"date":"2025-03-31T03:09:21","date_gmt":"2025-03-31T00:09:21","guid":{"rendered":"https:\/\/shop.rettum.ee\/toode\/275-40r21-continental-premiumcontact-6-107v-xl-vol-bab73\/"},"modified":"2026-03-24T02:47:32","modified_gmt":"2026-03-24T00:47:32","slug":"275-40r21-continental-premiumcontact-6-107v-xl-vol-bab73","status":"publish","type":"product","link":"https:\/\/shop.rettum.ee\/en\/product\/275-40r21-continental-premiumcontact-6-107v-xl-vol-bab73\/","title":{"rendered":"275\/40R21 CONTINENTAL PREMIUMCONTACT 6 107V XL VOL BAB73"},"content":{"rendered":"<p>275\/40R21 Continental Premiumcontact 6 107V XL VOL BAB73 on tipptasemel rehv, mis on loodud sportlikele ja luksusautodele, pakkudes erakordset juhitavust ja ohutust igas s\u00f5idutingimuses. Selle innovaatiline mustri disain ja optimeeritud kummisegu tagavad suurep\u00e4rase haardumise nii kuivadel kui m\u00e4rgadel teedel, v\u00e4hendades samas veeretakistust ja parandades k\u00fctuses\u00e4\u00e4stlikkust.<\/p>\n<p>Rehvi 107 koormusindeks ja V kiirusindeks kinnitavad selle v\u00f5imet taluda suuremaid koormusi ning s\u00e4ilitada stabiilsust isegi k\u00f5rgetel kiirustel. XL m\u00e4rgis lisab t\u00e4iendava koormustaluvuse, muutes selle ideaalseks valikuks n\u00f5udlikele s\u00f5idutingimustele ja kiiretele kurvidele.<\/p>\n<p>Continental Premiumcontact 6 rehvid on tuntud oma tipptasemel disaini ja tehnoloogiliste uuenduste poolest, mis tagavad maksimaalse turvalisuse ning kindla s\u00f5idukogemuse. Valides selle rehvi, investeerid Sa usaldusv\u00e4\u00e4rsusse, innovatsiooni ja suurep\u00e4rasesse teepidamisse, mis muudab iga s\u00f5idu nauditavaks ja muretuks.<\/p>","protected":false},"excerpt":{"rendered":"<p>275\/40R21 Continental Premiumcontact 6 107V XL VOL BAB73 on tipptasemel rehv, mis on loodud sportlikele ja luksusautodele, pakkudes erakordset juhitavust ja ohutust igas s\u00f5idutingimuses. Selle innovaatiline mustri disain ja optimeeritud kummisegu tagavad suurep\u00e4rase haardumise nii kuivadel kui m\u00e4rgadel teedel, v\u00e4hendades samas veeretakistust ja parandades k\u00fctuses\u00e4\u00e4stlikkust. Rehvi 107 koormusindeks ja V kiirusindeks kinnitavad selle v\u00f5imet taluda [&hellip;]<\/p>\n","protected":false},"featured_media":124217,"template":"","meta":{"site-sidebar-layout":"default","site-content-layout":"","ast-site-content-layout":"","site-content-style":"default","site-sidebar-style":"default","ast-global-header-display":"","ast-banner-title-visibility":"","ast-main-header-display":"","ast-hfb-above-header-display":"","ast-hfb-below-header-display":"","ast-hfb-mobile-header-display":"","site-post-title":"","ast-breadcrumbs-content":"","ast-featured-img":"","footer-sml-layout":"","theme-transparent-header-meta":"","adv-header-id-meta":"","stick-header-meta":"","header-above-stick-meta":"","header-main-stick-meta":"","header-below-stick-meta":"","astra-migrate-meta-layouts":"default","ast-page-background-enabled":"default","ast-page-background-meta":{"desktop":{"background-color":"","background-image":"","background-repeat":"repeat","background-position":"center center","background-size":"auto","background-attachment":"scroll","background-type":"","background-media":"","overlay-type":"","overlay-color":"","overlay-opacity":"","overlay-gradient":""},"tablet":{"background-color":"","background-image":"","background-repeat":"repeat","background-position":"center center","background-size":"auto","background-attachment":"scroll","background-type":"","background-media":"","overlay-type":"","overlay-color":"","overlay-opacity":"","overlay-gradient":""},"mobile":{"background-color":"","background-image":"","background-repeat":"repeat","background-position":"center center","background-size":"auto","background-attachment":"scroll","background-type":"","background-media":"","overlay-type":"","overlay-color":"","overlay-opacity":"","overlay-gradient":""}},"ast-content-background-meta":{"desktop":{"background-color":"var(--ast-global-color-5)","background-image":"","background-repeat":"repeat","background-position":"center center","background-size":"auto","background-attachment":"scroll","background-type":"","background-media":"","overlay-type":"","overlay-color":"","overlay-opacity":"","overlay-gradient":""},"tablet":{"background-color":"var(--ast-global-color-5)","background-image":"","background-repeat":"repeat","background-position":"center center","background-size":"auto","background-attachment":"scroll","background-type":"","background-media":"","overlay-type":"","overlay-color":"","overlay-opacity":"","overlay-gradient":""},"mobile":{"background-color":"var(--ast-global-color-5)","background-image":"","background-repeat":"repeat","background-position":"center center","background-size":"auto","background-attachment":"scroll","background-type":"","background-media":"","overlay-type":"","overlay-color":"","overlay-opacity":"","overlay-gradient":""}}},"product_brand":[],"product_cat":[34225],"product_tag":[],"pa_brand_name":[25035],"class_list":{"0":"post-121030","1":"product","2":"type-product","3":"status-publish","4":"has-post-thumbnail","6":"product_cat-summer-tires-pv","7":"pa_brand_name-continental","8":"desktop-align-left","9":"tablet-align-left","10":"mobile-align-left","12":"first","13":"outofstock","14":"taxable","15":"shipping-taxable","16":"purchasable","17":"product-type-simple"},"_links":{"self":[{"href":"https:\/\/shop.rettum.ee\/en\/wp-json\/wp\/v2\/product\/121030","targetHints":{"allow":["GET"]}}],"collection":[{"href":"https:\/\/shop.rettum.ee\/en\/wp-json\/wp\/v2\/product"}],"about":[{"href":"https:\/\/shop.rettum.ee\/en\/wp-json\/wp\/v2\/types\/product"}],"version-history":[{"count":1,"href":"https:\/\/shop.rettum.ee\/en\/wp-json\/wp\/v2\/product\/121030\/revisions"}],"predecessor-version":[{"id":125566,"href":"https:\/\/shop.rettum.ee\/en\/wp-json\/wp\/v2\/product\/121030\/revisions\/125566"}],"wp:featuredmedia":[{"embeddable":true,"href":"https:\/\/shop.rettum.ee\/en\/wp-json\/wp\/v2\/media\/124217"}],"wp:attachment":[{"href":"https:\/\/shop.rettum.ee\/en\/wp-json\/wp\/v2\/media?parent=121030"}],"wp:term":[{"taxonomy":"product_brand","embeddable":true,"href":"https:\/\/shop.rettum.ee\/en\/wp-json\/wp\/v2\/product_brand?post=121030"},{"taxonomy":"product_cat","embeddable":true,"href":"https:\/\/shop.rettum.ee\/en\/wp-json\/wp\/v2\/product_cat?post=121030"},{"taxonomy":"product_tag","embeddable":true,"href":"https:\/\/shop.rettum.ee\/en\/wp-json\/wp\/v2\/product_tag?post=121030"},{"taxonomy":"pa_brand_name","embeddable":true,"href":"https:\/\/shop.rettum.ee\/en\/wp-json\/wp\/v2\/pa_brand_name?post=121030"}],"curies":[{"name":"wp","href":"https:\/\/api.w.org\/{rel}","templated":true}]}}