{"id":121031,"date":"2025-03-31T03:09:22","date_gmt":"2025-03-31T00:09:22","guid":{"rendered":"https:\/\/shop.rettum.ee\/toode\/275-40r21-continental-premiumcontact-6-107y-xl-runflat-bbb73\/"},"modified":"2026-03-22T03:07:01","modified_gmt":"2026-03-22T01:07:01","slug":"275-40r21-continental-premiumcontact-6-107y-xl-runflat-bbb73","status":"publish","type":"product","link":"https:\/\/shop.rettum.ee\/en\/product\/275-40r21-continental-premiumcontact-6-107y-xl-runflat-bbb73\/","title":{"rendered":"275\/40R21 CONTINENTAL PREMIUMCONTACT 6 107Y XL RunFlat (*) BBB73"},"content":{"rendered":"<p>275\/40R21 CONTINENTAL PREMIUMCONTACT 6 107Y XL RunFlat (*) BBB73 on tipptasemel rehv, mis on loodud n\u00f5udlikule sportlikule ning luksuslikule s\u00f5idustiilile. Selle refraktiivne disain ja optimeeritud mustriga pinnakate tagavad kindla haardumise nii kuivadel kui ka m\u00e4rgadel teedel, pakkudes s\u00f5itjatele meelerahu ja maksimaalset kontrolli igas olukorras.  <\/p>\n<p>Rehvi m\u00f5\u00f5tmed ja spetsifikatsioonid (kuivat\u00e4psus 275, profiil 40 ja 21-tolline velg) tagavad suurep\u00e4rase sideme teega, v\u00f5imaldades sportlikul s\u00f5idukil saavutada stabiilsust ja t\u00e4psust isegi k\u00f5rgetel kiirustel. XL-tasemel koormus ja kiirusklass Y (sobib kuni 300 km\/h s\u00f5itmiseks) annavad kindlustunde ka karmimates s\u00f5iduoludes.  <\/p>\n<p>Unikaalne RunFlat tehnoloogia v\u00f5imaldab s\u00f5idukil j\u00e4tkata liikumist isegi \u00f5hkvaeguse korral, pakkudes turvalist distal\u00f5hna kuni l\u00e4hima remondi v\u00f5i asendusseadme leidmiseni. BBB73 kood s\u00fcmboliseerib tootmiskvaliteeti, mida Continental on tuntud \u00fclemaailmselt.  <\/p>\n<p>Continental PremiumCONTACT 6 on ideaalne valik neile, kes hindavad ohutust, j\u00f5udlust ja tipptasemel s\u00f5idumugavust.<\/p>","protected":false},"excerpt":{"rendered":"<p>275\/40R21 CONTINENTAL PREMIUMCONTACT 6 107Y XL RunFlat (*) BBB73 on tipptasemel rehv, mis on loodud n\u00f5udlikule sportlikule ning luksuslikule s\u00f5idustiilile. Selle refraktiivne disain ja optimeeritud mustriga pinnakate tagavad kindla haardumise nii kuivadel kui ka m\u00e4rgadel teedel, pakkudes s\u00f5itjatele meelerahu ja maksimaalset kontrolli igas olukorras. Rehvi m\u00f5\u00f5tmed ja spetsifikatsioonid (kuivat\u00e4psus 275, profiil 40 ja 21-tolline velg) [&hellip;]<\/p>\n","protected":false},"featured_media":124217,"template":"","meta":{"site-sidebar-layout":"default","site-content-layout":"","ast-site-content-layout":"","site-content-style":"default","site-sidebar-style":"default","ast-global-header-display":"","ast-banner-title-visibility":"","ast-main-header-display":"","ast-hfb-above-header-display":"","ast-hfb-below-header-display":"","ast-hfb-mobile-header-display":"","site-post-title":"","ast-breadcrumbs-content":"","ast-featured-img":"","footer-sml-layout":"","theme-transparent-header-meta":"","adv-header-id-meta":"","stick-header-meta":"","header-above-stick-meta":"","header-main-stick-meta":"","header-below-stick-meta":"","astra-migrate-meta-layouts":"default","ast-page-background-enabled":"default","ast-page-background-meta":{"desktop":{"background-color":"","background-image":"","background-repeat":"repeat","background-position":"center center","background-size":"auto","background-attachment":"scroll","background-type":"","background-media":"","overlay-type":"","overlay-color":"","overlay-opacity":"","overlay-gradient":""},"tablet":{"background-color":"","background-image":"","background-repeat":"repeat","background-position":"center center","background-size":"auto","background-attachment":"scroll","background-type":"","background-media":"","overlay-type":"","overlay-color":"","overlay-opacity":"","overlay-gradient":""},"mobile":{"background-color":"","background-image":"","background-repeat":"repeat","background-position":"center center","background-size":"auto","background-attachment":"scroll","background-type":"","background-media":"","overlay-type":"","overlay-color":"","overlay-opacity":"","overlay-gradient":""}},"ast-content-background-meta":{"desktop":{"background-color":"var(--ast-global-color-5)","background-image":"","background-repeat":"repeat","background-position":"center center","background-size":"auto","background-attachment":"scroll","background-type":"","background-media":"","overlay-type":"","overlay-color":"","overlay-opacity":"","overlay-gradient":""},"tablet":{"background-color":"var(--ast-global-color-5)","background-image":"","background-repeat":"repeat","background-position":"center center","background-size":"auto","background-attachment":"scroll","background-type":"","background-media":"","overlay-type":"","overlay-color":"","overlay-opacity":"","overlay-gradient":""},"mobile":{"background-color":"var(--ast-global-color-5)","background-image":"","background-repeat":"repeat","background-position":"center center","background-size":"auto","background-attachment":"scroll","background-type":"","background-media":"","overlay-type":"","overlay-color":"","overlay-opacity":"","overlay-gradient":""}}},"product_brand":[],"product_cat":[34225],"product_tag":[],"pa_brand_name":[25035],"class_list":{"0":"post-121031","1":"product","2":"type-product","3":"status-publish","4":"has-post-thumbnail","6":"product_cat-summer-tires-pv","7":"pa_brand_name-continental","8":"desktop-align-left","9":"tablet-align-left","10":"mobile-align-left","12":"first","13":"outofstock","14":"taxable","15":"shipping-taxable","16":"purchasable","17":"product-type-simple"},"_links":{"self":[{"href":"https:\/\/shop.rettum.ee\/en\/wp-json\/wp\/v2\/product\/121031","targetHints":{"allow":["GET"]}}],"collection":[{"href":"https:\/\/shop.rettum.ee\/en\/wp-json\/wp\/v2\/product"}],"about":[{"href":"https:\/\/shop.rettum.ee\/en\/wp-json\/wp\/v2\/types\/product"}],"version-history":[{"count":1,"href":"https:\/\/shop.rettum.ee\/en\/wp-json\/wp\/v2\/product\/121031\/revisions"}],"predecessor-version":[{"id":125564,"href":"https:\/\/shop.rettum.ee\/en\/wp-json\/wp\/v2\/product\/121031\/revisions\/125564"}],"wp:featuredmedia":[{"embeddable":true,"href":"https:\/\/shop.rettum.ee\/en\/wp-json\/wp\/v2\/media\/124217"}],"wp:attachment":[{"href":"https:\/\/shop.rettum.ee\/en\/wp-json\/wp\/v2\/media?parent=121031"}],"wp:term":[{"taxonomy":"product_brand","embeddable":true,"href":"https:\/\/shop.rettum.ee\/en\/wp-json\/wp\/v2\/product_brand?post=121031"},{"taxonomy":"product_cat","embeddable":true,"href":"https:\/\/shop.rettum.ee\/en\/wp-json\/wp\/v2\/product_cat?post=121031"},{"taxonomy":"product_tag","embeddable":true,"href":"https:\/\/shop.rettum.ee\/en\/wp-json\/wp\/v2\/product_tag?post=121031"},{"taxonomy":"pa_brand_name","embeddable":true,"href":"https:\/\/shop.rettum.ee\/en\/wp-json\/wp\/v2\/pa_brand_name?post=121031"}],"curies":[{"name":"wp","href":"https:\/\/api.w.org\/{rel}","templated":true}]}}