{"id":121032,"date":"2025-03-31T03:09:23","date_gmt":"2025-03-31T00:09:23","guid":{"rendered":"https:\/\/shop.rettum.ee\/toode\/275-45r21-continental-sportcontact-6-107y-mo-fr-bab72\/"},"modified":"2026-03-28T02:45:24","modified_gmt":"2026-03-28T00:45:24","slug":"275-45r21-continental-sportcontact-6-107y-mo-fr-bab72","status":"publish","type":"product","link":"https:\/\/shop.rettum.ee\/en\/product\/275-45r21-continental-sportcontact-6-107y-mo-fr-bab72\/","title":{"rendered":"275\/45R21 CONTINENTAL SPORTCONTACT 6 107Y MO FR BAB72"},"content":{"rendered":"<p>Tutvustame uhiuue Continental SportContact 6 rehvi m\u00f5\u00f5tmetega 275\/45R21, mis on loodud n\u00f5udlikele s\u00f5itjatele ja sportautode entusiastidele. See rehvimudel \u00fcletab ootusi nii kuivadel kui ka m\u00e4rgadel teedel, pakkudes usaldusv\u00e4\u00e4rset haardumist ja t\u00e4pset s\u00f5iduomadust isegi k\u00f5rge kiirusega. 107Y klassi koormusindeks tagab, et rehvid taluvad suuri koormusi ning on sobivad ka intensiivseks s\u00f5iduks, pakkudes suurep\u00e4rast stabiilsust ja kindlat pidamist kurvides.<\/p>\n<p>Continental SportContact 6 keskendub kvaliteedile ja innovatsioonile, v\u00f5imaldades s\u00f5idukil olla kindel igas olukorras. Selle disain on optimeeritud energiat\u00f5husaks s\u00f5iduks, aidates v\u00e4hendada k\u00fctusekulu ja pakkudes samal ajal suurep\u00e4rast reageerimisv\u00f5imet ning juhitavust. Rehvi valmistamisel kasutatud kaasaegsed tehnoloogiad ja materjalid tagavad pikaajalise vastupidavuse ja usaldusv\u00e4\u00e4rsuse, muutes selle ideaalseks valikuks nii sportautode omanikele kui ka neile, kes hindavad ohutut ja nauditavat s\u00f5idukogemust.<\/p>\n<p>Vali Continental SportContact 6 \u2013 rehvid, mis toovad sinu s\u00f5idule t\u00e4iendavat j\u00f5udlust, turvalisust ja stiili.<\/p>","protected":false},"excerpt":{"rendered":"<p>Tutvustame uhiuue Continental SportContact 6 rehvi m\u00f5\u00f5tmetega 275\/45R21, mis on loodud n\u00f5udlikele s\u00f5itjatele ja sportautode entusiastidele. See rehvimudel \u00fcletab ootusi nii kuivadel kui ka m\u00e4rgadel teedel, pakkudes usaldusv\u00e4\u00e4rset haardumist ja t\u00e4pset s\u00f5iduomadust isegi k\u00f5rge kiirusega. 107Y klassi koormusindeks tagab, et rehvid taluvad suuri koormusi ning on sobivad ka intensiivseks s\u00f5iduks, pakkudes suurep\u00e4rast stabiilsust ja kindlat [&hellip;]<\/p>\n","protected":false},"featured_media":124866,"template":"","meta":{"site-sidebar-layout":"default","site-content-layout":"","ast-site-content-layout":"","site-content-style":"default","site-sidebar-style":"default","ast-global-header-display":"","ast-banner-title-visibility":"","ast-main-header-display":"","ast-hfb-above-header-display":"","ast-hfb-below-header-display":"","ast-hfb-mobile-header-display":"","site-post-title":"","ast-breadcrumbs-content":"","ast-featured-img":"","footer-sml-layout":"","theme-transparent-header-meta":"","adv-header-id-meta":"","stick-header-meta":"","header-above-stick-meta":"","header-main-stick-meta":"","header-below-stick-meta":"","astra-migrate-meta-layouts":"default","ast-page-background-enabled":"default","ast-page-background-meta":{"desktop":{"background-color":"","background-image":"","background-repeat":"repeat","background-position":"center center","background-size":"auto","background-attachment":"scroll","background-type":"","background-media":"","overlay-type":"","overlay-color":"","overlay-opacity":"","overlay-gradient":""},"tablet":{"background-color":"","background-image":"","background-repeat":"repeat","background-position":"center center","background-size":"auto","background-attachment":"scroll","background-type":"","background-media":"","overlay-type":"","overlay-color":"","overlay-opacity":"","overlay-gradient":""},"mobile":{"background-color":"","background-image":"","background-repeat":"repeat","background-position":"center center","background-size":"auto","background-attachment":"scroll","background-type":"","background-media":"","overlay-type":"","overlay-color":"","overlay-opacity":"","overlay-gradient":""}},"ast-content-background-meta":{"desktop":{"background-color":"var(--ast-global-color-5)","background-image":"","background-repeat":"repeat","background-position":"center center","background-size":"auto","background-attachment":"scroll","background-type":"","background-media":"","overlay-type":"","overlay-color":"","overlay-opacity":"","overlay-gradient":""},"tablet":{"background-color":"var(--ast-global-color-5)","background-image":"","background-repeat":"repeat","background-position":"center center","background-size":"auto","background-attachment":"scroll","background-type":"","background-media":"","overlay-type":"","overlay-color":"","overlay-opacity":"","overlay-gradient":""},"mobile":{"background-color":"var(--ast-global-color-5)","background-image":"","background-repeat":"repeat","background-position":"center center","background-size":"auto","background-attachment":"scroll","background-type":"","background-media":"","overlay-type":"","overlay-color":"","overlay-opacity":"","overlay-gradient":""}}},"product_brand":[],"product_cat":[34225],"product_tag":[],"pa_brand_name":[25035],"class_list":{"0":"post-121032","1":"product","2":"type-product","3":"status-publish","4":"has-post-thumbnail","6":"product_cat-summer-tires-pv","7":"pa_brand_name-continental","8":"desktop-align-left","9":"tablet-align-left","10":"mobile-align-left","12":"first","13":"outofstock","14":"taxable","15":"shipping-taxable","16":"purchasable","17":"product-type-simple"},"_links":{"self":[{"href":"https:\/\/shop.rettum.ee\/en\/wp-json\/wp\/v2\/product\/121032","targetHints":{"allow":["GET"]}}],"collection":[{"href":"https:\/\/shop.rettum.ee\/en\/wp-json\/wp\/v2\/product"}],"about":[{"href":"https:\/\/shop.rettum.ee\/en\/wp-json\/wp\/v2\/types\/product"}],"version-history":[{"count":1,"href":"https:\/\/shop.rettum.ee\/en\/wp-json\/wp\/v2\/product\/121032\/revisions"}],"predecessor-version":[{"id":125563,"href":"https:\/\/shop.rettum.ee\/en\/wp-json\/wp\/v2\/product\/121032\/revisions\/125563"}],"wp:featuredmedia":[{"embeddable":true,"href":"https:\/\/shop.rettum.ee\/en\/wp-json\/wp\/v2\/media\/124866"}],"wp:attachment":[{"href":"https:\/\/shop.rettum.ee\/en\/wp-json\/wp\/v2\/media?parent=121032"}],"wp:term":[{"taxonomy":"product_brand","embeddable":true,"href":"https:\/\/shop.rettum.ee\/en\/wp-json\/wp\/v2\/product_brand?post=121032"},{"taxonomy":"product_cat","embeddable":true,"href":"https:\/\/shop.rettum.ee\/en\/wp-json\/wp\/v2\/product_cat?post=121032"},{"taxonomy":"product_tag","embeddable":true,"href":"https:\/\/shop.rettum.ee\/en\/wp-json\/wp\/v2\/product_tag?post=121032"},{"taxonomy":"pa_brand_name","embeddable":true,"href":"https:\/\/shop.rettum.ee\/en\/wp-json\/wp\/v2\/pa_brand_name?post=121032"}],"curies":[{"name":"wp","href":"https:\/\/api.w.org\/{rel}","templated":true}]}}