{"id":121034,"date":"2025-03-31T03:09:25","date_gmt":"2025-03-31T00:09:25","guid":{"rendered":"https:\/\/shop.rettum.ee\/toode\/285-40r21-continental-premiumcontact-6-109h-xl-ao-fr-cab73\/"},"modified":"2026-03-22T03:07:02","modified_gmt":"2026-03-22T01:07:02","slug":"285-40r21-continental-premiumcontact-6-109h-xl-ao-fr-cab73","status":"publish","type":"product","link":"https:\/\/shop.rettum.ee\/en\/product\/285-40r21-continental-premiumcontact-6-109h-xl-ao-fr-cab73\/","title":{"rendered":"285\/40R21 CONTINENTAL PREMIUMCONTACT 6 109H XL AO FR CAB73"},"content":{"rendered":"<p>Tutvu Continental PremiumContact 6 rehviv\u00f5imekusega m\u00f5\u00f5tmetes 285\/40R21, mis on loodud pakkuma erakordset s\u00f5idumugavust ja turvalisust. See XL-tasemega rehv tagab lisakoormuse suutlikkuse, v\u00f5imaldades s\u00f5ita kindlalt ka n\u00f5udlikes tingimustes. Continentali uuenduslik tehnoloogia ja kvaliteetne disain tagavad suurep\u00e4rase haarduvuse ning optimeeritud pidamisv\u00f5ime nii kuivadel kui m\u00e4rgadel teedel.<\/p>\n<p>Rehvi konstruktsioon on loodud pakkuma t\u00e4psust ja stabiilsust, mis toetab sportlikku s\u00f5iduomadust ja energeetiliselt t\u00f5husat l\u00e4bitungimist. Mitmek\u00fclgne PremiumContact 6 sobib ideaalselt neile, kes otsivad usaldusv\u00e4\u00e4rsust ja k\u00fctuses\u00e4\u00e4stlikkust ilma kompromissideta performantsi osas. Sobides ideaalselt nii igap\u00e4evaseks s\u00f5iduks kui ka n\u00f5udlikumatele teekavadele, annab see rehv lisandv\u00e4\u00e4rtust turvalise ja inspireeriva s\u00f5idukogemuse kaudu.<\/p>","protected":false},"excerpt":{"rendered":"<p>Tutvu Continental PremiumContact 6 rehviv\u00f5imekusega m\u00f5\u00f5tmetes 285\/40R21, mis on loodud pakkuma erakordset s\u00f5idumugavust ja turvalisust. See XL-tasemega rehv tagab lisakoormuse suutlikkuse, v\u00f5imaldades s\u00f5ita kindlalt ka n\u00f5udlikes tingimustes. Continentali uuenduslik tehnoloogia ja kvaliteetne disain tagavad suurep\u00e4rase haarduvuse ning optimeeritud pidamisv\u00f5ime nii kuivadel kui m\u00e4rgadel teedel. Rehvi konstruktsioon on loodud pakkuma t\u00e4psust ja stabiilsust, mis toetab sportlikku [&hellip;]<\/p>\n","protected":false},"featured_media":124217,"template":"","meta":{"site-sidebar-layout":"default","site-content-layout":"","ast-site-content-layout":"","site-content-style":"default","site-sidebar-style":"default","ast-global-header-display":"","ast-banner-title-visibility":"","ast-main-header-display":"","ast-hfb-above-header-display":"","ast-hfb-below-header-display":"","ast-hfb-mobile-header-display":"","site-post-title":"","ast-breadcrumbs-content":"","ast-featured-img":"","footer-sml-layout":"","theme-transparent-header-meta":"","adv-header-id-meta":"","stick-header-meta":"","header-above-stick-meta":"","header-main-stick-meta":"","header-below-stick-meta":"","astra-migrate-meta-layouts":"default","ast-page-background-enabled":"default","ast-page-background-meta":{"desktop":{"background-color":"","background-image":"","background-repeat":"repeat","background-position":"center center","background-size":"auto","background-attachment":"scroll","background-type":"","background-media":"","overlay-type":"","overlay-color":"","overlay-opacity":"","overlay-gradient":""},"tablet":{"background-color":"","background-image":"","background-repeat":"repeat","background-position":"center center","background-size":"auto","background-attachment":"scroll","background-type":"","background-media":"","overlay-type":"","overlay-color":"","overlay-opacity":"","overlay-gradient":""},"mobile":{"background-color":"","background-image":"","background-repeat":"repeat","background-position":"center center","background-size":"auto","background-attachment":"scroll","background-type":"","background-media":"","overlay-type":"","overlay-color":"","overlay-opacity":"","overlay-gradient":""}},"ast-content-background-meta":{"desktop":{"background-color":"var(--ast-global-color-5)","background-image":"","background-repeat":"repeat","background-position":"center center","background-size":"auto","background-attachment":"scroll","background-type":"","background-media":"","overlay-type":"","overlay-color":"","overlay-opacity":"","overlay-gradient":""},"tablet":{"background-color":"var(--ast-global-color-5)","background-image":"","background-repeat":"repeat","background-position":"center center","background-size":"auto","background-attachment":"scroll","background-type":"","background-media":"","overlay-type":"","overlay-color":"","overlay-opacity":"","overlay-gradient":""},"mobile":{"background-color":"var(--ast-global-color-5)","background-image":"","background-repeat":"repeat","background-position":"center center","background-size":"auto","background-attachment":"scroll","background-type":"","background-media":"","overlay-type":"","overlay-color":"","overlay-opacity":"","overlay-gradient":""}}},"product_brand":[],"product_cat":[34225],"product_tag":[],"pa_brand_name":[25035],"class_list":{"0":"post-121034","1":"product","2":"type-product","3":"status-publish","4":"has-post-thumbnail","6":"product_cat-summer-tires-pv","7":"pa_brand_name-continental","8":"desktop-align-left","9":"tablet-align-left","10":"mobile-align-left","12":"first","13":"outofstock","14":"taxable","15":"shipping-taxable","16":"purchasable","17":"product-type-simple"},"_links":{"self":[{"href":"https:\/\/shop.rettum.ee\/en\/wp-json\/wp\/v2\/product\/121034","targetHints":{"allow":["GET"]}}],"collection":[{"href":"https:\/\/shop.rettum.ee\/en\/wp-json\/wp\/v2\/product"}],"about":[{"href":"https:\/\/shop.rettum.ee\/en\/wp-json\/wp\/v2\/types\/product"}],"version-history":[{"count":1,"href":"https:\/\/shop.rettum.ee\/en\/wp-json\/wp\/v2\/product\/121034\/revisions"}],"predecessor-version":[{"id":125560,"href":"https:\/\/shop.rettum.ee\/en\/wp-json\/wp\/v2\/product\/121034\/revisions\/125560"}],"wp:featuredmedia":[{"embeddable":true,"href":"https:\/\/shop.rettum.ee\/en\/wp-json\/wp\/v2\/media\/124217"}],"wp:attachment":[{"href":"https:\/\/shop.rettum.ee\/en\/wp-json\/wp\/v2\/media?parent=121034"}],"wp:term":[{"taxonomy":"product_brand","embeddable":true,"href":"https:\/\/shop.rettum.ee\/en\/wp-json\/wp\/v2\/product_brand?post=121034"},{"taxonomy":"product_cat","embeddable":true,"href":"https:\/\/shop.rettum.ee\/en\/wp-json\/wp\/v2\/product_cat?post=121034"},{"taxonomy":"product_tag","embeddable":true,"href":"https:\/\/shop.rettum.ee\/en\/wp-json\/wp\/v2\/product_tag?post=121034"},{"taxonomy":"pa_brand_name","embeddable":true,"href":"https:\/\/shop.rettum.ee\/en\/wp-json\/wp\/v2\/pa_brand_name?post=121034"}],"curies":[{"name":"wp","href":"https:\/\/api.w.org\/{rel}","templated":true}]}}