{"id":121035,"date":"2025-03-31T03:09:25","date_gmt":"2025-03-31T00:09:25","guid":{"rendered":"https:\/\/shop.rettum.ee\/toode\/285-45r21-continental-sportcontact-5-113y-xl-seal-inside-fr-cab73\/"},"modified":"2026-03-22T03:07:02","modified_gmt":"2026-03-22T01:07:02","slug":"285-45r21-continental-sportcontact-5-113y-xl-seal-inside-fr-cab73","status":"publish","type":"product","link":"https:\/\/shop.rettum.ee\/en\/product\/285-45r21-continental-sportcontact-5-113y-xl-seal-inside-fr-cab73\/","title":{"rendered":"285\/45R21 CONTINENTAL SPORTCONTACT 5 113Y XL (*) Seal Inside FR CAB73"},"content":{"rendered":"<p>Continental SportContact 5 rehvid m\u00f5\u00f5dus 285\/45R21 on loodud pakendama tippklassilist juhitavust ja maksimaalset turvalisust sportlikele s\u00f5idukitele. Need XL-rehvid sobivad suure j\u00f5u ja kiirusn\u00f5udlikeks olukordadeks, pakkudes erakordset haarduvust nii m\u00e4rgal kui kuival teel. Seal Inside tehnoloogia tagab vajadusel rehvi automaatse lekkevabastuse, mis aitab v\u00e4ltida ootamatuid survet\u00f5ususid ja s\u00e4ilitada s\u00f5iduki stabiilsuse ning ohutuse ka \u00e4kiliste vigastusolukordade korral.<\/p>\n<p>Rehvi tugev markatsioon 113Y lubab k\u00f5rgeid s\u00f5idukiirusi, muutes need ideaalseks valikuks soojaks hooajaks ja sportlikuks s\u00f5idukogemuseks. FR CAB73 tehnoloogilised lahendused r\u00f5hutavad rehvi disaini ja konstruktsioonilist vastupidavust, mis tagavad pikema eluea ka karmimates s\u00f5idutingimustes. <\/p>\n<p>Valides Continental SportContact 5 rehvi, valite tipptasemel kvaliteedi, t\u00e4psuse ja usaldusv\u00e4\u00e4rse s\u00f5idu, mis vastab nii tavalistele kui ka k\u00f5rgema j\u00f5udlusega s\u00f5idudele, pakkudes optimaalseid tulemusi igas olukorras.<\/p>","protected":false},"excerpt":{"rendered":"<p>Continental SportContact 5 rehvid m\u00f5\u00f5dus 285\/45R21 on loodud pakendama tippklassilist juhitavust ja maksimaalset turvalisust sportlikele s\u00f5idukitele. Need XL-rehvid sobivad suure j\u00f5u ja kiirusn\u00f5udlikeks olukordadeks, pakkudes erakordset haarduvust nii m\u00e4rgal kui kuival teel. Seal Inside tehnoloogia tagab vajadusel rehvi automaatse lekkevabastuse, mis aitab v\u00e4ltida ootamatuid survet\u00f5ususid ja s\u00e4ilitada s\u00f5iduki stabiilsuse ning ohutuse ka \u00e4kiliste vigastusolukordade korral. [&hellip;]<\/p>\n","protected":false},"featured_media":122715,"template":"","meta":{"site-sidebar-layout":"default","site-content-layout":"","ast-site-content-layout":"","site-content-style":"default","site-sidebar-style":"default","ast-global-header-display":"","ast-banner-title-visibility":"","ast-main-header-display":"","ast-hfb-above-header-display":"","ast-hfb-below-header-display":"","ast-hfb-mobile-header-display":"","site-post-title":"","ast-breadcrumbs-content":"","ast-featured-img":"","footer-sml-layout":"","theme-transparent-header-meta":"","adv-header-id-meta":"","stick-header-meta":"","header-above-stick-meta":"","header-main-stick-meta":"","header-below-stick-meta":"","astra-migrate-meta-layouts":"default","ast-page-background-enabled":"default","ast-page-background-meta":{"desktop":{"background-color":"","background-image":"","background-repeat":"repeat","background-position":"center center","background-size":"auto","background-attachment":"scroll","background-type":"","background-media":"","overlay-type":"","overlay-color":"","overlay-opacity":"","overlay-gradient":""},"tablet":{"background-color":"","background-image":"","background-repeat":"repeat","background-position":"center center","background-size":"auto","background-attachment":"scroll","background-type":"","background-media":"","overlay-type":"","overlay-color":"","overlay-opacity":"","overlay-gradient":""},"mobile":{"background-color":"","background-image":"","background-repeat":"repeat","background-position":"center center","background-size":"auto","background-attachment":"scroll","background-type":"","background-media":"","overlay-type":"","overlay-color":"","overlay-opacity":"","overlay-gradient":""}},"ast-content-background-meta":{"desktop":{"background-color":"var(--ast-global-color-5)","background-image":"","background-repeat":"repeat","background-position":"center center","background-size":"auto","background-attachment":"scroll","background-type":"","background-media":"","overlay-type":"","overlay-color":"","overlay-opacity":"","overlay-gradient":""},"tablet":{"background-color":"var(--ast-global-color-5)","background-image":"","background-repeat":"repeat","background-position":"center center","background-size":"auto","background-attachment":"scroll","background-type":"","background-media":"","overlay-type":"","overlay-color":"","overlay-opacity":"","overlay-gradient":""},"mobile":{"background-color":"var(--ast-global-color-5)","background-image":"","background-repeat":"repeat","background-position":"center center","background-size":"auto","background-attachment":"scroll","background-type":"","background-media":"","overlay-type":"","overlay-color":"","overlay-opacity":"","overlay-gradient":""}}},"product_brand":[],"product_cat":[34225],"product_tag":[],"pa_brand_name":[25035],"class_list":{"0":"post-121035","1":"product","2":"type-product","3":"status-publish","4":"has-post-thumbnail","6":"product_cat-summer-tires-pv","7":"pa_brand_name-continental","8":"desktop-align-left","9":"tablet-align-left","10":"mobile-align-left","12":"first","13":"outofstock","14":"taxable","15":"shipping-taxable","16":"purchasable","17":"product-type-simple"},"_links":{"self":[{"href":"https:\/\/shop.rettum.ee\/en\/wp-json\/wp\/v2\/product\/121035","targetHints":{"allow":["GET"]}}],"collection":[{"href":"https:\/\/shop.rettum.ee\/en\/wp-json\/wp\/v2\/product"}],"about":[{"href":"https:\/\/shop.rettum.ee\/en\/wp-json\/wp\/v2\/types\/product"}],"version-history":[{"count":1,"href":"https:\/\/shop.rettum.ee\/en\/wp-json\/wp\/v2\/product\/121035\/revisions"}],"predecessor-version":[{"id":125561,"href":"https:\/\/shop.rettum.ee\/en\/wp-json\/wp\/v2\/product\/121035\/revisions\/125561"}],"wp:featuredmedia":[{"embeddable":true,"href":"https:\/\/shop.rettum.ee\/en\/wp-json\/wp\/v2\/media\/122715"}],"wp:attachment":[{"href":"https:\/\/shop.rettum.ee\/en\/wp-json\/wp\/v2\/media?parent=121035"}],"wp:term":[{"taxonomy":"product_brand","embeddable":true,"href":"https:\/\/shop.rettum.ee\/en\/wp-json\/wp\/v2\/product_brand?post=121035"},{"taxonomy":"product_cat","embeddable":true,"href":"https:\/\/shop.rettum.ee\/en\/wp-json\/wp\/v2\/product_cat?post=121035"},{"taxonomy":"product_tag","embeddable":true,"href":"https:\/\/shop.rettum.ee\/en\/wp-json\/wp\/v2\/product_tag?post=121035"},{"taxonomy":"pa_brand_name","embeddable":true,"href":"https:\/\/shop.rettum.ee\/en\/wp-json\/wp\/v2\/pa_brand_name?post=121035"}],"curies":[{"name":"wp","href":"https:\/\/api.w.org\/{rel}","templated":true}]}}