{"id":121037,"date":"2025-03-31T03:09:27","date_gmt":"2025-03-31T00:09:27","guid":{"rendered":"https:\/\/shop.rettum.ee\/toode\/295-35r21-continental-sportcontact-5-103y-n0-fr-cab74\/"},"modified":"2026-03-25T02:47:21","modified_gmt":"2026-03-25T00:47:21","slug":"295-35r21-continental-sportcontact-5-103y-n0-fr-cab74","status":"publish","type":"product","link":"https:\/\/shop.rettum.ee\/en\/product\/295-35r21-continental-sportcontact-5-103y-n0-fr-cab74\/","title":{"rendered":"295\/35R21 CONTINENTAL SPORTCONTACT 5 103Y N0 FR CAB74"},"content":{"rendered":"<p>Tutvustame Continental SPORTCONTACT 5 rehvi m\u00f5\u00f5tmetega 295\/35R21 \u2013 ideaalne lahendus sportlike s\u00f5iduomadustega autodele. See tippklassi rehv pakub erakordset haarduvust nii kuival kui m\u00e4rja teekatte peal, tagades turvalise ja kindla s\u00f5idu igas olukorras. Sportcontact 5 on disainitud maksimaalse stabiilsuse ja t\u00e4pse juhtitavuse saavutamiseks, v\u00f5imaldades juhil nautida sportliku s\u00f5iduki t\u00e4ielikku potentsiaali.<\/p>\n<p>Rehvi konstruktsioon on optimeeritud v\u00e4hendama veeretakistust ning parandama k\u00fctuses\u00e4\u00e4stlikkust, s\u00e4ilitades samal ajal suurep\u00e4rased pidamisomadused ja sujuva veoj\u00f5u \u00fclemineku. 103Y koormusindeks ja kiirusklass tagavad, et rehv vastab k\u00f5rgeimatele n\u00f5uetele ning sobib ideaalselt kiireteks, n\u00f5udlikeks s\u00f5idutingimusteks.<\/p>\n<p>Continental SPORTCONTACT 5 rehvid on loodud pakkuma maksimaalset \u00fchendust teega ning stabiilsust ka ekstreemsetes olukordades. Investeeri kvaliteeti ja ohutusse, valida Continental \u2013 br\u00e4nd, mis on tuntud oma usaldusv\u00e4\u00e4rsuse ja innovaatiliste lahenduste poolest.<\/p>","protected":false},"excerpt":{"rendered":"<p>Tutvustame Continental SPORTCONTACT 5 rehvi m\u00f5\u00f5tmetega 295\/35R21 \u2013 ideaalne lahendus sportlike s\u00f5iduomadustega autodele. See tippklassi rehv pakub erakordset haarduvust nii kuival kui m\u00e4rja teekatte peal, tagades turvalise ja kindla s\u00f5idu igas olukorras. Sportcontact 5 on disainitud maksimaalse stabiilsuse ja t\u00e4pse juhtitavuse saavutamiseks, v\u00f5imaldades juhil nautida sportliku s\u00f5iduki t\u00e4ielikku potentsiaali. Rehvi konstruktsioon on optimeeritud v\u00e4hendama veeretakistust [&hellip;]<\/p>\n","protected":false},"featured_media":122715,"template":"","meta":{"site-sidebar-layout":"default","site-content-layout":"","ast-site-content-layout":"","site-content-style":"default","site-sidebar-style":"default","ast-global-header-display":"","ast-banner-title-visibility":"","ast-main-header-display":"","ast-hfb-above-header-display":"","ast-hfb-below-header-display":"","ast-hfb-mobile-header-display":"","site-post-title":"","ast-breadcrumbs-content":"","ast-featured-img":"","footer-sml-layout":"","theme-transparent-header-meta":"","adv-header-id-meta":"","stick-header-meta":"","header-above-stick-meta":"","header-main-stick-meta":"","header-below-stick-meta":"","astra-migrate-meta-layouts":"default","ast-page-background-enabled":"default","ast-page-background-meta":{"desktop":{"background-color":"","background-image":"","background-repeat":"repeat","background-position":"center center","background-size":"auto","background-attachment":"scroll","background-type":"","background-media":"","overlay-type":"","overlay-color":"","overlay-opacity":"","overlay-gradient":""},"tablet":{"background-color":"","background-image":"","background-repeat":"repeat","background-position":"center center","background-size":"auto","background-attachment":"scroll","background-type":"","background-media":"","overlay-type":"","overlay-color":"","overlay-opacity":"","overlay-gradient":""},"mobile":{"background-color":"","background-image":"","background-repeat":"repeat","background-position":"center center","background-size":"auto","background-attachment":"scroll","background-type":"","background-media":"","overlay-type":"","overlay-color":"","overlay-opacity":"","overlay-gradient":""}},"ast-content-background-meta":{"desktop":{"background-color":"var(--ast-global-color-5)","background-image":"","background-repeat":"repeat","background-position":"center center","background-size":"auto","background-attachment":"scroll","background-type":"","background-media":"","overlay-type":"","overlay-color":"","overlay-opacity":"","overlay-gradient":""},"tablet":{"background-color":"var(--ast-global-color-5)","background-image":"","background-repeat":"repeat","background-position":"center center","background-size":"auto","background-attachment":"scroll","background-type":"","background-media":"","overlay-type":"","overlay-color":"","overlay-opacity":"","overlay-gradient":""},"mobile":{"background-color":"var(--ast-global-color-5)","background-image":"","background-repeat":"repeat","background-position":"center center","background-size":"auto","background-attachment":"scroll","background-type":"","background-media":"","overlay-type":"","overlay-color":"","overlay-opacity":"","overlay-gradient":""}}},"product_brand":[],"product_cat":[34225],"product_tag":[],"pa_brand_name":[25035],"class_list":{"0":"post-121037","1":"product","2":"type-product","3":"status-publish","4":"has-post-thumbnail","6":"product_cat-summer-tires-pv","7":"pa_brand_name-continental","8":"desktop-align-left","9":"tablet-align-left","10":"mobile-align-left","12":"first","13":"instock","14":"taxable","15":"shipping-taxable","16":"purchasable","17":"product-type-simple"},"_links":{"self":[{"href":"https:\/\/shop.rettum.ee\/en\/wp-json\/wp\/v2\/product\/121037","targetHints":{"allow":["GET"]}}],"collection":[{"href":"https:\/\/shop.rettum.ee\/en\/wp-json\/wp\/v2\/product"}],"about":[{"href":"https:\/\/shop.rettum.ee\/en\/wp-json\/wp\/v2\/types\/product"}],"version-history":[{"count":1,"href":"https:\/\/shop.rettum.ee\/en\/wp-json\/wp\/v2\/product\/121037\/revisions"}],"predecessor-version":[{"id":125557,"href":"https:\/\/shop.rettum.ee\/en\/wp-json\/wp\/v2\/product\/121037\/revisions\/125557"}],"wp:featuredmedia":[{"embeddable":true,"href":"https:\/\/shop.rettum.ee\/en\/wp-json\/wp\/v2\/media\/122715"}],"wp:attachment":[{"href":"https:\/\/shop.rettum.ee\/en\/wp-json\/wp\/v2\/media?parent=121037"}],"wp:term":[{"taxonomy":"product_brand","embeddable":true,"href":"https:\/\/shop.rettum.ee\/en\/wp-json\/wp\/v2\/product_brand?post=121037"},{"taxonomy":"product_cat","embeddable":true,"href":"https:\/\/shop.rettum.ee\/en\/wp-json\/wp\/v2\/product_cat?post=121037"},{"taxonomy":"product_tag","embeddable":true,"href":"https:\/\/shop.rettum.ee\/en\/wp-json\/wp\/v2\/product_tag?post=121037"},{"taxonomy":"pa_brand_name","embeddable":true,"href":"https:\/\/shop.rettum.ee\/en\/wp-json\/wp\/v2\/pa_brand_name?post=121037"}],"curies":[{"name":"wp","href":"https:\/\/api.w.org\/{rel}","templated":true}]}}