{"id":121038,"date":"2025-03-31T03:09:27","date_gmt":"2025-03-31T00:09:27","guid":{"rendered":"https:\/\/shop.rettum.ee\/toode\/295-40r21-continental-sportcontact-6-111y-xl-ne0-fr-cbb75\/"},"modified":"2026-03-22T03:07:03","modified_gmt":"2026-03-22T01:07:03","slug":"295-40r21-continental-sportcontact-6-111y-xl-ne0-fr-cbb75","status":"publish","type":"product","link":"https:\/\/shop.rettum.ee\/en\/product\/295-40r21-continental-sportcontact-6-111y-xl-ne0-fr-cbb75\/","title":{"rendered":"295\/40R21 CONTINENTAL SPORTCONTACT 6 111Y XL NE0 FR CBB75"},"content":{"rendered":"<p>Tutvustame 295\/40R21 CONTINENTAL SPORTCONTACT 6 \u2013 sportautorehvi, mis \u00fchendab tipptasemel j\u00f5udluse ja ohutuse. See rehv on loodud neile, kes hindavad erakordset juhitavust ja k\u00f5rget stabiilsust nii kuivadel kui ka m\u00e4rgadel teedel. 295 mm laius ja 40% profiil tagavad suurep\u00e4rase kontaktala ning kindla haarde, v\u00f5imaldades t\u00e4pseid kurviv\u00f5tteid ja l\u00fchikesi pidurdusteid. <\/p>\n<p>Rehvi 21-tolline velg sobib ideaalselt kaasaegsete sportauto stiilsete disainidega, pakkudes lisaks ka suuremat teekindlust ja d\u00fcnaamilist s\u00f5idukogemust. 111Y kiirusj\u00e4rgiga ja XL koormusindeksiga mudel on konstrueeritud, et taluda \u00e4\u00e4rmuslikke s\u00f5iduolusid ning tagada reeglina maksimaalne turvalisus. <\/p>\n<p>Continental SportContact 6 on optimeeritud pakkuma minimaalset veoteed ja energiat\u00f5husust, v\u00f5imaldades soodsat k\u00fctusekulu. See on usaldusv\u00e4\u00e4rne valik neile, kes soovivad nautida sportlikku s\u00f5idukogemust ilma kompromissideta ohutuse osas. Valige Continental \u2013 valige tipptase teel\u00f5u s\u00f5idudeks.<\/p>","protected":false},"excerpt":{"rendered":"<p>Tutvustame 295\/40R21 CONTINENTAL SPORTCONTACT 6 \u2013 sportautorehvi, mis \u00fchendab tipptasemel j\u00f5udluse ja ohutuse. See rehv on loodud neile, kes hindavad erakordset juhitavust ja k\u00f5rget stabiilsust nii kuivadel kui ka m\u00e4rgadel teedel. 295 mm laius ja 40% profiil tagavad suurep\u00e4rase kontaktala ning kindla haarde, v\u00f5imaldades t\u00e4pseid kurviv\u00f5tteid ja l\u00fchikesi pidurdusteid. Rehvi 21-tolline velg sobib ideaalselt kaasaegsete [&hellip;]<\/p>\n","protected":false},"featured_media":124866,"template":"","meta":{"site-sidebar-layout":"default","site-content-layout":"","ast-site-content-layout":"","site-content-style":"default","site-sidebar-style":"default","ast-global-header-display":"","ast-banner-title-visibility":"","ast-main-header-display":"","ast-hfb-above-header-display":"","ast-hfb-below-header-display":"","ast-hfb-mobile-header-display":"","site-post-title":"","ast-breadcrumbs-content":"","ast-featured-img":"","footer-sml-layout":"","theme-transparent-header-meta":"","adv-header-id-meta":"","stick-header-meta":"","header-above-stick-meta":"","header-main-stick-meta":"","header-below-stick-meta":"","astra-migrate-meta-layouts":"default","ast-page-background-enabled":"default","ast-page-background-meta":{"desktop":{"background-color":"","background-image":"","background-repeat":"repeat","background-position":"center center","background-size":"auto","background-attachment":"scroll","background-type":"","background-media":"","overlay-type":"","overlay-color":"","overlay-opacity":"","overlay-gradient":""},"tablet":{"background-color":"","background-image":"","background-repeat":"repeat","background-position":"center center","background-size":"auto","background-attachment":"scroll","background-type":"","background-media":"","overlay-type":"","overlay-color":"","overlay-opacity":"","overlay-gradient":""},"mobile":{"background-color":"","background-image":"","background-repeat":"repeat","background-position":"center center","background-size":"auto","background-attachment":"scroll","background-type":"","background-media":"","overlay-type":"","overlay-color":"","overlay-opacity":"","overlay-gradient":""}},"ast-content-background-meta":{"desktop":{"background-color":"var(--ast-global-color-5)","background-image":"","background-repeat":"repeat","background-position":"center center","background-size":"auto","background-attachment":"scroll","background-type":"","background-media":"","overlay-type":"","overlay-color":"","overlay-opacity":"","overlay-gradient":""},"tablet":{"background-color":"var(--ast-global-color-5)","background-image":"","background-repeat":"repeat","background-position":"center center","background-size":"auto","background-attachment":"scroll","background-type":"","background-media":"","overlay-type":"","overlay-color":"","overlay-opacity":"","overlay-gradient":""},"mobile":{"background-color":"var(--ast-global-color-5)","background-image":"","background-repeat":"repeat","background-position":"center center","background-size":"auto","background-attachment":"scroll","background-type":"","background-media":"","overlay-type":"","overlay-color":"","overlay-opacity":"","overlay-gradient":""}}},"product_brand":[],"product_cat":[34225],"product_tag":[],"pa_brand_name":[25035],"class_list":{"0":"post-121038","1":"product","2":"type-product","3":"status-publish","4":"has-post-thumbnail","6":"product_cat-summer-tires-pv","7":"pa_brand_name-continental","8":"desktop-align-left","9":"tablet-align-left","10":"mobile-align-left","12":"first","13":"outofstock","14":"taxable","15":"shipping-taxable","16":"purchasable","17":"product-type-simple"},"_links":{"self":[{"href":"https:\/\/shop.rettum.ee\/en\/wp-json\/wp\/v2\/product\/121038","targetHints":{"allow":["GET"]}}],"collection":[{"href":"https:\/\/shop.rettum.ee\/en\/wp-json\/wp\/v2\/product"}],"about":[{"href":"https:\/\/shop.rettum.ee\/en\/wp-json\/wp\/v2\/types\/product"}],"version-history":[{"count":1,"href":"https:\/\/shop.rettum.ee\/en\/wp-json\/wp\/v2\/product\/121038\/revisions"}],"predecessor-version":[{"id":125558,"href":"https:\/\/shop.rettum.ee\/en\/wp-json\/wp\/v2\/product\/121038\/revisions\/125558"}],"wp:featuredmedia":[{"embeddable":true,"href":"https:\/\/shop.rettum.ee\/en\/wp-json\/wp\/v2\/media\/124866"}],"wp:attachment":[{"href":"https:\/\/shop.rettum.ee\/en\/wp-json\/wp\/v2\/media?parent=121038"}],"wp:term":[{"taxonomy":"product_brand","embeddable":true,"href":"https:\/\/shop.rettum.ee\/en\/wp-json\/wp\/v2\/product_brand?post=121038"},{"taxonomy":"product_cat","embeddable":true,"href":"https:\/\/shop.rettum.ee\/en\/wp-json\/wp\/v2\/product_cat?post=121038"},{"taxonomy":"product_tag","embeddable":true,"href":"https:\/\/shop.rettum.ee\/en\/wp-json\/wp\/v2\/product_tag?post=121038"},{"taxonomy":"pa_brand_name","embeddable":true,"href":"https:\/\/shop.rettum.ee\/en\/wp-json\/wp\/v2\/pa_brand_name?post=121038"}],"curies":[{"name":"wp","href":"https:\/\/api.w.org\/{rel}","templated":true}]}}