{"id":121039,"date":"2025-03-31T03:09:28","date_gmt":"2025-03-31T00:09:28","guid":{"rendered":"https:\/\/shop.rettum.ee\/toode\/265-35r22-continental-sportcontact-6-102y-xl-t0-ncs-cab73\/"},"modified":"2026-03-22T03:07:03","modified_gmt":"2026-03-22T01:07:03","slug":"265-35r22-continental-sportcontact-6-102y-xl-t0-ncs-cab73","status":"publish","type":"product","link":"https:\/\/shop.rettum.ee\/en\/product\/265-35r22-continental-sportcontact-6-102y-xl-t0-ncs-cab73\/","title":{"rendered":"265\/35R22 CONTINENTAL SPORTCONTACT 6 102Y XL T0 NCS CAB73"},"content":{"rendered":"<p>Avasta uus Continental SportContact 6 265\/35R22 \u2013 tipptasemel sportrehv, mis viib sinu s\u00f5idukogemuse uuele tasemele. See rehv on loodud pakkuma erakordset k\u00e4itumist nii kuivalt kui niiskelt, tagades maksimaalse haarduvuse ja stabiilsuse ka k\u00f5rgetel kiirustel. 102Y kood ja XL klass t\u00e4histavad erakordset j\u00f5udlust ja v\u00f5imet taluda lisakoormust, v\u00f5imaldades turvalist s\u00f5itu ka n\u00f5udlikes tingimustes.<\/p>\n<p>T0 tehnoloogia koos NCS CAB73 sertifikaadiga kinnitab, et see rehv vastab rangetele ohutus- ja kvaliteedin\u00f5uetele, olles ideaalne valik sportlikule s\u00f5idule ja d\u00fcnaamilistele man\u00f6\u00f6vritele. Continental SportContact 6 disain ja insenerit\u00f6\u00f6 tagavad kiire reageerimise ning t\u00e4pse juhitavuse, muutes iga s\u00f5idu sujuvaks ja mugavaks.<\/p>\n<p>Vali Continental SportContact 6, et kogeda parimat kombinatsiooni d\u00fcnaamikast, turvalisusest ja innovatsioonist \u2013 rehv, mis viib sinu s\u00f5iduelamuse uutele k\u00f5rgustele.<\/p>","protected":false},"excerpt":{"rendered":"<p>Avasta uus Continental SportContact 6 265\/35R22 \u2013 tipptasemel sportrehv, mis viib sinu s\u00f5idukogemuse uuele tasemele. See rehv on loodud pakkuma erakordset k\u00e4itumist nii kuivalt kui niiskelt, tagades maksimaalse haarduvuse ja stabiilsuse ka k\u00f5rgetel kiirustel. 102Y kood ja XL klass t\u00e4histavad erakordset j\u00f5udlust ja v\u00f5imet taluda lisakoormust, v\u00f5imaldades turvalist s\u00f5itu ka n\u00f5udlikes tingimustes. T0 tehnoloogia koos [&hellip;]<\/p>\n","protected":false},"featured_media":124866,"template":"","meta":{"site-sidebar-layout":"default","site-content-layout":"","ast-site-content-layout":"","site-content-style":"default","site-sidebar-style":"default","ast-global-header-display":"","ast-banner-title-visibility":"","ast-main-header-display":"","ast-hfb-above-header-display":"","ast-hfb-below-header-display":"","ast-hfb-mobile-header-display":"","site-post-title":"","ast-breadcrumbs-content":"","ast-featured-img":"","footer-sml-layout":"","theme-transparent-header-meta":"","adv-header-id-meta":"","stick-header-meta":"","header-above-stick-meta":"","header-main-stick-meta":"","header-below-stick-meta":"","astra-migrate-meta-layouts":"default","ast-page-background-enabled":"default","ast-page-background-meta":{"desktop":{"background-color":"","background-image":"","background-repeat":"repeat","background-position":"center center","background-size":"auto","background-attachment":"scroll","background-type":"","background-media":"","overlay-type":"","overlay-color":"","overlay-opacity":"","overlay-gradient":""},"tablet":{"background-color":"","background-image":"","background-repeat":"repeat","background-position":"center center","background-size":"auto","background-attachment":"scroll","background-type":"","background-media":"","overlay-type":"","overlay-color":"","overlay-opacity":"","overlay-gradient":""},"mobile":{"background-color":"","background-image":"","background-repeat":"repeat","background-position":"center center","background-size":"auto","background-attachment":"scroll","background-type":"","background-media":"","overlay-type":"","overlay-color":"","overlay-opacity":"","overlay-gradient":""}},"ast-content-background-meta":{"desktop":{"background-color":"var(--ast-global-color-5)","background-image":"","background-repeat":"repeat","background-position":"center center","background-size":"auto","background-attachment":"scroll","background-type":"","background-media":"","overlay-type":"","overlay-color":"","overlay-opacity":"","overlay-gradient":""},"tablet":{"background-color":"var(--ast-global-color-5)","background-image":"","background-repeat":"repeat","background-position":"center center","background-size":"auto","background-attachment":"scroll","background-type":"","background-media":"","overlay-type":"","overlay-color":"","overlay-opacity":"","overlay-gradient":""},"mobile":{"background-color":"var(--ast-global-color-5)","background-image":"","background-repeat":"repeat","background-position":"center center","background-size":"auto","background-attachment":"scroll","background-type":"","background-media":"","overlay-type":"","overlay-color":"","overlay-opacity":"","overlay-gradient":""}}},"product_brand":[],"product_cat":[34225],"product_tag":[],"pa_brand_name":[25035],"class_list":{"0":"post-121039","1":"product","2":"type-product","3":"status-publish","4":"has-post-thumbnail","6":"product_cat-summer-tires-pv","7":"pa_brand_name-continental","8":"desktop-align-left","9":"tablet-align-left","10":"mobile-align-left","12":"first","13":"outofstock","14":"taxable","15":"shipping-taxable","16":"purchasable","17":"product-type-simple"},"_links":{"self":[{"href":"https:\/\/shop.rettum.ee\/en\/wp-json\/wp\/v2\/product\/121039","targetHints":{"allow":["GET"]}}],"collection":[{"href":"https:\/\/shop.rettum.ee\/en\/wp-json\/wp\/v2\/product"}],"about":[{"href":"https:\/\/shop.rettum.ee\/en\/wp-json\/wp\/v2\/types\/product"}],"version-history":[{"count":1,"href":"https:\/\/shop.rettum.ee\/en\/wp-json\/wp\/v2\/product\/121039\/revisions"}],"predecessor-version":[{"id":125556,"href":"https:\/\/shop.rettum.ee\/en\/wp-json\/wp\/v2\/product\/121039\/revisions\/125556"}],"wp:featuredmedia":[{"embeddable":true,"href":"https:\/\/shop.rettum.ee\/en\/wp-json\/wp\/v2\/media\/124866"}],"wp:attachment":[{"href":"https:\/\/shop.rettum.ee\/en\/wp-json\/wp\/v2\/media?parent=121039"}],"wp:term":[{"taxonomy":"product_brand","embeddable":true,"href":"https:\/\/shop.rettum.ee\/en\/wp-json\/wp\/v2\/product_brand?post=121039"},{"taxonomy":"product_cat","embeddable":true,"href":"https:\/\/shop.rettum.ee\/en\/wp-json\/wp\/v2\/product_cat?post=121039"},{"taxonomy":"product_tag","embeddable":true,"href":"https:\/\/shop.rettum.ee\/en\/wp-json\/wp\/v2\/product_tag?post=121039"},{"taxonomy":"pa_brand_name","embeddable":true,"href":"https:\/\/shop.rettum.ee\/en\/wp-json\/wp\/v2\/pa_brand_name?post=121039"}],"curies":[{"name":"wp","href":"https:\/\/api.w.org\/{rel}","templated":true}]}}