{"id":121041,"date":"2025-03-31T03:09:29","date_gmt":"2025-03-31T00:09:29","guid":{"rendered":"https:\/\/shop.rettum.ee\/toode\/285-35r22-continental-sportcontact-6-106h-xl-ao-ncs-fr-cab75\/"},"modified":"2026-03-26T02:48:02","modified_gmt":"2026-03-26T00:48:02","slug":"285-35r22-continental-sportcontact-6-106h-xl-ao-ncs-fr-cab75","status":"publish","type":"product","link":"https:\/\/shop.rettum.ee\/en\/product\/285-35r22-continental-sportcontact-6-106h-xl-ao-ncs-fr-cab75\/","title":{"rendered":"285\/35R22 CONTINENTAL SPORTCONTACT 6 106H XL AO NCS FR CAB75"},"content":{"rendered":"<p>Kontinentaalne SportContact 6 rehvid, suurusega 285\/35R22, toovad teie s\u00f5idukile uue dimensiooni sportlikkust ja ohutust. Rehvi 106H koormusindeks ja XL-versioon tagavad suure koorma ja suure kiirusega s\u00f5idutingimustes usaldusv\u00e4\u00e4rse j\u00f5udluse. SportContact 6 loodud tipptasemel insenerit\u00f6\u00f6 ja kaasaegsete tehnoloogiate toel pakkub see rehvid erakordset haarduvust nii kuival kui ka m\u00e4rjal teel, tagades stabiilse ja t\u00e4pse juhitavuse igas kurvis.<\/p>\n<p>Lisaks on toote koodid AO NCS FR CAB75 ja need viitavad rehvi optimaalsele disainile ning kohandatud omadustele, mis toetavad seda ka v\u00e4ljapaistvalt intensiivsetes s\u00f5iduoludes. Continental SportContact 6 on ideaalne valik neile, kes hindavad sportlikku j\u00f5udlust, ohutust ja kaua kestvat kulumiskindlust. Valides need rehvid, tagate s\u00f5idukile maksimaalse kontaktpinna ja enesekindla s\u00f5idukogemuse igal teekonnal.<\/p>","protected":false},"excerpt":{"rendered":"<p>Kontinentaalne SportContact 6 rehvid, suurusega 285\/35R22, toovad teie s\u00f5idukile uue dimensiooni sportlikkust ja ohutust. Rehvi 106H koormusindeks ja XL-versioon tagavad suure koorma ja suure kiirusega s\u00f5idutingimustes usaldusv\u00e4\u00e4rse j\u00f5udluse. SportContact 6 loodud tipptasemel insenerit\u00f6\u00f6 ja kaasaegsete tehnoloogiate toel pakkub see rehvid erakordset haarduvust nii kuival kui ka m\u00e4rjal teel, tagades stabiilse ja t\u00e4pse juhitavuse igas kurvis. [&hellip;]<\/p>\n","protected":false},"featured_media":124866,"template":"","meta":{"site-sidebar-layout":"default","site-content-layout":"","ast-site-content-layout":"","site-content-style":"default","site-sidebar-style":"default","ast-global-header-display":"","ast-banner-title-visibility":"","ast-main-header-display":"","ast-hfb-above-header-display":"","ast-hfb-below-header-display":"","ast-hfb-mobile-header-display":"","site-post-title":"","ast-breadcrumbs-content":"","ast-featured-img":"","footer-sml-layout":"","theme-transparent-header-meta":"","adv-header-id-meta":"","stick-header-meta":"","header-above-stick-meta":"","header-main-stick-meta":"","header-below-stick-meta":"","astra-migrate-meta-layouts":"default","ast-page-background-enabled":"default","ast-page-background-meta":{"desktop":{"background-color":"","background-image":"","background-repeat":"repeat","background-position":"center center","background-size":"auto","background-attachment":"scroll","background-type":"","background-media":"","overlay-type":"","overlay-color":"","overlay-opacity":"","overlay-gradient":""},"tablet":{"background-color":"","background-image":"","background-repeat":"repeat","background-position":"center center","background-size":"auto","background-attachment":"scroll","background-type":"","background-media":"","overlay-type":"","overlay-color":"","overlay-opacity":"","overlay-gradient":""},"mobile":{"background-color":"","background-image":"","background-repeat":"repeat","background-position":"center center","background-size":"auto","background-attachment":"scroll","background-type":"","background-media":"","overlay-type":"","overlay-color":"","overlay-opacity":"","overlay-gradient":""}},"ast-content-background-meta":{"desktop":{"background-color":"var(--ast-global-color-5)","background-image":"","background-repeat":"repeat","background-position":"center center","background-size":"auto","background-attachment":"scroll","background-type":"","background-media":"","overlay-type":"","overlay-color":"","overlay-opacity":"","overlay-gradient":""},"tablet":{"background-color":"var(--ast-global-color-5)","background-image":"","background-repeat":"repeat","background-position":"center center","background-size":"auto","background-attachment":"scroll","background-type":"","background-media":"","overlay-type":"","overlay-color":"","overlay-opacity":"","overlay-gradient":""},"mobile":{"background-color":"var(--ast-global-color-5)","background-image":"","background-repeat":"repeat","background-position":"center center","background-size":"auto","background-attachment":"scroll","background-type":"","background-media":"","overlay-type":"","overlay-color":"","overlay-opacity":"","overlay-gradient":""}}},"product_brand":[],"product_cat":[34225],"product_tag":[],"pa_brand_name":[25035],"class_list":{"0":"post-121041","1":"product","2":"type-product","3":"status-publish","4":"has-post-thumbnail","6":"product_cat-summer-tires-pv","7":"pa_brand_name-continental","8":"desktop-align-left","9":"tablet-align-left","10":"mobile-align-left","12":"first","13":"instock","14":"taxable","15":"shipping-taxable","16":"purchasable","17":"product-type-simple"},"_links":{"self":[{"href":"https:\/\/shop.rettum.ee\/en\/wp-json\/wp\/v2\/product\/121041","targetHints":{"allow":["GET"]}}],"collection":[{"href":"https:\/\/shop.rettum.ee\/en\/wp-json\/wp\/v2\/product"}],"about":[{"href":"https:\/\/shop.rettum.ee\/en\/wp-json\/wp\/v2\/types\/product"}],"version-history":[{"count":1,"href":"https:\/\/shop.rettum.ee\/en\/wp-json\/wp\/v2\/product\/121041\/revisions"}],"predecessor-version":[{"id":125555,"href":"https:\/\/shop.rettum.ee\/en\/wp-json\/wp\/v2\/product\/121041\/revisions\/125555"}],"wp:featuredmedia":[{"embeddable":true,"href":"https:\/\/shop.rettum.ee\/en\/wp-json\/wp\/v2\/media\/124866"}],"wp:attachment":[{"href":"https:\/\/shop.rettum.ee\/en\/wp-json\/wp\/v2\/media?parent=121041"}],"wp:term":[{"taxonomy":"product_brand","embeddable":true,"href":"https:\/\/shop.rettum.ee\/en\/wp-json\/wp\/v2\/product_brand?post=121041"},{"taxonomy":"product_cat","embeddable":true,"href":"https:\/\/shop.rettum.ee\/en\/wp-json\/wp\/v2\/product_cat?post=121041"},{"taxonomy":"product_tag","embeddable":true,"href":"https:\/\/shop.rettum.ee\/en\/wp-json\/wp\/v2\/product_tag?post=121041"},{"taxonomy":"pa_brand_name","embeddable":true,"href":"https:\/\/shop.rettum.ee\/en\/wp-json\/wp\/v2\/pa_brand_name?post=121041"}],"curies":[{"name":"wp","href":"https:\/\/api.w.org\/{rel}","templated":true}]}}