{"id":121042,"date":"2025-03-31T03:09:30","date_gmt":"2025-03-31T00:09:30","guid":{"rendered":"https:\/\/shop.rettum.ee\/toode\/285-35r22-continental-sportcontact-6-106y-xl-t0-ncs-cab75\/"},"modified":"2026-03-22T03:07:05","modified_gmt":"2026-03-22T01:07:05","slug":"285-35r22-continental-sportcontact-6-106y-xl-t0-ncs-cab75","status":"publish","type":"product","link":"https:\/\/shop.rettum.ee\/en\/product\/285-35r22-continental-sportcontact-6-106y-xl-t0-ncs-cab75\/","title":{"rendered":"285\/35R22 CONTINENTAL SPORTCONTACT 6 106Y XL T0 NCS CAB75"},"content":{"rendered":"<p>Avasta tipptasemel j\u00f5udlus Continental SportContact 6 rehvil, mille m\u00f5\u00f5tmed 285\/35R22 tagavad erakordse stabiilsuse ja haarduvuse igas s\u00f5iduolukorras. Selle rehv on loodud sportliku s\u00f5idud\u00fcnaamika jaoks, pakkudes enamat kui lihtsalt suurep\u00e4rast kuiv- ja m\u00e4rjaharduvust \u2013 see on ideaalne valik neile, kes hindavad ohutust ja t\u00e4pset juhitavust ka k\u00f5rgetel kiirustel.<\/p>\n<p>L\u00e4bim\u00f5eldud disain ja spetsiaalse tehnoloogia kasutamine v\u00f5imaldavad rehvil omada paremat p\u00f6\u00f6rlemiskindlust ning pikaajalist vastupidavust. XL ja 106Y m\u00e4rgised tunnused garanteerivad suure koormuskindluse ning kiirusv\u00f5ime, olles sobiv nii sportautodele kui ka neile, kes soovivad nautida t\u00e4iuslikku \u00fchendust teega. T0, NCS ja CAB75 vastavad rangetele kvaliteedin\u00f5uetele, tagades, et rehv p\u00fcsib kindlalt kontrolli all igal teel ja ilmastikutingimustel.<\/p>\n<p>Continental SportContact 6 on usaldusv\u00e4\u00e4rne kaaslane, mis tagab s\u00f5idumugavuse ja turvalisuse k\u00f5rgeima tasemel \u2013 ideaalne valik n\u00f5udlikule juhtile, kes ei tee kompromisse kvaliteedi ja j\u00f5udluse osas.<\/p>","protected":false},"excerpt":{"rendered":"<p>Avasta tipptasemel j\u00f5udlus Continental SportContact 6 rehvil, mille m\u00f5\u00f5tmed 285\/35R22 tagavad erakordse stabiilsuse ja haarduvuse igas s\u00f5iduolukorras. Selle rehv on loodud sportliku s\u00f5idud\u00fcnaamika jaoks, pakkudes enamat kui lihtsalt suurep\u00e4rast kuiv- ja m\u00e4rjaharduvust \u2013 see on ideaalne valik neile, kes hindavad ohutust ja t\u00e4pset juhitavust ka k\u00f5rgetel kiirustel. L\u00e4bim\u00f5eldud disain ja spetsiaalse tehnoloogia kasutamine v\u00f5imaldavad rehvil [&hellip;]<\/p>\n","protected":false},"featured_media":124866,"template":"","meta":{"site-sidebar-layout":"default","site-content-layout":"","ast-site-content-layout":"","site-content-style":"default","site-sidebar-style":"default","ast-global-header-display":"","ast-banner-title-visibility":"","ast-main-header-display":"","ast-hfb-above-header-display":"","ast-hfb-below-header-display":"","ast-hfb-mobile-header-display":"","site-post-title":"","ast-breadcrumbs-content":"","ast-featured-img":"","footer-sml-layout":"","theme-transparent-header-meta":"","adv-header-id-meta":"","stick-header-meta":"","header-above-stick-meta":"","header-main-stick-meta":"","header-below-stick-meta":"","astra-migrate-meta-layouts":"default","ast-page-background-enabled":"default","ast-page-background-meta":{"desktop":{"background-color":"","background-image":"","background-repeat":"repeat","background-position":"center center","background-size":"auto","background-attachment":"scroll","background-type":"","background-media":"","overlay-type":"","overlay-color":"","overlay-opacity":"","overlay-gradient":""},"tablet":{"background-color":"","background-image":"","background-repeat":"repeat","background-position":"center center","background-size":"auto","background-attachment":"scroll","background-type":"","background-media":"","overlay-type":"","overlay-color":"","overlay-opacity":"","overlay-gradient":""},"mobile":{"background-color":"","background-image":"","background-repeat":"repeat","background-position":"center center","background-size":"auto","background-attachment":"scroll","background-type":"","background-media":"","overlay-type":"","overlay-color":"","overlay-opacity":"","overlay-gradient":""}},"ast-content-background-meta":{"desktop":{"background-color":"var(--ast-global-color-5)","background-image":"","background-repeat":"repeat","background-position":"center center","background-size":"auto","background-attachment":"scroll","background-type":"","background-media":"","overlay-type":"","overlay-color":"","overlay-opacity":"","overlay-gradient":""},"tablet":{"background-color":"var(--ast-global-color-5)","background-image":"","background-repeat":"repeat","background-position":"center center","background-size":"auto","background-attachment":"scroll","background-type":"","background-media":"","overlay-type":"","overlay-color":"","overlay-opacity":"","overlay-gradient":""},"mobile":{"background-color":"var(--ast-global-color-5)","background-image":"","background-repeat":"repeat","background-position":"center center","background-size":"auto","background-attachment":"scroll","background-type":"","background-media":"","overlay-type":"","overlay-color":"","overlay-opacity":"","overlay-gradient":""}}},"product_brand":[],"product_cat":[34225],"product_tag":[],"pa_brand_name":[25035],"class_list":{"0":"post-121042","1":"product","2":"type-product","3":"status-publish","4":"has-post-thumbnail","6":"product_cat-summer-tires-pv","7":"pa_brand_name-continental","8":"desktop-align-left","9":"tablet-align-left","10":"mobile-align-left","12":"first","13":"outofstock","14":"taxable","15":"shipping-taxable","16":"purchasable","17":"product-type-simple"},"_links":{"self":[{"href":"https:\/\/shop.rettum.ee\/en\/wp-json\/wp\/v2\/product\/121042","targetHints":{"allow":["GET"]}}],"collection":[{"href":"https:\/\/shop.rettum.ee\/en\/wp-json\/wp\/v2\/product"}],"about":[{"href":"https:\/\/shop.rettum.ee\/en\/wp-json\/wp\/v2\/types\/product"}],"version-history":[{"count":1,"href":"https:\/\/shop.rettum.ee\/en\/wp-json\/wp\/v2\/product\/121042\/revisions"}],"predecessor-version":[{"id":125553,"href":"https:\/\/shop.rettum.ee\/en\/wp-json\/wp\/v2\/product\/121042\/revisions\/125553"}],"wp:featuredmedia":[{"embeddable":true,"href":"https:\/\/shop.rettum.ee\/en\/wp-json\/wp\/v2\/media\/124866"}],"wp:attachment":[{"href":"https:\/\/shop.rettum.ee\/en\/wp-json\/wp\/v2\/media?parent=121042"}],"wp:term":[{"taxonomy":"product_brand","embeddable":true,"href":"https:\/\/shop.rettum.ee\/en\/wp-json\/wp\/v2\/product_brand?post=121042"},{"taxonomy":"product_cat","embeddable":true,"href":"https:\/\/shop.rettum.ee\/en\/wp-json\/wp\/v2\/product_cat?post=121042"},{"taxonomy":"product_tag","embeddable":true,"href":"https:\/\/shop.rettum.ee\/en\/wp-json\/wp\/v2\/product_tag?post=121042"},{"taxonomy":"pa_brand_name","embeddable":true,"href":"https:\/\/shop.rettum.ee\/en\/wp-json\/wp\/v2\/pa_brand_name?post=121042"}],"curies":[{"name":"wp","href":"https:\/\/api.w.org\/{rel}","templated":true}]}}