{"id":121043,"date":"2025-03-31T03:09:31","date_gmt":"2025-03-31T00:09:31","guid":{"rendered":"https:\/\/shop.rettum.ee\/toode\/285-40r22-continental-sportcontact-6-110y-xl-ao-fr-cab75\/"},"modified":"2026-03-22T03:07:05","modified_gmt":"2026-03-22T01:07:05","slug":"285-40r22-continental-sportcontact-6-110y-xl-ao-fr-cab75","status":"publish","type":"product","link":"https:\/\/shop.rettum.ee\/en\/product\/285-40r22-continental-sportcontact-6-110y-xl-ao-fr-cab75\/","title":{"rendered":"285\/40R22 CONTINENTAL SPORTCONTACT 6 110Y XL AO FR CAB75"},"content":{"rendered":"<p>Continental SportContact 6 285\/40R22 on k\u00f5rgj\u00f5udlusega suvis\u00f5u, mis on loodud pakkuma erakordset haarduvust ja stabiilsust nii kuival kui ka m\u00e4rjal teel. Selle uuenduslik disain ja spetsiaalselt v\u00e4lja t\u00f6\u00f6tatud mustrid tagavad kiire reageerimise ning t\u00e4pse juhitavuse ka k\u00f5rgetel kiirustel. XL-versioon ja kiirusklass 110Y annavad teada rehvi v\u00f5imest toime tulla suuremate koormuste ja intensiivse s\u00f5idustiiliga, s\u00e4ilitades samal ajal suurep\u00e4rase turvakindluse.<\/p>\n<p>Eriline \u201cAO FR CAB75\u201d kood s\u00fcmboliseerib rehvi p\u00fchendumust tipptasemel kvaliteedile ja tehnoloogiale, pakkudes usaldusv\u00e4\u00e4rset j\u00f5udlust ka n\u00f5udlikes s\u00f5iduoludes. Continental SportContact 6 on ideaalne valik neile, kes hindavad sportlikku s\u00f5idukogemust ja soovivad tunda maksimaalset kontrolli nii kurvides kui sirgetel teedel. Valides Continental SportContact 6, astud sammu tipptasemel ohutuse ja efektiivsuse suunas, tagades endale kindla ja nauditava s\u00f5idu igal kursil.<\/p>","protected":false},"excerpt":{"rendered":"<p>Continental SportContact 6 285\/40R22 on k\u00f5rgj\u00f5udlusega suvis\u00f5u, mis on loodud pakkuma erakordset haarduvust ja stabiilsust nii kuival kui ka m\u00e4rjal teel. Selle uuenduslik disain ja spetsiaalselt v\u00e4lja t\u00f6\u00f6tatud mustrid tagavad kiire reageerimise ning t\u00e4pse juhitavuse ka k\u00f5rgetel kiirustel. XL-versioon ja kiirusklass 110Y annavad teada rehvi v\u00f5imest toime tulla suuremate koormuste ja intensiivse s\u00f5idustiiliga, s\u00e4ilitades samal [&hellip;]<\/p>\n","protected":false},"featured_media":124866,"template":"","meta":{"site-sidebar-layout":"default","site-content-layout":"","ast-site-content-layout":"","site-content-style":"default","site-sidebar-style":"default","ast-global-header-display":"","ast-banner-title-visibility":"","ast-main-header-display":"","ast-hfb-above-header-display":"","ast-hfb-below-header-display":"","ast-hfb-mobile-header-display":"","site-post-title":"","ast-breadcrumbs-content":"","ast-featured-img":"","footer-sml-layout":"","theme-transparent-header-meta":"","adv-header-id-meta":"","stick-header-meta":"","header-above-stick-meta":"","header-main-stick-meta":"","header-below-stick-meta":"","astra-migrate-meta-layouts":"default","ast-page-background-enabled":"default","ast-page-background-meta":{"desktop":{"background-color":"","background-image":"","background-repeat":"repeat","background-position":"center center","background-size":"auto","background-attachment":"scroll","background-type":"","background-media":"","overlay-type":"","overlay-color":"","overlay-opacity":"","overlay-gradient":""},"tablet":{"background-color":"","background-image":"","background-repeat":"repeat","background-position":"center center","background-size":"auto","background-attachment":"scroll","background-type":"","background-media":"","overlay-type":"","overlay-color":"","overlay-opacity":"","overlay-gradient":""},"mobile":{"background-color":"","background-image":"","background-repeat":"repeat","background-position":"center center","background-size":"auto","background-attachment":"scroll","background-type":"","background-media":"","overlay-type":"","overlay-color":"","overlay-opacity":"","overlay-gradient":""}},"ast-content-background-meta":{"desktop":{"background-color":"var(--ast-global-color-5)","background-image":"","background-repeat":"repeat","background-position":"center center","background-size":"auto","background-attachment":"scroll","background-type":"","background-media":"","overlay-type":"","overlay-color":"","overlay-opacity":"","overlay-gradient":""},"tablet":{"background-color":"var(--ast-global-color-5)","background-image":"","background-repeat":"repeat","background-position":"center center","background-size":"auto","background-attachment":"scroll","background-type":"","background-media":"","overlay-type":"","overlay-color":"","overlay-opacity":"","overlay-gradient":""},"mobile":{"background-color":"var(--ast-global-color-5)","background-image":"","background-repeat":"repeat","background-position":"center center","background-size":"auto","background-attachment":"scroll","background-type":"","background-media":"","overlay-type":"","overlay-color":"","overlay-opacity":"","overlay-gradient":""}}},"product_brand":[],"product_cat":[34225],"product_tag":[],"pa_brand_name":[25035],"class_list":{"0":"post-121043","1":"product","2":"type-product","3":"status-publish","4":"has-post-thumbnail","6":"product_cat-summer-tires-pv","7":"pa_brand_name-continental","8":"desktop-align-left","9":"tablet-align-left","10":"mobile-align-left","12":"first","13":"outofstock","14":"taxable","15":"shipping-taxable","16":"purchasable","17":"product-type-simple"},"_links":{"self":[{"href":"https:\/\/shop.rettum.ee\/en\/wp-json\/wp\/v2\/product\/121043","targetHints":{"allow":["GET"]}}],"collection":[{"href":"https:\/\/shop.rettum.ee\/en\/wp-json\/wp\/v2\/product"}],"about":[{"href":"https:\/\/shop.rettum.ee\/en\/wp-json\/wp\/v2\/types\/product"}],"version-history":[{"count":1,"href":"https:\/\/shop.rettum.ee\/en\/wp-json\/wp\/v2\/product\/121043\/revisions"}],"predecessor-version":[{"id":125552,"href":"https:\/\/shop.rettum.ee\/en\/wp-json\/wp\/v2\/product\/121043\/revisions\/125552"}],"wp:featuredmedia":[{"embeddable":true,"href":"https:\/\/shop.rettum.ee\/en\/wp-json\/wp\/v2\/media\/124866"}],"wp:attachment":[{"href":"https:\/\/shop.rettum.ee\/en\/wp-json\/wp\/v2\/media?parent=121043"}],"wp:term":[{"taxonomy":"product_brand","embeddable":true,"href":"https:\/\/shop.rettum.ee\/en\/wp-json\/wp\/v2\/product_brand?post=121043"},{"taxonomy":"product_cat","embeddable":true,"href":"https:\/\/shop.rettum.ee\/en\/wp-json\/wp\/v2\/product_cat?post=121043"},{"taxonomy":"product_tag","embeddable":true,"href":"https:\/\/shop.rettum.ee\/en\/wp-json\/wp\/v2\/product_tag?post=121043"},{"taxonomy":"pa_brand_name","embeddable":true,"href":"https:\/\/shop.rettum.ee\/en\/wp-json\/wp\/v2\/pa_brand_name?post=121043"}],"curies":[{"name":"wp","href":"https:\/\/api.w.org\/{rel}","templated":true}]}}