{"id":121044,"date":"2025-03-31T03:09:32","date_gmt":"2025-03-31T00:09:32","guid":{"rendered":"https:\/\/shop.rettum.ee\/toode\/285-45r22-continental-premiumcontact-6-114y-xl-mo-fr-bab73\/"},"modified":"2026-03-22T03:07:05","modified_gmt":"2026-03-22T01:07:05","slug":"285-45r22-continental-premiumcontact-6-114y-xl-mo-fr-bab73","status":"publish","type":"product","link":"https:\/\/shop.rettum.ee\/en\/product\/285-45r22-continental-premiumcontact-6-114y-xl-mo-fr-bab73\/","title":{"rendered":"285\/45R22 CONTINENTAL PREMIUMCONTACT 6 114Y XL MO FR BAB73"},"content":{"rendered":"<p>Continental PremiumContact 6 on tippklassi suverehv, mis on loodud pakkuma erakordset juhitavust ja turvatunnet ka k\u00f5ige n\u00f5udlikumates tingimustes. Rehvi m\u00f5\u00f5tmed 285\/45R22 tagavad optimaalse kontaktpinna ning stabiilse haarde, v\u00f5imaldades s\u00f5ita kindlalt nii kuival kui m\u00e4rjal teel. <\/p>\n<p>Rehvi kood 114Y XL osutab selle k\u00f5rgele koormusv\u00f5imele ja kiirusklassile, mis t\u00e4hendab, et see suudab vastu pidada kiirete ja intensiivsete s\u00f5idutingimustega seotud koormustele. PremiumContact 6 disain ja koost\u00f6\u00f6tipulised materjalid tagavad \u00fchtlase kulumise ja pikema kasutusaja, pakkudes samal ajal suurep\u00e4rast bremssuutlikkust ning minimaalset veeretakistust.<\/p>\n<p>Continental on tuntud oma innovaatiliste ja kvaliteetsete rehvide poolest, mis on v\u00e4lja t\u00f6\u00f6tatud t\u00e4nap\u00e4evaste s\u00f5idukite ja ohutuse n\u00f5udmistele vastavaks. See rehv pakub s\u00f5idumugavust, t\u00e4pset juhitavust ja kindlat k\u00e4ek\u00e4iku, muutes iga s\u00f5idu nauditavaks ja turvaliseks.<\/p>","protected":false},"excerpt":{"rendered":"<p>Continental PremiumContact 6 on tippklassi suverehv, mis on loodud pakkuma erakordset juhitavust ja turvatunnet ka k\u00f5ige n\u00f5udlikumates tingimustes. Rehvi m\u00f5\u00f5tmed 285\/45R22 tagavad optimaalse kontaktpinna ning stabiilse haarde, v\u00f5imaldades s\u00f5ita kindlalt nii kuival kui m\u00e4rjal teel. Rehvi kood 114Y XL osutab selle k\u00f5rgele koormusv\u00f5imele ja kiirusklassile, mis t\u00e4hendab, et see suudab vastu pidada kiirete ja intensiivsete [&hellip;]<\/p>\n","protected":false},"featured_media":124217,"template":"","meta":{"site-sidebar-layout":"default","site-content-layout":"","ast-site-content-layout":"","site-content-style":"default","site-sidebar-style":"default","ast-global-header-display":"","ast-banner-title-visibility":"","ast-main-header-display":"","ast-hfb-above-header-display":"","ast-hfb-below-header-display":"","ast-hfb-mobile-header-display":"","site-post-title":"","ast-breadcrumbs-content":"","ast-featured-img":"","footer-sml-layout":"","theme-transparent-header-meta":"","adv-header-id-meta":"","stick-header-meta":"","header-above-stick-meta":"","header-main-stick-meta":"","header-below-stick-meta":"","astra-migrate-meta-layouts":"default","ast-page-background-enabled":"default","ast-page-background-meta":{"desktop":{"background-color":"","background-image":"","background-repeat":"repeat","background-position":"center center","background-size":"auto","background-attachment":"scroll","background-type":"","background-media":"","overlay-type":"","overlay-color":"","overlay-opacity":"","overlay-gradient":""},"tablet":{"background-color":"","background-image":"","background-repeat":"repeat","background-position":"center center","background-size":"auto","background-attachment":"scroll","background-type":"","background-media":"","overlay-type":"","overlay-color":"","overlay-opacity":"","overlay-gradient":""},"mobile":{"background-color":"","background-image":"","background-repeat":"repeat","background-position":"center center","background-size":"auto","background-attachment":"scroll","background-type":"","background-media":"","overlay-type":"","overlay-color":"","overlay-opacity":"","overlay-gradient":""}},"ast-content-background-meta":{"desktop":{"background-color":"var(--ast-global-color-5)","background-image":"","background-repeat":"repeat","background-position":"center center","background-size":"auto","background-attachment":"scroll","background-type":"","background-media":"","overlay-type":"","overlay-color":"","overlay-opacity":"","overlay-gradient":""},"tablet":{"background-color":"var(--ast-global-color-5)","background-image":"","background-repeat":"repeat","background-position":"center center","background-size":"auto","background-attachment":"scroll","background-type":"","background-media":"","overlay-type":"","overlay-color":"","overlay-opacity":"","overlay-gradient":""},"mobile":{"background-color":"var(--ast-global-color-5)","background-image":"","background-repeat":"repeat","background-position":"center center","background-size":"auto","background-attachment":"scroll","background-type":"","background-media":"","overlay-type":"","overlay-color":"","overlay-opacity":"","overlay-gradient":""}}},"product_brand":[],"product_cat":[34225],"product_tag":[],"pa_brand_name":[25035],"class_list":{"0":"post-121044","1":"product","2":"type-product","3":"status-publish","4":"has-post-thumbnail","6":"product_cat-summer-tires-pv","7":"pa_brand_name-continental","8":"desktop-align-left","9":"tablet-align-left","10":"mobile-align-left","12":"first","13":"outofstock","14":"taxable","15":"shipping-taxable","16":"purchasable","17":"product-type-simple"},"_links":{"self":[{"href":"https:\/\/shop.rettum.ee\/en\/wp-json\/wp\/v2\/product\/121044","targetHints":{"allow":["GET"]}}],"collection":[{"href":"https:\/\/shop.rettum.ee\/en\/wp-json\/wp\/v2\/product"}],"about":[{"href":"https:\/\/shop.rettum.ee\/en\/wp-json\/wp\/v2\/types\/product"}],"version-history":[{"count":1,"href":"https:\/\/shop.rettum.ee\/en\/wp-json\/wp\/v2\/product\/121044\/revisions"}],"predecessor-version":[{"id":125549,"href":"https:\/\/shop.rettum.ee\/en\/wp-json\/wp\/v2\/product\/121044\/revisions\/125549"}],"wp:featuredmedia":[{"embeddable":true,"href":"https:\/\/shop.rettum.ee\/en\/wp-json\/wp\/v2\/media\/124217"}],"wp:attachment":[{"href":"https:\/\/shop.rettum.ee\/en\/wp-json\/wp\/v2\/media?parent=121044"}],"wp:term":[{"taxonomy":"product_brand","embeddable":true,"href":"https:\/\/shop.rettum.ee\/en\/wp-json\/wp\/v2\/product_brand?post=121044"},{"taxonomy":"product_cat","embeddable":true,"href":"https:\/\/shop.rettum.ee\/en\/wp-json\/wp\/v2\/product_cat?post=121044"},{"taxonomy":"product_tag","embeddable":true,"href":"https:\/\/shop.rettum.ee\/en\/wp-json\/wp\/v2\/product_tag?post=121044"},{"taxonomy":"pa_brand_name","embeddable":true,"href":"https:\/\/shop.rettum.ee\/en\/wp-json\/wp\/v2\/pa_brand_name?post=121044"}],"curies":[{"name":"wp","href":"https:\/\/api.w.org\/{rel}","templated":true}]}}