{"id":121045,"date":"2025-03-31T03:09:32","date_gmt":"2025-03-31T00:09:32","guid":{"rendered":"https:\/\/shop.rettum.ee\/toode\/315-35r22-continental-premiumcontact-6-111y-xl-runflat-bbb75\/"},"modified":"2026-03-30T02:45:39","modified_gmt":"2026-03-29T23:45:39","slug":"315-35r22-continental-premiumcontact-6-111y-xl-runflat-bbb75","status":"publish","type":"product","link":"https:\/\/shop.rettum.ee\/en\/product\/315-35r22-continental-premiumcontact-6-111y-xl-runflat-bbb75\/","title":{"rendered":"315\/35R22 CONTINENTAL PREMIUMCONTACT 6 111Y XL RunFlat (*) BBB75"},"content":{"rendered":"<p>315\/35R22 CONTINENTAL PREMIUMCONTACT 6 111Y XL RunFlat on innovaatiline rehvivalik, mis tagab k\u00f5rgtasemel j\u00f5udluse ja ohutuse ka k\u00f5ige n\u00f5udlikumates s\u00f5iduoludes. Sellel rehvil on suur m\u00f5\u00f5dukas koormusindeks (111) ja kiirusklass Y, mis v\u00f5imaldavad distsiplineeritud s\u00f5itu kuni 300 km\/h. Rehvi RunFlat tehnoloogia pakub t\u00e4iendavat turvalisust, v\u00f5imaldades s\u00f5idu j\u00e4tkamist ka \u00f5hu kaotuse korral, v\u00e4hendades sellega riskseid olukordi ja v\u00f5imaldades turvalist peatumist.<\/p>\n<p>Continental PremiumContact 6 on disainitud pakkuma \u00fclimat haardumist nii m\u00e4rgal kui ka kuivadel teedel, muutes selle ideaalseks valikuks sportlike ja k\u00f5rgtehnoloogiliste s\u00f5idukite jaoks. XL-kategooria tagab tugeva vastupidavuse ja suurema koormustaluvuse, samal ajal kui optimeeritud mustriga pinnakate parandab pidamist ja stabiilsust ka keerulistes oludes.<\/p>\n<p>Kontinentaalne disain ja tipptasemel materjalilahendused muudavad selle rehvi usaldusv\u00e4\u00e4rseks partneriks nii igap\u00e4evasel s\u00f5idul kui ka ekstreemsetes tingimustes, pakkudes s\u00f5idule kindlustunnet ja k\u00f5rgepinna j\u00f5udlust.<\/p>","protected":false},"excerpt":{"rendered":"<p>315\/35R22 CONTINENTAL PREMIUMCONTACT 6 111Y XL RunFlat on innovaatiline rehvivalik, mis tagab k\u00f5rgtasemel j\u00f5udluse ja ohutuse ka k\u00f5ige n\u00f5udlikumates s\u00f5iduoludes. Sellel rehvil on suur m\u00f5\u00f5dukas koormusindeks (111) ja kiirusklass Y, mis v\u00f5imaldavad distsiplineeritud s\u00f5itu kuni 300 km\/h. Rehvi RunFlat tehnoloogia pakub t\u00e4iendavat turvalisust, v\u00f5imaldades s\u00f5idu j\u00e4tkamist ka \u00f5hu kaotuse korral, v\u00e4hendades sellega riskseid olukordi ja [&hellip;]<\/p>\n","protected":false},"featured_media":124217,"template":"","meta":{"site-sidebar-layout":"default","site-content-layout":"","ast-site-content-layout":"","site-content-style":"default","site-sidebar-style":"default","ast-global-header-display":"","ast-banner-title-visibility":"","ast-main-header-display":"","ast-hfb-above-header-display":"","ast-hfb-below-header-display":"","ast-hfb-mobile-header-display":"","site-post-title":"","ast-breadcrumbs-content":"","ast-featured-img":"","footer-sml-layout":"","theme-transparent-header-meta":"","adv-header-id-meta":"","stick-header-meta":"","header-above-stick-meta":"","header-main-stick-meta":"","header-below-stick-meta":"","astra-migrate-meta-layouts":"default","ast-page-background-enabled":"default","ast-page-background-meta":{"desktop":{"background-color":"","background-image":"","background-repeat":"repeat","background-position":"center center","background-size":"auto","background-attachment":"scroll","background-type":"","background-media":"","overlay-type":"","overlay-color":"","overlay-opacity":"","overlay-gradient":""},"tablet":{"background-color":"","background-image":"","background-repeat":"repeat","background-position":"center center","background-size":"auto","background-attachment":"scroll","background-type":"","background-media":"","overlay-type":"","overlay-color":"","overlay-opacity":"","overlay-gradient":""},"mobile":{"background-color":"","background-image":"","background-repeat":"repeat","background-position":"center center","background-size":"auto","background-attachment":"scroll","background-type":"","background-media":"","overlay-type":"","overlay-color":"","overlay-opacity":"","overlay-gradient":""}},"ast-content-background-meta":{"desktop":{"background-color":"var(--ast-global-color-5)","background-image":"","background-repeat":"repeat","background-position":"center center","background-size":"auto","background-attachment":"scroll","background-type":"","background-media":"","overlay-type":"","overlay-color":"","overlay-opacity":"","overlay-gradient":""},"tablet":{"background-color":"var(--ast-global-color-5)","background-image":"","background-repeat":"repeat","background-position":"center center","background-size":"auto","background-attachment":"scroll","background-type":"","background-media":"","overlay-type":"","overlay-color":"","overlay-opacity":"","overlay-gradient":""},"mobile":{"background-color":"var(--ast-global-color-5)","background-image":"","background-repeat":"repeat","background-position":"center center","background-size":"auto","background-attachment":"scroll","background-type":"","background-media":"","overlay-type":"","overlay-color":"","overlay-opacity":"","overlay-gradient":""}}},"product_brand":[],"product_cat":[34225],"product_tag":[],"pa_brand_name":[25035],"class_list":{"0":"post-121045","1":"product","2":"type-product","3":"status-publish","4":"has-post-thumbnail","6":"product_cat-summer-tires-pv","7":"pa_brand_name-continental","8":"desktop-align-left","9":"tablet-align-left","10":"mobile-align-left","12":"first","13":"instock","14":"taxable","15":"shipping-taxable","16":"purchasable","17":"product-type-simple"},"_links":{"self":[{"href":"https:\/\/shop.rettum.ee\/en\/wp-json\/wp\/v2\/product\/121045","targetHints":{"allow":["GET"]}}],"collection":[{"href":"https:\/\/shop.rettum.ee\/en\/wp-json\/wp\/v2\/product"}],"about":[{"href":"https:\/\/shop.rettum.ee\/en\/wp-json\/wp\/v2\/types\/product"}],"version-history":[{"count":1,"href":"https:\/\/shop.rettum.ee\/en\/wp-json\/wp\/v2\/product\/121045\/revisions"}],"predecessor-version":[{"id":125550,"href":"https:\/\/shop.rettum.ee\/en\/wp-json\/wp\/v2\/product\/121045\/revisions\/125550"}],"wp:featuredmedia":[{"embeddable":true,"href":"https:\/\/shop.rettum.ee\/en\/wp-json\/wp\/v2\/media\/124217"}],"wp:attachment":[{"href":"https:\/\/shop.rettum.ee\/en\/wp-json\/wp\/v2\/media?parent=121045"}],"wp:term":[{"taxonomy":"product_brand","embeddable":true,"href":"https:\/\/shop.rettum.ee\/en\/wp-json\/wp\/v2\/product_brand?post=121045"},{"taxonomy":"product_cat","embeddable":true,"href":"https:\/\/shop.rettum.ee\/en\/wp-json\/wp\/v2\/product_cat?post=121045"},{"taxonomy":"product_tag","embeddable":true,"href":"https:\/\/shop.rettum.ee\/en\/wp-json\/wp\/v2\/product_tag?post=121045"},{"taxonomy":"pa_brand_name","embeddable":true,"href":"https:\/\/shop.rettum.ee\/en\/wp-json\/wp\/v2\/pa_brand_name?post=121045"}],"curies":[{"name":"wp","href":"https:\/\/api.w.org\/{rel}","templated":true}]}}