{"id":121046,"date":"2025-03-31T03:09:33","date_gmt":"2025-03-31T00:09:33","guid":{"rendered":"https:\/\/shop.rettum.ee\/toode\/325-35r22-continental-sportcontact-6-114y-xl-mo1-fr-cbb75\/"},"modified":"2026-03-22T03:07:05","modified_gmt":"2026-03-22T01:07:05","slug":"325-35r22-continental-sportcontact-6-114y-xl-mo1-fr-cbb75","status":"publish","type":"product","link":"https:\/\/shop.rettum.ee\/en\/product\/325-35r22-continental-sportcontact-6-114y-xl-mo1-fr-cbb75\/","title":{"rendered":"325\/35R22 CONTINENTAL SPORTCONTACT 6 114Y XL MO1 FR CBB75"},"content":{"rendered":"<p>Avasta uue taseme s\u00f5idunautsus Continental SportContact 6 rehvil, mis on disainitud tagama maksimaalse j\u00f5udluse ja turvalisuse ka k\u00f5ige n\u00f5udlikumates s\u00f5idutingimustes. Rehvi m\u00f5\u00f5tmed 325\/35R22 annavad kindlustunnet ja stabiilsust k\u00f5rgetel kiirustel, pakkudes samas optimaalse haarduvuse nii kuival kui ka m\u00e4rjal teel. XL-t\u00fc\u00fcp ja spetsiaalselt v\u00e4lja t\u00f6\u00f6tatud konstruktsioon tagavad pikema eluea ja suurep\u00e4rase koormustaluvuse, sobides ideaalselt nii sportlikule kui ka eksklusiivsele s\u00f5idustilile.<\/p>\n<p>Continental SportContact 6 on loodud t\u00e4nap\u00e4evaste tehnoloogiate toel, pakkudes erakordset juhitavust ning kiiret reageerimist erinevate teeolude korral. Eriline pinnamuster ja materjalid tagavad maksimaalse veoj\u00f5u, muutes s\u00f5idu kindlamaks ja nauditavamaks. See rehv on parim valik neile, kes hindavad kvaliteeti, innovatsiooni ja sportlikku v\u00e4ljendust oma s\u00f5idukis \u2013 ideaalne kaaslane igale s\u00f5idule.<\/p>","protected":false},"excerpt":{"rendered":"<p>Avasta uue taseme s\u00f5idunautsus Continental SportContact 6 rehvil, mis on disainitud tagama maksimaalse j\u00f5udluse ja turvalisuse ka k\u00f5ige n\u00f5udlikumates s\u00f5idutingimustes. Rehvi m\u00f5\u00f5tmed 325\/35R22 annavad kindlustunnet ja stabiilsust k\u00f5rgetel kiirustel, pakkudes samas optimaalse haarduvuse nii kuival kui ka m\u00e4rjal teel. XL-t\u00fc\u00fcp ja spetsiaalselt v\u00e4lja t\u00f6\u00f6tatud konstruktsioon tagavad pikema eluea ja suurep\u00e4rase koormustaluvuse, sobides ideaalselt nii sportlikule [&hellip;]<\/p>\n","protected":false},"featured_media":124866,"template":"","meta":{"site-sidebar-layout":"default","site-content-layout":"","ast-site-content-layout":"","site-content-style":"default","site-sidebar-style":"default","ast-global-header-display":"","ast-banner-title-visibility":"","ast-main-header-display":"","ast-hfb-above-header-display":"","ast-hfb-below-header-display":"","ast-hfb-mobile-header-display":"","site-post-title":"","ast-breadcrumbs-content":"","ast-featured-img":"","footer-sml-layout":"","theme-transparent-header-meta":"","adv-header-id-meta":"","stick-header-meta":"","header-above-stick-meta":"","header-main-stick-meta":"","header-below-stick-meta":"","astra-migrate-meta-layouts":"default","ast-page-background-enabled":"default","ast-page-background-meta":{"desktop":{"background-color":"","background-image":"","background-repeat":"repeat","background-position":"center center","background-size":"auto","background-attachment":"scroll","background-type":"","background-media":"","overlay-type":"","overlay-color":"","overlay-opacity":"","overlay-gradient":""},"tablet":{"background-color":"","background-image":"","background-repeat":"repeat","background-position":"center center","background-size":"auto","background-attachment":"scroll","background-type":"","background-media":"","overlay-type":"","overlay-color":"","overlay-opacity":"","overlay-gradient":""},"mobile":{"background-color":"","background-image":"","background-repeat":"repeat","background-position":"center center","background-size":"auto","background-attachment":"scroll","background-type":"","background-media":"","overlay-type":"","overlay-color":"","overlay-opacity":"","overlay-gradient":""}},"ast-content-background-meta":{"desktop":{"background-color":"var(--ast-global-color-5)","background-image":"","background-repeat":"repeat","background-position":"center center","background-size":"auto","background-attachment":"scroll","background-type":"","background-media":"","overlay-type":"","overlay-color":"","overlay-opacity":"","overlay-gradient":""},"tablet":{"background-color":"var(--ast-global-color-5)","background-image":"","background-repeat":"repeat","background-position":"center center","background-size":"auto","background-attachment":"scroll","background-type":"","background-media":"","overlay-type":"","overlay-color":"","overlay-opacity":"","overlay-gradient":""},"mobile":{"background-color":"var(--ast-global-color-5)","background-image":"","background-repeat":"repeat","background-position":"center center","background-size":"auto","background-attachment":"scroll","background-type":"","background-media":"","overlay-type":"","overlay-color":"","overlay-opacity":"","overlay-gradient":""}}},"product_brand":[],"product_cat":[34225],"product_tag":[],"pa_brand_name":[25035],"class_list":{"0":"post-121046","1":"product","2":"type-product","3":"status-publish","4":"has-post-thumbnail","6":"product_cat-summer-tires-pv","7":"pa_brand_name-continental","8":"desktop-align-left","9":"tablet-align-left","10":"mobile-align-left","12":"first","13":"outofstock","14":"taxable","15":"shipping-taxable","16":"purchasable","17":"product-type-simple"},"_links":{"self":[{"href":"https:\/\/shop.rettum.ee\/en\/wp-json\/wp\/v2\/product\/121046","targetHints":{"allow":["GET"]}}],"collection":[{"href":"https:\/\/shop.rettum.ee\/en\/wp-json\/wp\/v2\/product"}],"about":[{"href":"https:\/\/shop.rettum.ee\/en\/wp-json\/wp\/v2\/types\/product"}],"version-history":[{"count":1,"href":"https:\/\/shop.rettum.ee\/en\/wp-json\/wp\/v2\/product\/121046\/revisions"}],"predecessor-version":[{"id":125548,"href":"https:\/\/shop.rettum.ee\/en\/wp-json\/wp\/v2\/product\/121046\/revisions\/125548"}],"wp:featuredmedia":[{"embeddable":true,"href":"https:\/\/shop.rettum.ee\/en\/wp-json\/wp\/v2\/media\/124866"}],"wp:attachment":[{"href":"https:\/\/shop.rettum.ee\/en\/wp-json\/wp\/v2\/media?parent=121046"}],"wp:term":[{"taxonomy":"product_brand","embeddable":true,"href":"https:\/\/shop.rettum.ee\/en\/wp-json\/wp\/v2\/product_brand?post=121046"},{"taxonomy":"product_cat","embeddable":true,"href":"https:\/\/shop.rettum.ee\/en\/wp-json\/wp\/v2\/product_cat?post=121046"},{"taxonomy":"product_tag","embeddable":true,"href":"https:\/\/shop.rettum.ee\/en\/wp-json\/wp\/v2\/product_tag?post=121046"},{"taxonomy":"pa_brand_name","embeddable":true,"href":"https:\/\/shop.rettum.ee\/en\/wp-json\/wp\/v2\/pa_brand_name?post=121046"}],"curies":[{"name":"wp","href":"https:\/\/api.w.org\/{rel}","templated":true}]}}