{"id":121048,"date":"2025-03-31T03:09:35","date_gmt":"2025-03-31T00:09:35","guid":{"rendered":"https:\/\/shop.rettum.ee\/toode\/295-35r23-continental-sportcontact-6-108y-xl-ao-fr-cab75\/"},"modified":"2026-03-24T02:47:32","modified_gmt":"2026-03-24T00:47:32","slug":"295-35r23-continental-sportcontact-6-108y-xl-ao-fr-cab75","status":"publish","type":"product","link":"https:\/\/shop.rettum.ee\/en\/product\/295-35r23-continental-sportcontact-6-108y-xl-ao-fr-cab75\/","title":{"rendered":"295\/35R23 CONTINENTAL SPORTCONTACT 6 108Y XL AO FR CAB75"},"content":{"rendered":"<p>Tutvu Continental SportContact 6 rehviga m\u00f5\u00f5tmetega 295\/35R23, mis on loodud n\u00f5udlikele sport- ja premium-klassi s\u00f5idukitele. Sellel mudelil on muljetavaldav kiiruskood 108Y, mis tagab usaldusv\u00e4\u00e4rse soorituse ka k\u00f5rgetel kiirustel, ning XL-t\u00e4his viitab s\u00f5iduki t\u00e4iendavale koormustaluvusele. SportContact 6 tehnoloogia pakub erakordset haarduvust nii kuival kui ka m\u00e4rjal teel, parandades s\u00f5idu stabiilsust ja ohutust. <\/p>\n<p>Rehvi konstruktsioon on optimeeritud t\u00e4pseks man\u00f6\u00f6verdamiseks ning kiireks reageerimiseks, mis v\u00f5imaldab maksimaalset s\u00f5idunautsimust ja kindlustunnet ka n\u00f5udlikes s\u00f5idutingimustes. Lisaks tagab CAB75 ja AO FR disain parima \u00fchenduse teepinnaga, pakkudes \u00fchtlast ja kontrollitud s\u00f5idukogemust igas olukorras. <\/p>\n<p>Valides Continental SportContact 6, investeerid oma s\u00f5idukisse, mis \u00fchendab tipptasemel tehnoloogia, turvalisuse ja vastupidavuse \u2013 ideaalne lahendus neile, kes hindavad spordimaast ja t\u00e4isv\u00f5imsuslikku s\u00f5idogurmaanlikkust.<\/p>","protected":false},"excerpt":{"rendered":"<p>Tutvu Continental SportContact 6 rehviga m\u00f5\u00f5tmetega 295\/35R23, mis on loodud n\u00f5udlikele sport- ja premium-klassi s\u00f5idukitele. Sellel mudelil on muljetavaldav kiiruskood 108Y, mis tagab usaldusv\u00e4\u00e4rse soorituse ka k\u00f5rgetel kiirustel, ning XL-t\u00e4his viitab s\u00f5iduki t\u00e4iendavale koormustaluvusele. SportContact 6 tehnoloogia pakub erakordset haarduvust nii kuival kui ka m\u00e4rjal teel, parandades s\u00f5idu stabiilsust ja ohutust. Rehvi konstruktsioon on optimeeritud [&hellip;]<\/p>\n","protected":false},"featured_media":124866,"template":"","meta":{"site-sidebar-layout":"default","site-content-layout":"","ast-site-content-layout":"","site-content-style":"default","site-sidebar-style":"default","ast-global-header-display":"","ast-banner-title-visibility":"","ast-main-header-display":"","ast-hfb-above-header-display":"","ast-hfb-below-header-display":"","ast-hfb-mobile-header-display":"","site-post-title":"","ast-breadcrumbs-content":"","ast-featured-img":"","footer-sml-layout":"","theme-transparent-header-meta":"","adv-header-id-meta":"","stick-header-meta":"","header-above-stick-meta":"","header-main-stick-meta":"","header-below-stick-meta":"","astra-migrate-meta-layouts":"default","ast-page-background-enabled":"default","ast-page-background-meta":{"desktop":{"background-color":"","background-image":"","background-repeat":"repeat","background-position":"center center","background-size":"auto","background-attachment":"scroll","background-type":"","background-media":"","overlay-type":"","overlay-color":"","overlay-opacity":"","overlay-gradient":""},"tablet":{"background-color":"","background-image":"","background-repeat":"repeat","background-position":"center center","background-size":"auto","background-attachment":"scroll","background-type":"","background-media":"","overlay-type":"","overlay-color":"","overlay-opacity":"","overlay-gradient":""},"mobile":{"background-color":"","background-image":"","background-repeat":"repeat","background-position":"center center","background-size":"auto","background-attachment":"scroll","background-type":"","background-media":"","overlay-type":"","overlay-color":"","overlay-opacity":"","overlay-gradient":""}},"ast-content-background-meta":{"desktop":{"background-color":"var(--ast-global-color-5)","background-image":"","background-repeat":"repeat","background-position":"center center","background-size":"auto","background-attachment":"scroll","background-type":"","background-media":"","overlay-type":"","overlay-color":"","overlay-opacity":"","overlay-gradient":""},"tablet":{"background-color":"var(--ast-global-color-5)","background-image":"","background-repeat":"repeat","background-position":"center center","background-size":"auto","background-attachment":"scroll","background-type":"","background-media":"","overlay-type":"","overlay-color":"","overlay-opacity":"","overlay-gradient":""},"mobile":{"background-color":"var(--ast-global-color-5)","background-image":"","background-repeat":"repeat","background-position":"center center","background-size":"auto","background-attachment":"scroll","background-type":"","background-media":"","overlay-type":"","overlay-color":"","overlay-opacity":"","overlay-gradient":""}}},"product_brand":[],"product_cat":[34225],"product_tag":[],"pa_brand_name":[25035],"class_list":{"0":"post-121048","1":"product","2":"type-product","3":"status-publish","4":"has-post-thumbnail","6":"product_cat-summer-tires-pv","7":"pa_brand_name-continental","8":"desktop-align-left","9":"tablet-align-left","10":"mobile-align-left","12":"first","13":"instock","14":"taxable","15":"shipping-taxable","16":"purchasable","17":"product-type-simple"},"_links":{"self":[{"href":"https:\/\/shop.rettum.ee\/en\/wp-json\/wp\/v2\/product\/121048","targetHints":{"allow":["GET"]}}],"collection":[{"href":"https:\/\/shop.rettum.ee\/en\/wp-json\/wp\/v2\/product"}],"about":[{"href":"https:\/\/shop.rettum.ee\/en\/wp-json\/wp\/v2\/types\/product"}],"version-history":[{"count":1,"href":"https:\/\/shop.rettum.ee\/en\/wp-json\/wp\/v2\/product\/121048\/revisions"}],"predecessor-version":[{"id":125545,"href":"https:\/\/shop.rettum.ee\/en\/wp-json\/wp\/v2\/product\/121048\/revisions\/125545"}],"wp:featuredmedia":[{"embeddable":true,"href":"https:\/\/shop.rettum.ee\/en\/wp-json\/wp\/v2\/media\/124866"}],"wp:attachment":[{"href":"https:\/\/shop.rettum.ee\/en\/wp-json\/wp\/v2\/media?parent=121048"}],"wp:term":[{"taxonomy":"product_brand","embeddable":true,"href":"https:\/\/shop.rettum.ee\/en\/wp-json\/wp\/v2\/product_brand?post=121048"},{"taxonomy":"product_cat","embeddable":true,"href":"https:\/\/shop.rettum.ee\/en\/wp-json\/wp\/v2\/product_cat?post=121048"},{"taxonomy":"product_tag","embeddable":true,"href":"https:\/\/shop.rettum.ee\/en\/wp-json\/wp\/v2\/product_tag?post=121048"},{"taxonomy":"pa_brand_name","embeddable":true,"href":"https:\/\/shop.rettum.ee\/en\/wp-json\/wp\/v2\/pa_brand_name?post=121048"}],"curies":[{"name":"wp","href":"https:\/\/api.w.org\/{rel}","templated":true}]}}