{"id":121049,"date":"2025-03-31T03:09:35","date_gmt":"2025-03-31T00:09:35","guid":{"rendered":"https:\/\/shop.rettum.ee\/toode\/295-35r23-continental-sportcontact-6-108y-xl-fr-dab75\/"},"modified":"2026-03-22T03:07:06","modified_gmt":"2026-03-22T01:07:06","slug":"295-35r23-continental-sportcontact-6-108y-xl-fr-dab75","status":"publish","type":"product","link":"https:\/\/shop.rettum.ee\/en\/product\/295-35r23-continental-sportcontact-6-108y-xl-fr-dab75\/","title":{"rendered":"295\/35R23 CONTINENTAL SPORTCONTACT 6 108Y XL FR DAB75"},"content":{"rendered":"<p>Continental SportContact 6 295\/35R23 on sportlik ja kvaliteetne rehv, mis on loodud maksimaalse j\u00f5udluse ning ohutuse tagamiseks nii kuival kui ka niiskel teel. Selle m\u00f5\u00f5tmed (295 mm laius, 35% k\u00fclgp\u00f5hja k\u00f5rgus ja 23-tolline l\u00e4bim\u00f5\u00f5t) tagavad suurep\u00e4rase haarduvuse ning stabiilsuse ka kiiretel kurvidel. <\/p>\n<p>Rehvi m\u00e4rgis 108Y n\u00e4itab k\u00f5rget koormustaluvust ja \u00fclikiiret s\u00f5iduv\u00f5imekust, v\u00f5imaldades s\u00f5idukil saavutada kuni 300 km\/h, samal ajal kui XL-lisand tagab t\u00e4iendava vastupidavuse n\u00f5udlikes s\u00f5idutingimustes. FR viitab selle spetsiaalselt esivedudele optimeeritud disainile, pakkudes sujuvat ja turvalist juhitavust igas olukorras. Tootmiskood DAB75 kinnitab rehvi hoolikat valikukvaliteeti ja uuenduslikku musterdisaini, mis on v\u00e4lja t\u00f6\u00f6tatud koos kaasaegse insenerit\u00f6\u00f6ga.<\/p>\n<p>Valides Continental SportContact 6 rehvi, investeerid tipptasemel s\u00f5iduohutusse ja j\u00f5udlusse \u2013 ideaalne partner nii spordis\u00f5iduks kui ka igap\u00e4evaseks kasutamiseks. See rehv vastab k\u00f5rgeimatele kvaliteedistandarditele, pakkudes stabiilset ja enesekindlat s\u00f5idukogemust igal teekonnal.<\/p>","protected":false},"excerpt":{"rendered":"<p>Continental SportContact 6 295\/35R23 on sportlik ja kvaliteetne rehv, mis on loodud maksimaalse j\u00f5udluse ning ohutuse tagamiseks nii kuival kui ka niiskel teel. Selle m\u00f5\u00f5tmed (295 mm laius, 35% k\u00fclgp\u00f5hja k\u00f5rgus ja 23-tolline l\u00e4bim\u00f5\u00f5t) tagavad suurep\u00e4rase haarduvuse ning stabiilsuse ka kiiretel kurvidel. Rehvi m\u00e4rgis 108Y n\u00e4itab k\u00f5rget koormustaluvust ja \u00fclikiiret s\u00f5iduv\u00f5imekust, v\u00f5imaldades s\u00f5idukil saavutada kuni [&hellip;]<\/p>\n","protected":false},"featured_media":124866,"template":"","meta":{"site-sidebar-layout":"default","site-content-layout":"","ast-site-content-layout":"","site-content-style":"default","site-sidebar-style":"default","ast-global-header-display":"","ast-banner-title-visibility":"","ast-main-header-display":"","ast-hfb-above-header-display":"","ast-hfb-below-header-display":"","ast-hfb-mobile-header-display":"","site-post-title":"","ast-breadcrumbs-content":"","ast-featured-img":"","footer-sml-layout":"","theme-transparent-header-meta":"","adv-header-id-meta":"","stick-header-meta":"","header-above-stick-meta":"","header-main-stick-meta":"","header-below-stick-meta":"","astra-migrate-meta-layouts":"default","ast-page-background-enabled":"default","ast-page-background-meta":{"desktop":{"background-color":"","background-image":"","background-repeat":"repeat","background-position":"center center","background-size":"auto","background-attachment":"scroll","background-type":"","background-media":"","overlay-type":"","overlay-color":"","overlay-opacity":"","overlay-gradient":""},"tablet":{"background-color":"","background-image":"","background-repeat":"repeat","background-position":"center center","background-size":"auto","background-attachment":"scroll","background-type":"","background-media":"","overlay-type":"","overlay-color":"","overlay-opacity":"","overlay-gradient":""},"mobile":{"background-color":"","background-image":"","background-repeat":"repeat","background-position":"center center","background-size":"auto","background-attachment":"scroll","background-type":"","background-media":"","overlay-type":"","overlay-color":"","overlay-opacity":"","overlay-gradient":""}},"ast-content-background-meta":{"desktop":{"background-color":"var(--ast-global-color-5)","background-image":"","background-repeat":"repeat","background-position":"center center","background-size":"auto","background-attachment":"scroll","background-type":"","background-media":"","overlay-type":"","overlay-color":"","overlay-opacity":"","overlay-gradient":""},"tablet":{"background-color":"var(--ast-global-color-5)","background-image":"","background-repeat":"repeat","background-position":"center center","background-size":"auto","background-attachment":"scroll","background-type":"","background-media":"","overlay-type":"","overlay-color":"","overlay-opacity":"","overlay-gradient":""},"mobile":{"background-color":"var(--ast-global-color-5)","background-image":"","background-repeat":"repeat","background-position":"center center","background-size":"auto","background-attachment":"scroll","background-type":"","background-media":"","overlay-type":"","overlay-color":"","overlay-opacity":"","overlay-gradient":""}}},"product_brand":[],"product_cat":[34225],"product_tag":[],"pa_brand_name":[25035],"class_list":{"0":"post-121049","1":"product","2":"type-product","3":"status-publish","4":"has-post-thumbnail","6":"product_cat-summer-tires-pv","7":"pa_brand_name-continental","8":"desktop-align-left","9":"tablet-align-left","10":"mobile-align-left","12":"first","13":"outofstock","14":"taxable","15":"shipping-taxable","16":"purchasable","17":"product-type-simple"},"_links":{"self":[{"href":"https:\/\/shop.rettum.ee\/en\/wp-json\/wp\/v2\/product\/121049","targetHints":{"allow":["GET"]}}],"collection":[{"href":"https:\/\/shop.rettum.ee\/en\/wp-json\/wp\/v2\/product"}],"about":[{"href":"https:\/\/shop.rettum.ee\/en\/wp-json\/wp\/v2\/types\/product"}],"version-history":[{"count":1,"href":"https:\/\/shop.rettum.ee\/en\/wp-json\/wp\/v2\/product\/121049\/revisions"}],"predecessor-version":[{"id":125546,"href":"https:\/\/shop.rettum.ee\/en\/wp-json\/wp\/v2\/product\/121049\/revisions\/125546"}],"wp:featuredmedia":[{"embeddable":true,"href":"https:\/\/shop.rettum.ee\/en\/wp-json\/wp\/v2\/media\/124866"}],"wp:attachment":[{"href":"https:\/\/shop.rettum.ee\/en\/wp-json\/wp\/v2\/media?parent=121049"}],"wp:term":[{"taxonomy":"product_brand","embeddable":true,"href":"https:\/\/shop.rettum.ee\/en\/wp-json\/wp\/v2\/product_brand?post=121049"},{"taxonomy":"product_cat","embeddable":true,"href":"https:\/\/shop.rettum.ee\/en\/wp-json\/wp\/v2\/product_cat?post=121049"},{"taxonomy":"product_tag","embeddable":true,"href":"https:\/\/shop.rettum.ee\/en\/wp-json\/wp\/v2\/product_tag?post=121049"},{"taxonomy":"pa_brand_name","embeddable":true,"href":"https:\/\/shop.rettum.ee\/en\/wp-json\/wp\/v2\/pa_brand_name?post=121049"}],"curies":[{"name":"wp","href":"https:\/\/api.w.org\/{rel}","templated":true}]}}