{"id":121050,"date":"2025-03-31T03:09:36","date_gmt":"2025-03-31T00:09:36","guid":{"rendered":"https:\/\/shop.rettum.ee\/toode\/335-30r23-continental-sportcontact-6-111y-xl-fr-dab75\/"},"modified":"2026-03-22T03:07:06","modified_gmt":"2026-03-22T01:07:06","slug":"335-30r23-continental-sportcontact-6-111y-xl-fr-dab75","status":"publish","type":"product","link":"https:\/\/shop.rettum.ee\/en\/product\/335-30r23-continental-sportcontact-6-111y-xl-fr-dab75\/","title":{"rendered":"335\/30R23 CONTINENTAL SPORTCONTACT 6 111Y XL FR DAB75"},"content":{"rendered":"<p>Uut Continental SportContact 6 rehvi m\u00f5\u00f5tmed 335\/30R23 pakuvad tipptasemel j\u00f5udlust ja ohutut s\u00f5idukogemust n\u00f5udlikule autojuhtidele. Konstruktsioonis on rakendatud kaasaegset tehnoloogiat, et tagada stabiilsus ja t\u00e4pne juhitavus ka k\u00f5rgetel kiirustel. Rehvi k\u00f5rge kandev\u00f5ime (XL) ja muljetavaldav kiirusindeks (111Y) v\u00f5imaldavad nautida turvalist s\u00f5itu nii kuivadel kui niisketel teedel.<\/p>\n<p>Innovatiivsed disainilahendused parandavad reaktiivset pidamist ja tagavad \u00fchtlase kulumise, pakkudes pikemat kasutusiga ja v\u00e4iksemat k\u00fctusekulu. Lisaks toetab rehvi esitav parendatud mustrite disain optimaalseid pidamisomadusi ning v\u00e4hendab veekihi tekke, tagades seel\u00e4bi suurep\u00e4rase j\u00f5udluse ka tormilistes ilmastikutingimustes.<\/p>\n<p>Continental SportContact 6 rehvit on ideaalne valik sportlikele ja j\u00f5udlust n\u00f5udvatele s\u00f5idukitele, kus t\u00e4htis on nii j\u00f5udlus, ohutus kui ka efektiivsus. Uuenduslik tehnoloogia ja kvaliteetsete materjalide kasutus tagavad juhile maksimaalse enesekindluse igal s\u00f5idul.<\/p>","protected":false},"excerpt":{"rendered":"<p>Uut Continental SportContact 6 rehvi m\u00f5\u00f5tmed 335\/30R23 pakuvad tipptasemel j\u00f5udlust ja ohutut s\u00f5idukogemust n\u00f5udlikule autojuhtidele. Konstruktsioonis on rakendatud kaasaegset tehnoloogiat, et tagada stabiilsus ja t\u00e4pne juhitavus ka k\u00f5rgetel kiirustel. Rehvi k\u00f5rge kandev\u00f5ime (XL) ja muljetavaldav kiirusindeks (111Y) v\u00f5imaldavad nautida turvalist s\u00f5itu nii kuivadel kui niisketel teedel. Innovatiivsed disainilahendused parandavad reaktiivset pidamist ja tagavad \u00fchtlase kulumise, [&hellip;]<\/p>\n","protected":false},"featured_media":124866,"template":"","meta":{"site-sidebar-layout":"default","site-content-layout":"","ast-site-content-layout":"","site-content-style":"default","site-sidebar-style":"default","ast-global-header-display":"","ast-banner-title-visibility":"","ast-main-header-display":"","ast-hfb-above-header-display":"","ast-hfb-below-header-display":"","ast-hfb-mobile-header-display":"","site-post-title":"","ast-breadcrumbs-content":"","ast-featured-img":"","footer-sml-layout":"","theme-transparent-header-meta":"","adv-header-id-meta":"","stick-header-meta":"","header-above-stick-meta":"","header-main-stick-meta":"","header-below-stick-meta":"","astra-migrate-meta-layouts":"default","ast-page-background-enabled":"default","ast-page-background-meta":{"desktop":{"background-color":"","background-image":"","background-repeat":"repeat","background-position":"center center","background-size":"auto","background-attachment":"scroll","background-type":"","background-media":"","overlay-type":"","overlay-color":"","overlay-opacity":"","overlay-gradient":""},"tablet":{"background-color":"","background-image":"","background-repeat":"repeat","background-position":"center center","background-size":"auto","background-attachment":"scroll","background-type":"","background-media":"","overlay-type":"","overlay-color":"","overlay-opacity":"","overlay-gradient":""},"mobile":{"background-color":"","background-image":"","background-repeat":"repeat","background-position":"center center","background-size":"auto","background-attachment":"scroll","background-type":"","background-media":"","overlay-type":"","overlay-color":"","overlay-opacity":"","overlay-gradient":""}},"ast-content-background-meta":{"desktop":{"background-color":"var(--ast-global-color-5)","background-image":"","background-repeat":"repeat","background-position":"center center","background-size":"auto","background-attachment":"scroll","background-type":"","background-media":"","overlay-type":"","overlay-color":"","overlay-opacity":"","overlay-gradient":""},"tablet":{"background-color":"var(--ast-global-color-5)","background-image":"","background-repeat":"repeat","background-position":"center center","background-size":"auto","background-attachment":"scroll","background-type":"","background-media":"","overlay-type":"","overlay-color":"","overlay-opacity":"","overlay-gradient":""},"mobile":{"background-color":"var(--ast-global-color-5)","background-image":"","background-repeat":"repeat","background-position":"center center","background-size":"auto","background-attachment":"scroll","background-type":"","background-media":"","overlay-type":"","overlay-color":"","overlay-opacity":"","overlay-gradient":""}}},"product_brand":[],"product_cat":[34225],"product_tag":[],"pa_brand_name":[25035],"class_list":{"0":"post-121050","1":"product","2":"type-product","3":"status-publish","4":"has-post-thumbnail","6":"product_cat-summer-tires-pv","7":"pa_brand_name-continental","8":"desktop-align-left","9":"tablet-align-left","10":"mobile-align-left","12":"first","13":"outofstock","14":"taxable","15":"shipping-taxable","16":"purchasable","17":"product-type-simple"},"_links":{"self":[{"href":"https:\/\/shop.rettum.ee\/en\/wp-json\/wp\/v2\/product\/121050","targetHints":{"allow":["GET"]}}],"collection":[{"href":"https:\/\/shop.rettum.ee\/en\/wp-json\/wp\/v2\/product"}],"about":[{"href":"https:\/\/shop.rettum.ee\/en\/wp-json\/wp\/v2\/types\/product"}],"version-history":[{"count":1,"href":"https:\/\/shop.rettum.ee\/en\/wp-json\/wp\/v2\/product\/121050\/revisions"}],"predecessor-version":[{"id":125544,"href":"https:\/\/shop.rettum.ee\/en\/wp-json\/wp\/v2\/product\/121050\/revisions\/125544"}],"wp:featuredmedia":[{"embeddable":true,"href":"https:\/\/shop.rettum.ee\/en\/wp-json\/wp\/v2\/media\/124866"}],"wp:attachment":[{"href":"https:\/\/shop.rettum.ee\/en\/wp-json\/wp\/v2\/media?parent=121050"}],"wp:term":[{"taxonomy":"product_brand","embeddable":true,"href":"https:\/\/shop.rettum.ee\/en\/wp-json\/wp\/v2\/product_brand?post=121050"},{"taxonomy":"product_cat","embeddable":true,"href":"https:\/\/shop.rettum.ee\/en\/wp-json\/wp\/v2\/product_cat?post=121050"},{"taxonomy":"product_tag","embeddable":true,"href":"https:\/\/shop.rettum.ee\/en\/wp-json\/wp\/v2\/product_tag?post=121050"},{"taxonomy":"pa_brand_name","embeddable":true,"href":"https:\/\/shop.rettum.ee\/en\/wp-json\/wp\/v2\/pa_brand_name?post=121050"}],"curies":[{"name":"wp","href":"https:\/\/api.w.org\/{rel}","templated":true}]}}