{"id":121051,"date":"2025-03-31T03:09:37","date_gmt":"2025-03-31T00:09:37","guid":{"rendered":"https:\/\/shop.rettum.ee\/toode\/195-65r15-continental-ultracontact-91h-elect-bab70\/"},"modified":"2026-03-22T03:07:06","modified_gmt":"2026-03-22T01:07:06","slug":"195-65r15-continental-ultracontact-91h-elect-bab70","status":"publish","type":"product","link":"https:\/\/shop.rettum.ee\/en\/product\/195-65r15-continental-ultracontact-91h-elect-bab70\/","title":{"rendered":"195\/65R15 CONTINENTAL ULTRACONTACT 91H Elect BAB70"},"content":{"rendered":"<p>195\/65R15 CONTINENTAL ULTRACONTACT 91H Elect BAB70 on tipptasemel rehv, mis on loodud tagama maksimaalse ohutuse ja j\u00f5udluse igas s\u00f5iduolukorras. Selle uuenduslik disain ja kvaliteetsed materjalid tagavad suurep\u00e4rase haardumise nii kuivadel kui m\u00e4rgadel teedel, pakkudes s\u00f5idukile stabiilsust ja kindlustunnet isegi ootamatutes man\u00f6\u00f6vrites.<\/p>\n<p>Rehvi 91 koormusindeks ja H kiirusklass annavad m\u00e4rku selle k\u00f5rgetest tehnilistest standarditest, muutes selle ideaalseks valikuks nii igap\u00e4evaseks s\u00f5iduks kui ka kiireks reageerimiseks liiklusoludes. Elekt versioon on spetsiaalselt optimeeritud elektriliste ja h\u00fcbriids\u00f5idukite jaoks, kus madal veeretakistus aitab v\u00e4hendada energiakulu ja parandada efektiivsust.<\/p>\n<p>CONTINENTAL ULTRACONTACT 91H Elect BAB70 \u00fchendab tipptasemel tehnoloogia, ohutuse ja vastupidavuse, pakkudes usaldusv\u00e4\u00e4rset ja mugavat s\u00f5idukogemust. Vali see rehv, et kogeda innovatsiooni ja kvaliteeti igal s\u00f5idul.<\/p>","protected":false},"excerpt":{"rendered":"<p>195\/65R15 CONTINENTAL ULTRACONTACT 91H Elect BAB70 on tipptasemel rehv, mis on loodud tagama maksimaalse ohutuse ja j\u00f5udluse igas s\u00f5iduolukorras. Selle uuenduslik disain ja kvaliteetsed materjalid tagavad suurep\u00e4rase haardumise nii kuivadel kui m\u00e4rgadel teedel, pakkudes s\u00f5idukile stabiilsust ja kindlustunnet isegi ootamatutes man\u00f6\u00f6vrites. Rehvi 91 koormusindeks ja H kiirusklass annavad m\u00e4rku selle k\u00f5rgetest tehnilistest standarditest, muutes selle [&hellip;]<\/p>\n","protected":false},"featured_media":124865,"template":"","meta":{"site-sidebar-layout":"default","site-content-layout":"","ast-site-content-layout":"","site-content-style":"default","site-sidebar-style":"default","ast-global-header-display":"","ast-banner-title-visibility":"","ast-main-header-display":"","ast-hfb-above-header-display":"","ast-hfb-below-header-display":"","ast-hfb-mobile-header-display":"","site-post-title":"","ast-breadcrumbs-content":"","ast-featured-img":"","footer-sml-layout":"","theme-transparent-header-meta":"","adv-header-id-meta":"","stick-header-meta":"","header-above-stick-meta":"","header-main-stick-meta":"","header-below-stick-meta":"","astra-migrate-meta-layouts":"default","ast-page-background-enabled":"default","ast-page-background-meta":{"desktop":{"background-color":"","background-image":"","background-repeat":"repeat","background-position":"center center","background-size":"auto","background-attachment":"scroll","background-type":"","background-media":"","overlay-type":"","overlay-color":"","overlay-opacity":"","overlay-gradient":""},"tablet":{"background-color":"","background-image":"","background-repeat":"repeat","background-position":"center center","background-size":"auto","background-attachment":"scroll","background-type":"","background-media":"","overlay-type":"","overlay-color":"","overlay-opacity":"","overlay-gradient":""},"mobile":{"background-color":"","background-image":"","background-repeat":"repeat","background-position":"center center","background-size":"auto","background-attachment":"scroll","background-type":"","background-media":"","overlay-type":"","overlay-color":"","overlay-opacity":"","overlay-gradient":""}},"ast-content-background-meta":{"desktop":{"background-color":"var(--ast-global-color-5)","background-image":"","background-repeat":"repeat","background-position":"center center","background-size":"auto","background-attachment":"scroll","background-type":"","background-media":"","overlay-type":"","overlay-color":"","overlay-opacity":"","overlay-gradient":""},"tablet":{"background-color":"var(--ast-global-color-5)","background-image":"","background-repeat":"repeat","background-position":"center center","background-size":"auto","background-attachment":"scroll","background-type":"","background-media":"","overlay-type":"","overlay-color":"","overlay-opacity":"","overlay-gradient":""},"mobile":{"background-color":"var(--ast-global-color-5)","background-image":"","background-repeat":"repeat","background-position":"center center","background-size":"auto","background-attachment":"scroll","background-type":"","background-media":"","overlay-type":"","overlay-color":"","overlay-opacity":"","overlay-gradient":""}}},"product_brand":[],"product_cat":[34225],"product_tag":[],"pa_brand_name":[25035],"class_list":{"0":"post-121051","1":"product","2":"type-product","3":"status-publish","4":"has-post-thumbnail","6":"product_cat-summer-tires-pv","7":"pa_brand_name-continental","8":"desktop-align-left","9":"tablet-align-left","10":"mobile-align-left","12":"first","13":"outofstock","14":"taxable","15":"shipping-taxable","16":"purchasable","17":"product-type-simple"},"_links":{"self":[{"href":"https:\/\/shop.rettum.ee\/en\/wp-json\/wp\/v2\/product\/121051","targetHints":{"allow":["GET"]}}],"collection":[{"href":"https:\/\/shop.rettum.ee\/en\/wp-json\/wp\/v2\/product"}],"about":[{"href":"https:\/\/shop.rettum.ee\/en\/wp-json\/wp\/v2\/types\/product"}],"version-history":[{"count":1,"href":"https:\/\/shop.rettum.ee\/en\/wp-json\/wp\/v2\/product\/121051\/revisions"}],"predecessor-version":[{"id":125542,"href":"https:\/\/shop.rettum.ee\/en\/wp-json\/wp\/v2\/product\/121051\/revisions\/125542"}],"wp:featuredmedia":[{"embeddable":true,"href":"https:\/\/shop.rettum.ee\/en\/wp-json\/wp\/v2\/media\/124865"}],"wp:attachment":[{"href":"https:\/\/shop.rettum.ee\/en\/wp-json\/wp\/v2\/media?parent=121051"}],"wp:term":[{"taxonomy":"product_brand","embeddable":true,"href":"https:\/\/shop.rettum.ee\/en\/wp-json\/wp\/v2\/product_brand?post=121051"},{"taxonomy":"product_cat","embeddable":true,"href":"https:\/\/shop.rettum.ee\/en\/wp-json\/wp\/v2\/product_cat?post=121051"},{"taxonomy":"product_tag","embeddable":true,"href":"https:\/\/shop.rettum.ee\/en\/wp-json\/wp\/v2\/product_tag?post=121051"},{"taxonomy":"pa_brand_name","embeddable":true,"href":"https:\/\/shop.rettum.ee\/en\/wp-json\/wp\/v2\/pa_brand_name?post=121051"}],"curies":[{"name":"wp","href":"https:\/\/api.w.org\/{rel}","templated":true}]}}