{"id":121053,"date":"2025-03-31T03:09:38","date_gmt":"2025-03-31T00:09:38","guid":{"rendered":"https:\/\/shop.rettum.ee\/toode\/215-60r16-continental-ultracontact-95v-elect-fr-bab69\/"},"modified":"2026-03-22T03:07:07","modified_gmt":"2026-03-22T01:07:07","slug":"215-60r16-continental-ultracontact-95v-elect-fr-bab69","status":"publish","type":"product","link":"https:\/\/shop.rettum.ee\/en\/product\/215-60r16-continental-ultracontact-95v-elect-fr-bab69\/","title":{"rendered":"215\/60R16 CONTINENTAL ULTRACONTACT 95V Elect FR BAB69"},"content":{"rendered":"<p>Tutvustame uut Continental UltraContact 215\/60R16 rehvi \u2013 usaldusv\u00e4\u00e4rne valik juhile, kes hindab nii ohutust kui ka s\u00f5idumugavust. Rehvi suurus 215\/60R16 tagab ideaalse tasakaalu stabiilsuse ja reageerimisv\u00f5ime vahel erinevates s\u00f5idutingimustes. Continental\u2019i tipptasemel rehvitehnoloogia v\u00f5imaldab saavutada suurep\u00e4rase pidamise nii m\u00e4rgadel kui ka kuivadel teedel, pakkudes turvalist ja kindlat s\u00f5idukogemust.<\/p>\n<p>Rehvil on m\u00e4rgitud kiirusindeks V ning koormusn\u00e4itaja 95, mis t\u00e4hendab suurep\u00e4raseid j\u00f5udlusomadusi igap\u00e4evases kasutuses. UltraContact seeria on loodud vastama kaasaegse auto n\u00f5uetele, parandades nii s\u00f5idumugavust kui ka k\u00fctuses\u00e4\u00e4stlikkust. Elect FR versioon annab lisav\u00e4\u00e4rtust t\u00e4nu t\u00e4iustatud disainile, mis aitab v\u00e4hendada veeretakistust ja parandada s\u00f5iduki k\u00e4itumist sassiselt.<\/p>\n<p>Continental UltraContact 215\/60R16 rehvid on ideaalne valik neile, kes soovivad usaldada oma s\u00f5idukit tipptasemel rehvidele, mis tagavad kvaliteedi ja turvalisuse igas olukorras. Telli endale Continental UltraContact rehvid ja koge s\u00f5idum\u00f5nu, kus kvaliteet ja ohutus k\u00e4ivad k\u00e4sik\u00e4es.<\/p>","protected":false},"excerpt":{"rendered":"<p>Tutvustame uut Continental UltraContact 215\/60R16 rehvi \u2013 usaldusv\u00e4\u00e4rne valik juhile, kes hindab nii ohutust kui ka s\u00f5idumugavust. Rehvi suurus 215\/60R16 tagab ideaalse tasakaalu stabiilsuse ja reageerimisv\u00f5ime vahel erinevates s\u00f5idutingimustes. Continental\u2019i tipptasemel rehvitehnoloogia v\u00f5imaldab saavutada suurep\u00e4rase pidamise nii m\u00e4rgadel kui ka kuivadel teedel, pakkudes turvalist ja kindlat s\u00f5idukogemust. Rehvil on m\u00e4rgitud kiirusindeks V ning koormusn\u00e4itaja 95, [&hellip;]<\/p>\n","protected":false},"featured_media":124865,"template":"","meta":{"site-sidebar-layout":"default","site-content-layout":"","ast-site-content-layout":"","site-content-style":"default","site-sidebar-style":"default","ast-global-header-display":"","ast-banner-title-visibility":"","ast-main-header-display":"","ast-hfb-above-header-display":"","ast-hfb-below-header-display":"","ast-hfb-mobile-header-display":"","site-post-title":"","ast-breadcrumbs-content":"","ast-featured-img":"","footer-sml-layout":"","theme-transparent-header-meta":"","adv-header-id-meta":"","stick-header-meta":"","header-above-stick-meta":"","header-main-stick-meta":"","header-below-stick-meta":"","astra-migrate-meta-layouts":"default","ast-page-background-enabled":"default","ast-page-background-meta":{"desktop":{"background-color":"","background-image":"","background-repeat":"repeat","background-position":"center center","background-size":"auto","background-attachment":"scroll","background-type":"","background-media":"","overlay-type":"","overlay-color":"","overlay-opacity":"","overlay-gradient":""},"tablet":{"background-color":"","background-image":"","background-repeat":"repeat","background-position":"center center","background-size":"auto","background-attachment":"scroll","background-type":"","background-media":"","overlay-type":"","overlay-color":"","overlay-opacity":"","overlay-gradient":""},"mobile":{"background-color":"","background-image":"","background-repeat":"repeat","background-position":"center center","background-size":"auto","background-attachment":"scroll","background-type":"","background-media":"","overlay-type":"","overlay-color":"","overlay-opacity":"","overlay-gradient":""}},"ast-content-background-meta":{"desktop":{"background-color":"var(--ast-global-color-5)","background-image":"","background-repeat":"repeat","background-position":"center center","background-size":"auto","background-attachment":"scroll","background-type":"","background-media":"","overlay-type":"","overlay-color":"","overlay-opacity":"","overlay-gradient":""},"tablet":{"background-color":"var(--ast-global-color-5)","background-image":"","background-repeat":"repeat","background-position":"center center","background-size":"auto","background-attachment":"scroll","background-type":"","background-media":"","overlay-type":"","overlay-color":"","overlay-opacity":"","overlay-gradient":""},"mobile":{"background-color":"var(--ast-global-color-5)","background-image":"","background-repeat":"repeat","background-position":"center center","background-size":"auto","background-attachment":"scroll","background-type":"","background-media":"","overlay-type":"","overlay-color":"","overlay-opacity":"","overlay-gradient":""}}},"product_brand":[],"product_cat":[34225],"product_tag":[],"pa_brand_name":[25035],"class_list":{"0":"post-121053","1":"product","2":"type-product","3":"status-publish","4":"has-post-thumbnail","6":"product_cat-summer-tires-pv","7":"pa_brand_name-continental","8":"desktop-align-left","9":"tablet-align-left","10":"mobile-align-left","12":"first","13":"outofstock","14":"taxable","15":"shipping-taxable","16":"purchasable","17":"product-type-simple"},"_links":{"self":[{"href":"https:\/\/shop.rettum.ee\/en\/wp-json\/wp\/v2\/product\/121053","targetHints":{"allow":["GET"]}}],"collection":[{"href":"https:\/\/shop.rettum.ee\/en\/wp-json\/wp\/v2\/product"}],"about":[{"href":"https:\/\/shop.rettum.ee\/en\/wp-json\/wp\/v2\/types\/product"}],"version-history":[{"count":1,"href":"https:\/\/shop.rettum.ee\/en\/wp-json\/wp\/v2\/product\/121053\/revisions"}],"predecessor-version":[{"id":125541,"href":"https:\/\/shop.rettum.ee\/en\/wp-json\/wp\/v2\/product\/121053\/revisions\/125541"}],"wp:featuredmedia":[{"embeddable":true,"href":"https:\/\/shop.rettum.ee\/en\/wp-json\/wp\/v2\/media\/124865"}],"wp:attachment":[{"href":"https:\/\/shop.rettum.ee\/en\/wp-json\/wp\/v2\/media?parent=121053"}],"wp:term":[{"taxonomy":"product_brand","embeddable":true,"href":"https:\/\/shop.rettum.ee\/en\/wp-json\/wp\/v2\/product_brand?post=121053"},{"taxonomy":"product_cat","embeddable":true,"href":"https:\/\/shop.rettum.ee\/en\/wp-json\/wp\/v2\/product_cat?post=121053"},{"taxonomy":"product_tag","embeddable":true,"href":"https:\/\/shop.rettum.ee\/en\/wp-json\/wp\/v2\/product_tag?post=121053"},{"taxonomy":"pa_brand_name","embeddable":true,"href":"https:\/\/shop.rettum.ee\/en\/wp-json\/wp\/v2\/pa_brand_name?post=121053"}],"curies":[{"name":"wp","href":"https:\/\/api.w.org\/{rel}","templated":true}]}}