{"id":121054,"date":"2025-03-31T03:09:39","date_gmt":"2025-03-31T00:09:39","guid":{"rendered":"https:\/\/shop.rettum.ee\/toode\/215-65r16-continental-ultracontact-98h-elect-bab69\/"},"modified":"2026-03-26T02:48:02","modified_gmt":"2026-03-26T00:48:02","slug":"215-65r16-continental-ultracontact-98h-elect-bab69","status":"publish","type":"product","link":"https:\/\/shop.rettum.ee\/en\/product\/215-65r16-continental-ultracontact-98h-elect-bab69\/","title":{"rendered":"215\/65R16 CONTINENTAL ULTRACONTACT 98H Elect BAB69"},"content":{"rendered":"<p>Continental Ultracontact 215\/65R16 rehv pakub s\u00f5itjatele usaldusv\u00e4\u00e4rsust, ohutust ja silmapaistvat j\u00f5udlust igal teel. Selle tipptasemel disain on loodud tagamaks maksimaalne haarduvus ja stabiilsus nii kuivadel kui ka m\u00e4rgadel teedel, v\u00f5imaldades sujuvat ja turvalist s\u00f5itu. Rehvi tehnoloogilised uuendused, sealhulgas madal veeretakistus ja t\u00f5hus j\u00f5u \u00fclekandmine, aitavad kaasa k\u00fctuses\u00e4\u00e4stlikkusele ja pikematele kasutusaegadele. <\/p>\n<p>Load index 98 ja kiirusindeks H tagavad rehvi k\u00f5rge koormustaluvuse ning sobiva kiirusv\u00f5ime, mis on oluline nii igap\u00e4evas\u00f5iduks kui ka pikki teekondi l\u00e4bides. Continental, tuntud oma innovatsiooni ja kvaliteedi poolest, on loonud selle mudeli, mis \u00fchendab tipptasemel tehnoloogia ja praktilise disaini, pakkudes s\u00f5idukile lisastabiilsust ning parem kontroll raskustes olukordades. <\/p>\n<p>Continental Ultracontact 215\/65R16 on ideaalne valik neile, kes hindavad ohutust ja j\u00f5udlust igal teekonnal, muutes selle rehvi usaldusv\u00e4\u00e4rseks kaaslaseks igap\u00e4evases s\u00f5idus ja pikalt m\u00f6\u00f6da avatud teid.<\/p>","protected":false},"excerpt":{"rendered":"<p>Continental Ultracontact 215\/65R16 rehv pakub s\u00f5itjatele usaldusv\u00e4\u00e4rsust, ohutust ja silmapaistvat j\u00f5udlust igal teel. Selle tipptasemel disain on loodud tagamaks maksimaalne haarduvus ja stabiilsus nii kuivadel kui ka m\u00e4rgadel teedel, v\u00f5imaldades sujuvat ja turvalist s\u00f5itu. Rehvi tehnoloogilised uuendused, sealhulgas madal veeretakistus ja t\u00f5hus j\u00f5u \u00fclekandmine, aitavad kaasa k\u00fctuses\u00e4\u00e4stlikkusele ja pikematele kasutusaegadele. Load index 98 ja kiirusindeks [&hellip;]<\/p>\n","protected":false},"featured_media":124865,"template":"","meta":{"site-sidebar-layout":"default","site-content-layout":"","ast-site-content-layout":"","site-content-style":"default","site-sidebar-style":"default","ast-global-header-display":"","ast-banner-title-visibility":"","ast-main-header-display":"","ast-hfb-above-header-display":"","ast-hfb-below-header-display":"","ast-hfb-mobile-header-display":"","site-post-title":"","ast-breadcrumbs-content":"","ast-featured-img":"","footer-sml-layout":"","theme-transparent-header-meta":"","adv-header-id-meta":"","stick-header-meta":"","header-above-stick-meta":"","header-main-stick-meta":"","header-below-stick-meta":"","astra-migrate-meta-layouts":"default","ast-page-background-enabled":"default","ast-page-background-meta":{"desktop":{"background-color":"","background-image":"","background-repeat":"repeat","background-position":"center center","background-size":"auto","background-attachment":"scroll","background-type":"","background-media":"","overlay-type":"","overlay-color":"","overlay-opacity":"","overlay-gradient":""},"tablet":{"background-color":"","background-image":"","background-repeat":"repeat","background-position":"center center","background-size":"auto","background-attachment":"scroll","background-type":"","background-media":"","overlay-type":"","overlay-color":"","overlay-opacity":"","overlay-gradient":""},"mobile":{"background-color":"","background-image":"","background-repeat":"repeat","background-position":"center center","background-size":"auto","background-attachment":"scroll","background-type":"","background-media":"","overlay-type":"","overlay-color":"","overlay-opacity":"","overlay-gradient":""}},"ast-content-background-meta":{"desktop":{"background-color":"var(--ast-global-color-5)","background-image":"","background-repeat":"repeat","background-position":"center center","background-size":"auto","background-attachment":"scroll","background-type":"","background-media":"","overlay-type":"","overlay-color":"","overlay-opacity":"","overlay-gradient":""},"tablet":{"background-color":"var(--ast-global-color-5)","background-image":"","background-repeat":"repeat","background-position":"center center","background-size":"auto","background-attachment":"scroll","background-type":"","background-media":"","overlay-type":"","overlay-color":"","overlay-opacity":"","overlay-gradient":""},"mobile":{"background-color":"var(--ast-global-color-5)","background-image":"","background-repeat":"repeat","background-position":"center center","background-size":"auto","background-attachment":"scroll","background-type":"","background-media":"","overlay-type":"","overlay-color":"","overlay-opacity":"","overlay-gradient":""}}},"product_brand":[],"product_cat":[34225],"product_tag":[],"pa_brand_name":[25035],"class_list":{"0":"post-121054","1":"product","2":"type-product","3":"status-publish","4":"has-post-thumbnail","6":"product_cat-summer-tires-pv","7":"pa_brand_name-continental","8":"desktop-align-left","9":"tablet-align-left","10":"mobile-align-left","12":"first","13":"instock","14":"taxable","15":"shipping-taxable","16":"purchasable","17":"product-type-simple"},"_links":{"self":[{"href":"https:\/\/shop.rettum.ee\/en\/wp-json\/wp\/v2\/product\/121054","targetHints":{"allow":["GET"]}}],"collection":[{"href":"https:\/\/shop.rettum.ee\/en\/wp-json\/wp\/v2\/product"}],"about":[{"href":"https:\/\/shop.rettum.ee\/en\/wp-json\/wp\/v2\/types\/product"}],"version-history":[{"count":1,"href":"https:\/\/shop.rettum.ee\/en\/wp-json\/wp\/v2\/product\/121054\/revisions"}],"predecessor-version":[{"id":125540,"href":"https:\/\/shop.rettum.ee\/en\/wp-json\/wp\/v2\/product\/121054\/revisions\/125540"}],"wp:featuredmedia":[{"embeddable":true,"href":"https:\/\/shop.rettum.ee\/en\/wp-json\/wp\/v2\/media\/124865"}],"wp:attachment":[{"href":"https:\/\/shop.rettum.ee\/en\/wp-json\/wp\/v2\/media?parent=121054"}],"wp:term":[{"taxonomy":"product_brand","embeddable":true,"href":"https:\/\/shop.rettum.ee\/en\/wp-json\/wp\/v2\/product_brand?post=121054"},{"taxonomy":"product_cat","embeddable":true,"href":"https:\/\/shop.rettum.ee\/en\/wp-json\/wp\/v2\/product_cat?post=121054"},{"taxonomy":"product_tag","embeddable":true,"href":"https:\/\/shop.rettum.ee\/en\/wp-json\/wp\/v2\/product_tag?post=121054"},{"taxonomy":"pa_brand_name","embeddable":true,"href":"https:\/\/shop.rettum.ee\/en\/wp-json\/wp\/v2\/pa_brand_name?post=121054"}],"curies":[{"name":"wp","href":"https:\/\/api.w.org\/{rel}","templated":true}]}}