{"id":121055,"date":"2025-03-31T03:09:40","date_gmt":"2025-03-31T00:09:40","guid":{"rendered":"https:\/\/shop.rettum.ee\/toode\/215-45r17-continental-ultracontact-91y-xl-elect-fr-bab70\/"},"modified":"2026-03-22T03:07:07","modified_gmt":"2026-03-22T01:07:07","slug":"215-45r17-continental-ultracontact-91y-xl-elect-fr-bab70","status":"publish","type":"product","link":"https:\/\/shop.rettum.ee\/en\/product\/215-45r17-continental-ultracontact-91y-xl-elect-fr-bab70\/","title":{"rendered":"215\/45R17 CONTINENTAL ULTRACONTACT 91Y XL Elect FR BAB70"},"content":{"rendered":"<p>Continental UltraContact 91Y XL Elect FR BAB70 rehv pakub silmapaistvat j\u00f5udlust ja turvalisust igas s\u00f5idutingimuses. Selles rehvis on 215\/45R17 m\u00f5\u00f5tu ja nutika disainiga konstrueeritud, et tagada maksimaalne haarduvus ja stabiilsus nii kuivadel kui ka m\u00e4rgadel teedel. XL klassi tugevus ja 91Y kiirusindeks v\u00f5imaldavad kindlat ja usaldusv\u00e4\u00e4rset s\u00f5idukogemust ka n\u00f5udlikumates olukordades, pakkudes kiiret reageerimist ja l\u00fchemaid pidurdusteid.<\/p>\n<p>Innovatiivne Elect FR BAB70 mustri lahendus on m\u00f5eldud optimeerima juhitavust ning v\u00e4hendama veeretakistust, parandades seel\u00e4bi k\u00fctuses\u00e4\u00e4stlikkust ja v\u00e4hendades keskkonnajalaj\u00e4lge. Continental UltraContact rehvi kvaliteet ja uusimad tehnoloogiad vastavad k\u00f5rgeimatele ohutusstandarditele, pakkudes esmaklassilist sooritust nii igap\u00e4evasel s\u00f5idul kui ka sportlikumal teek\u00e4igul.<\/p>\n<p>Valides selle rehviku, kindlustate endale turvalise ja vastupidava s\u00f5idukogemuse, mis sobib suurep\u00e4raselt t\u00e4navatele ja j\u00f5usaaladele. Continental UltraContact 91Y XL Elect FR BAB70 on ideaalne lahendus s\u00f5iduki efektiivsuse ja s\u00f5iduomaduste t\u00e4iustamiseks.<\/p>","protected":false},"excerpt":{"rendered":"<p>Continental UltraContact 91Y XL Elect FR BAB70 rehv pakub silmapaistvat j\u00f5udlust ja turvalisust igas s\u00f5idutingimuses. Selles rehvis on 215\/45R17 m\u00f5\u00f5tu ja nutika disainiga konstrueeritud, et tagada maksimaalne haarduvus ja stabiilsus nii kuivadel kui ka m\u00e4rgadel teedel. XL klassi tugevus ja 91Y kiirusindeks v\u00f5imaldavad kindlat ja usaldusv\u00e4\u00e4rset s\u00f5idukogemust ka n\u00f5udlikumates olukordades, pakkudes kiiret reageerimist ja l\u00fchemaid [&hellip;]<\/p>\n","protected":false},"featured_media":124865,"template":"","meta":{"site-sidebar-layout":"default","site-content-layout":"","ast-site-content-layout":"","site-content-style":"default","site-sidebar-style":"default","ast-global-header-display":"","ast-banner-title-visibility":"","ast-main-header-display":"","ast-hfb-above-header-display":"","ast-hfb-below-header-display":"","ast-hfb-mobile-header-display":"","site-post-title":"","ast-breadcrumbs-content":"","ast-featured-img":"","footer-sml-layout":"","theme-transparent-header-meta":"","adv-header-id-meta":"","stick-header-meta":"","header-above-stick-meta":"","header-main-stick-meta":"","header-below-stick-meta":"","astra-migrate-meta-layouts":"default","ast-page-background-enabled":"default","ast-page-background-meta":{"desktop":{"background-color":"","background-image":"","background-repeat":"repeat","background-position":"center center","background-size":"auto","background-attachment":"scroll","background-type":"","background-media":"","overlay-type":"","overlay-color":"","overlay-opacity":"","overlay-gradient":""},"tablet":{"background-color":"","background-image":"","background-repeat":"repeat","background-position":"center center","background-size":"auto","background-attachment":"scroll","background-type":"","background-media":"","overlay-type":"","overlay-color":"","overlay-opacity":"","overlay-gradient":""},"mobile":{"background-color":"","background-image":"","background-repeat":"repeat","background-position":"center center","background-size":"auto","background-attachment":"scroll","background-type":"","background-media":"","overlay-type":"","overlay-color":"","overlay-opacity":"","overlay-gradient":""}},"ast-content-background-meta":{"desktop":{"background-color":"var(--ast-global-color-5)","background-image":"","background-repeat":"repeat","background-position":"center center","background-size":"auto","background-attachment":"scroll","background-type":"","background-media":"","overlay-type":"","overlay-color":"","overlay-opacity":"","overlay-gradient":""},"tablet":{"background-color":"var(--ast-global-color-5)","background-image":"","background-repeat":"repeat","background-position":"center center","background-size":"auto","background-attachment":"scroll","background-type":"","background-media":"","overlay-type":"","overlay-color":"","overlay-opacity":"","overlay-gradient":""},"mobile":{"background-color":"var(--ast-global-color-5)","background-image":"","background-repeat":"repeat","background-position":"center center","background-size":"auto","background-attachment":"scroll","background-type":"","background-media":"","overlay-type":"","overlay-color":"","overlay-opacity":"","overlay-gradient":""}}},"product_brand":[],"product_cat":[34225],"product_tag":[],"pa_brand_name":[25035],"class_list":{"0":"post-121055","1":"product","2":"type-product","3":"status-publish","4":"has-post-thumbnail","6":"product_cat-summer-tires-pv","7":"pa_brand_name-continental","8":"desktop-align-left","9":"tablet-align-left","10":"mobile-align-left","12":"first","13":"outofstock","14":"taxable","15":"shipping-taxable","16":"purchasable","17":"product-type-simple"},"_links":{"self":[{"href":"https:\/\/shop.rettum.ee\/en\/wp-json\/wp\/v2\/product\/121055","targetHints":{"allow":["GET"]}}],"collection":[{"href":"https:\/\/shop.rettum.ee\/en\/wp-json\/wp\/v2\/product"}],"about":[{"href":"https:\/\/shop.rettum.ee\/en\/wp-json\/wp\/v2\/types\/product"}],"version-history":[{"count":1,"href":"https:\/\/shop.rettum.ee\/en\/wp-json\/wp\/v2\/product\/121055\/revisions"}],"predecessor-version":[{"id":125538,"href":"https:\/\/shop.rettum.ee\/en\/wp-json\/wp\/v2\/product\/121055\/revisions\/125538"}],"wp:featuredmedia":[{"embeddable":true,"href":"https:\/\/shop.rettum.ee\/en\/wp-json\/wp\/v2\/media\/124865"}],"wp:attachment":[{"href":"https:\/\/shop.rettum.ee\/en\/wp-json\/wp\/v2\/media?parent=121055"}],"wp:term":[{"taxonomy":"product_brand","embeddable":true,"href":"https:\/\/shop.rettum.ee\/en\/wp-json\/wp\/v2\/product_brand?post=121055"},{"taxonomy":"product_cat","embeddable":true,"href":"https:\/\/shop.rettum.ee\/en\/wp-json\/wp\/v2\/product_cat?post=121055"},{"taxonomy":"product_tag","embeddable":true,"href":"https:\/\/shop.rettum.ee\/en\/wp-json\/wp\/v2\/product_tag?post=121055"},{"taxonomy":"pa_brand_name","embeddable":true,"href":"https:\/\/shop.rettum.ee\/en\/wp-json\/wp\/v2\/pa_brand_name?post=121055"}],"curies":[{"name":"wp","href":"https:\/\/api.w.org\/{rel}","templated":true}]}}