{"id":121056,"date":"2025-03-31T03:09:40","date_gmt":"2025-03-31T00:09:40","guid":{"rendered":"https:\/\/shop.rettum.ee\/toode\/215-55r17-continental-ultracontact-94v-elect-fr-bab69\/"},"modified":"2026-03-22T03:07:07","modified_gmt":"2026-03-22T01:07:07","slug":"215-55r17-continental-ultracontact-94v-elect-fr-bab69","status":"publish","type":"product","link":"https:\/\/shop.rettum.ee\/en\/product\/215-55r17-continental-ultracontact-94v-elect-fr-bab69\/","title":{"rendered":"215\/55R17 CONTINENTAL ULTRACONTACT 94V Elect FR BAB69"},"content":{"rendered":"<p>Continental ULTRACONTACT 94V Elect FR BAB69 rehvid on loodud pakkuma maksimaalset s\u00f5idukontrolli ja ohutust igas olukorras. Rehvi m\u00f5\u00f5tmed 215\/55R17 sobivad ideaalselt kaasaegsete s\u00f5iduautode vajadustega, tagades suurep\u00e4rase haardumise nii kuivadel kui ka m\u00e4rjadel teedel. Rehvi innovatiivne disain ja tipptasemel tehnoloogiad v\u00f5imaldavad kiireid ning t\u00e4pseid man\u00f6\u00f6vreid, v\u00e4hendades veoj\u00f5u kadu ja pakkudes kindlat stabiilsust eri kiirustel.<\/p>\n<p>Load indeks 94 ja kiirusindeks V (s\u00f5idukiiruseni kuni 240 km\/h) annavad kindlustunde ka intensiivse kasutamise korral, muutes need rehvid t\u00f6\u00f6kindlaks valikuks igap\u00e4evaseks s\u00f5iduks. Continental on tuntud oma p\u00fchendumuse poolest kvaliteedile ja ohutusele, mist\u00f5ttu on ULTRACONTACT seeria ideaalne lahendus neile, kes hindavad nii praktilisust kui ka uuenduslikku tehnoloogiat.<\/p>\n<p>Valides Continental ULTRACONTACT 94V Elect FR BAB69 rehvid, tagate endale usaldusv\u00e4\u00e4rse ja k\u00fctuses\u00e4\u00e4stliku s\u00f5idukogemuse, kusjuures ohutus ja s\u00f5idur\u00f5\u00f5m on alati esikohal.<\/p>","protected":false},"excerpt":{"rendered":"<p>Continental ULTRACONTACT 94V Elect FR BAB69 rehvid on loodud pakkuma maksimaalset s\u00f5idukontrolli ja ohutust igas olukorras. Rehvi m\u00f5\u00f5tmed 215\/55R17 sobivad ideaalselt kaasaegsete s\u00f5iduautode vajadustega, tagades suurep\u00e4rase haardumise nii kuivadel kui ka m\u00e4rjadel teedel. Rehvi innovatiivne disain ja tipptasemel tehnoloogiad v\u00f5imaldavad kiireid ning t\u00e4pseid man\u00f6\u00f6vreid, v\u00e4hendades veoj\u00f5u kadu ja pakkudes kindlat stabiilsust eri kiirustel. Load indeks [&hellip;]<\/p>\n","protected":false},"featured_media":124865,"template":"","meta":{"site-sidebar-layout":"default","site-content-layout":"","ast-site-content-layout":"","site-content-style":"default","site-sidebar-style":"default","ast-global-header-display":"","ast-banner-title-visibility":"","ast-main-header-display":"","ast-hfb-above-header-display":"","ast-hfb-below-header-display":"","ast-hfb-mobile-header-display":"","site-post-title":"","ast-breadcrumbs-content":"","ast-featured-img":"","footer-sml-layout":"","theme-transparent-header-meta":"","adv-header-id-meta":"","stick-header-meta":"","header-above-stick-meta":"","header-main-stick-meta":"","header-below-stick-meta":"","astra-migrate-meta-layouts":"default","ast-page-background-enabled":"default","ast-page-background-meta":{"desktop":{"background-color":"","background-image":"","background-repeat":"repeat","background-position":"center center","background-size":"auto","background-attachment":"scroll","background-type":"","background-media":"","overlay-type":"","overlay-color":"","overlay-opacity":"","overlay-gradient":""},"tablet":{"background-color":"","background-image":"","background-repeat":"repeat","background-position":"center center","background-size":"auto","background-attachment":"scroll","background-type":"","background-media":"","overlay-type":"","overlay-color":"","overlay-opacity":"","overlay-gradient":""},"mobile":{"background-color":"","background-image":"","background-repeat":"repeat","background-position":"center center","background-size":"auto","background-attachment":"scroll","background-type":"","background-media":"","overlay-type":"","overlay-color":"","overlay-opacity":"","overlay-gradient":""}},"ast-content-background-meta":{"desktop":{"background-color":"var(--ast-global-color-5)","background-image":"","background-repeat":"repeat","background-position":"center center","background-size":"auto","background-attachment":"scroll","background-type":"","background-media":"","overlay-type":"","overlay-color":"","overlay-opacity":"","overlay-gradient":""},"tablet":{"background-color":"var(--ast-global-color-5)","background-image":"","background-repeat":"repeat","background-position":"center center","background-size":"auto","background-attachment":"scroll","background-type":"","background-media":"","overlay-type":"","overlay-color":"","overlay-opacity":"","overlay-gradient":""},"mobile":{"background-color":"var(--ast-global-color-5)","background-image":"","background-repeat":"repeat","background-position":"center center","background-size":"auto","background-attachment":"scroll","background-type":"","background-media":"","overlay-type":"","overlay-color":"","overlay-opacity":"","overlay-gradient":""}}},"product_brand":[],"product_cat":[34225],"product_tag":[],"pa_brand_name":[25035],"class_list":{"0":"post-121056","1":"product","2":"type-product","3":"status-publish","4":"has-post-thumbnail","6":"product_cat-summer-tires-pv","7":"pa_brand_name-continental","8":"desktop-align-left","9":"tablet-align-left","10":"mobile-align-left","12":"first","13":"outofstock","14":"taxable","15":"shipping-taxable","16":"purchasable","17":"product-type-simple"},"_links":{"self":[{"href":"https:\/\/shop.rettum.ee\/en\/wp-json\/wp\/v2\/product\/121056","targetHints":{"allow":["GET"]}}],"collection":[{"href":"https:\/\/shop.rettum.ee\/en\/wp-json\/wp\/v2\/product"}],"about":[{"href":"https:\/\/shop.rettum.ee\/en\/wp-json\/wp\/v2\/types\/product"}],"version-history":[{"count":1,"href":"https:\/\/shop.rettum.ee\/en\/wp-json\/wp\/v2\/product\/121056\/revisions"}],"predecessor-version":[{"id":125539,"href":"https:\/\/shop.rettum.ee\/en\/wp-json\/wp\/v2\/product\/121056\/revisions\/125539"}],"wp:featuredmedia":[{"embeddable":true,"href":"https:\/\/shop.rettum.ee\/en\/wp-json\/wp\/v2\/media\/124865"}],"wp:attachment":[{"href":"https:\/\/shop.rettum.ee\/en\/wp-json\/wp\/v2\/media?parent=121056"}],"wp:term":[{"taxonomy":"product_brand","embeddable":true,"href":"https:\/\/shop.rettum.ee\/en\/wp-json\/wp\/v2\/product_brand?post=121056"},{"taxonomy":"product_cat","embeddable":true,"href":"https:\/\/shop.rettum.ee\/en\/wp-json\/wp\/v2\/product_cat?post=121056"},{"taxonomy":"product_tag","embeddable":true,"href":"https:\/\/shop.rettum.ee\/en\/wp-json\/wp\/v2\/product_tag?post=121056"},{"taxonomy":"pa_brand_name","embeddable":true,"href":"https:\/\/shop.rettum.ee\/en\/wp-json\/wp\/v2\/pa_brand_name?post=121056"}],"curies":[{"name":"wp","href":"https:\/\/api.w.org\/{rel}","templated":true}]}}