{"id":121057,"date":"2025-03-31T03:09:41","date_gmt":"2025-03-31T00:09:41","guid":{"rendered":"https:\/\/shop.rettum.ee\/toode\/215-60r17-continental-ultracontact-96h-elect-fr-bab69\/"},"modified":"2026-03-22T03:07:07","modified_gmt":"2026-03-22T01:07:07","slug":"215-60r17-continental-ultracontact-96h-elect-fr-bab69","status":"publish","type":"product","link":"https:\/\/shop.rettum.ee\/en\/product\/215-60r17-continental-ultracontact-96h-elect-fr-bab69\/","title":{"rendered":"215\/60R17 CONTINENTAL ULTRACONTACT 96H Elect FR BAB69"},"content":{"rendered":"<p>Avasta uue s\u00f5idukogemuse tipp \u2013 Continental UltraContact 96H Elect FR BAB69 rehv. Selle m\u00f5\u00f5tud 215\/60R17 tagavad t\u00e4pse sobivuse ja optimaalse s\u00f5idumugavuse. Continental on tuntud oma innovaatiliste ja kvaliteetsete rehvide poolest, mis \u00fchendavad tipptasemel ohutuse ja suurep\u00e4rase haarduvuse nii m\u00e4rgadel kui ka kuival teel.<\/p>\n<p>UltraContact rehv on loodud pakkuma t\u00e4pseid juhitavusomadusi ja madalat veeretakistust, v\u00e4hendades k\u00fctusekulu ning parandades s\u00f5idukit\u00f5husust. Rehvi disain on hoolikalt v\u00e4lja t\u00f6\u00f6tatud, et tagada maksimaalne pidurdusjuhtimine ning stabiilsus k\u00f5rgetel kiirustel, toetades nii sportlikku kui ka tavakasutust.<\/p>\n<p>Lisaks tehnilisele tipptasemele on Continental UltraContact 96H Elect FR BAB69 rehvil usaldusv\u00e4\u00e4rne j\u00f5udlus igap\u00e4evasel teekonnal. Investeeri oma s\u00f5idukisse ja naudi ohutut, stiilset ning s\u00e4\u00e4stvat s\u00f5itu, mida see reinv on lubanud pakkuda igal kurvil ja sirgel teel.<\/p>","protected":false},"excerpt":{"rendered":"<p>Avasta uue s\u00f5idukogemuse tipp \u2013 Continental UltraContact 96H Elect FR BAB69 rehv. Selle m\u00f5\u00f5tud 215\/60R17 tagavad t\u00e4pse sobivuse ja optimaalse s\u00f5idumugavuse. Continental on tuntud oma innovaatiliste ja kvaliteetsete rehvide poolest, mis \u00fchendavad tipptasemel ohutuse ja suurep\u00e4rase haarduvuse nii m\u00e4rgadel kui ka kuival teel. UltraContact rehv on loodud pakkuma t\u00e4pseid juhitavusomadusi ja madalat veeretakistust, v\u00e4hendades k\u00fctusekulu [&hellip;]<\/p>\n","protected":false},"featured_media":124865,"template":"","meta":{"site-sidebar-layout":"default","site-content-layout":"","ast-site-content-layout":"","site-content-style":"default","site-sidebar-style":"default","ast-global-header-display":"","ast-banner-title-visibility":"","ast-main-header-display":"","ast-hfb-above-header-display":"","ast-hfb-below-header-display":"","ast-hfb-mobile-header-display":"","site-post-title":"","ast-breadcrumbs-content":"","ast-featured-img":"","footer-sml-layout":"","theme-transparent-header-meta":"","adv-header-id-meta":"","stick-header-meta":"","header-above-stick-meta":"","header-main-stick-meta":"","header-below-stick-meta":"","astra-migrate-meta-layouts":"default","ast-page-background-enabled":"default","ast-page-background-meta":{"desktop":{"background-color":"","background-image":"","background-repeat":"repeat","background-position":"center center","background-size":"auto","background-attachment":"scroll","background-type":"","background-media":"","overlay-type":"","overlay-color":"","overlay-opacity":"","overlay-gradient":""},"tablet":{"background-color":"","background-image":"","background-repeat":"repeat","background-position":"center center","background-size":"auto","background-attachment":"scroll","background-type":"","background-media":"","overlay-type":"","overlay-color":"","overlay-opacity":"","overlay-gradient":""},"mobile":{"background-color":"","background-image":"","background-repeat":"repeat","background-position":"center center","background-size":"auto","background-attachment":"scroll","background-type":"","background-media":"","overlay-type":"","overlay-color":"","overlay-opacity":"","overlay-gradient":""}},"ast-content-background-meta":{"desktop":{"background-color":"var(--ast-global-color-5)","background-image":"","background-repeat":"repeat","background-position":"center center","background-size":"auto","background-attachment":"scroll","background-type":"","background-media":"","overlay-type":"","overlay-color":"","overlay-opacity":"","overlay-gradient":""},"tablet":{"background-color":"var(--ast-global-color-5)","background-image":"","background-repeat":"repeat","background-position":"center center","background-size":"auto","background-attachment":"scroll","background-type":"","background-media":"","overlay-type":"","overlay-color":"","overlay-opacity":"","overlay-gradient":""},"mobile":{"background-color":"var(--ast-global-color-5)","background-image":"","background-repeat":"repeat","background-position":"center center","background-size":"auto","background-attachment":"scroll","background-type":"","background-media":"","overlay-type":"","overlay-color":"","overlay-opacity":"","overlay-gradient":""}}},"product_brand":[],"product_cat":[34225],"product_tag":[],"pa_brand_name":[25035],"class_list":{"0":"post-121057","1":"product","2":"type-product","3":"status-publish","4":"has-post-thumbnail","6":"product_cat-summer-tires-pv","7":"pa_brand_name-continental","8":"desktop-align-left","9":"tablet-align-left","10":"mobile-align-left","12":"first","13":"outofstock","14":"taxable","15":"shipping-taxable","16":"purchasable","17":"product-type-simple"},"_links":{"self":[{"href":"https:\/\/shop.rettum.ee\/en\/wp-json\/wp\/v2\/product\/121057","targetHints":{"allow":["GET"]}}],"collection":[{"href":"https:\/\/shop.rettum.ee\/en\/wp-json\/wp\/v2\/product"}],"about":[{"href":"https:\/\/shop.rettum.ee\/en\/wp-json\/wp\/v2\/types\/product"}],"version-history":[{"count":1,"href":"https:\/\/shop.rettum.ee\/en\/wp-json\/wp\/v2\/product\/121057\/revisions"}],"predecessor-version":[{"id":125537,"href":"https:\/\/shop.rettum.ee\/en\/wp-json\/wp\/v2\/product\/121057\/revisions\/125537"}],"wp:featuredmedia":[{"embeddable":true,"href":"https:\/\/shop.rettum.ee\/en\/wp-json\/wp\/v2\/media\/124865"}],"wp:attachment":[{"href":"https:\/\/shop.rettum.ee\/en\/wp-json\/wp\/v2\/media?parent=121057"}],"wp:term":[{"taxonomy":"product_brand","embeddable":true,"href":"https:\/\/shop.rettum.ee\/en\/wp-json\/wp\/v2\/product_brand?post=121057"},{"taxonomy":"product_cat","embeddable":true,"href":"https:\/\/shop.rettum.ee\/en\/wp-json\/wp\/v2\/product_cat?post=121057"},{"taxonomy":"product_tag","embeddable":true,"href":"https:\/\/shop.rettum.ee\/en\/wp-json\/wp\/v2\/product_tag?post=121057"},{"taxonomy":"pa_brand_name","embeddable":true,"href":"https:\/\/shop.rettum.ee\/en\/wp-json\/wp\/v2\/pa_brand_name?post=121057"}],"curies":[{"name":"wp","href":"https:\/\/api.w.org\/{rel}","templated":true}]}}