{"id":121058,"date":"2025-03-31T03:09:42","date_gmt":"2025-03-31T00:09:42","guid":{"rendered":"https:\/\/shop.rettum.ee\/toode\/225-45r17-continental-ultracontact-94w-xl-elect-fr-bab70\/"},"modified":"2026-03-28T02:50:55","modified_gmt":"2026-03-28T00:50:55","slug":"225-45r17-continental-ultracontact-94w-xl-elect-fr-bab70","status":"publish","type":"product","link":"https:\/\/shop.rettum.ee\/en\/product\/225-45r17-continental-ultracontact-94w-xl-elect-fr-bab70\/","title":{"rendered":"225\/45R17 CONTINENTAL ULTRACONTACT 94W XL Elect FR BAB70"},"content":{"rendered":"<p>Kontinentaalne ULTRACONTACT 94W XL Elect FR BAB70 on tipptasemel s\u00f5iduohutust ja j\u00f5udlust pakkuv suvistehnoloogiline rehv. Selle t\u00e4pne rehvisuur 225\/45R17 on loodud kaasaegsete s\u00f5idukite n\u00f5udmistele, tagades suurep\u00e4rase stabiilsuse ja juhatavuse nii kuivadel kui m\u00e4rgadel teedel. Rehvi 94 loadindeks ja W-kiirusklassi (kuni 270 km\/h) v\u00f5imaldavad sportlikku ja d\u00fcnaamilist s\u00f5iduomadust, s\u00e4ilitades samas suurep\u00e4rase k\u00fctuses\u00e4\u00e4stlikkuse. XL-versioon tagab t\u00e4iendava koormustaluvuse, pakkudes usaldusv\u00e4\u00e4rset turvalisust ka intensiivsetes s\u00f5idutingimustes.<\/p>\n<p>Innovatiivne Elect tehnoloogia sobitab rehvi ideaalselt t\u00e4nap\u00e4evaste elektri- ja h\u00fcbriids\u00f5idukite vajadustega, pakkudes madalama veeretakistuse ja optimeeritud j\u00f5udluse eeliseid. Continental on tuntud oma rangete kvaliteedistandardite poolest ning see rehv kinnitab br\u00e4ndi p\u00fchendumust pakkuda tipptasemel s\u00f5idukogemust, kus ohutus, vastupidavus ja s\u00f5idur\u00f5\u00f5m on iga kilomeetri peal tunnustatud.<\/p>","protected":false},"excerpt":{"rendered":"<p>Kontinentaalne ULTRACONTACT 94W XL Elect FR BAB70 on tipptasemel s\u00f5iduohutust ja j\u00f5udlust pakkuv suvistehnoloogiline rehv. Selle t\u00e4pne rehvisuur 225\/45R17 on loodud kaasaegsete s\u00f5idukite n\u00f5udmistele, tagades suurep\u00e4rase stabiilsuse ja juhatavuse nii kuivadel kui m\u00e4rgadel teedel. Rehvi 94 loadindeks ja W-kiirusklassi (kuni 270 km\/h) v\u00f5imaldavad sportlikku ja d\u00fcnaamilist s\u00f5iduomadust, s\u00e4ilitades samas suurep\u00e4rase k\u00fctuses\u00e4\u00e4stlikkuse. XL-versioon tagab t\u00e4iendava koormustaluvuse, [&hellip;]<\/p>\n","protected":false},"featured_media":124865,"template":"","meta":{"site-sidebar-layout":"default","site-content-layout":"","ast-site-content-layout":"","site-content-style":"default","site-sidebar-style":"default","ast-global-header-display":"","ast-banner-title-visibility":"","ast-main-header-display":"","ast-hfb-above-header-display":"","ast-hfb-below-header-display":"","ast-hfb-mobile-header-display":"","site-post-title":"","ast-breadcrumbs-content":"","ast-featured-img":"","footer-sml-layout":"","theme-transparent-header-meta":"","adv-header-id-meta":"","stick-header-meta":"","header-above-stick-meta":"","header-main-stick-meta":"","header-below-stick-meta":"","astra-migrate-meta-layouts":"default","ast-page-background-enabled":"default","ast-page-background-meta":{"desktop":{"background-color":"","background-image":"","background-repeat":"repeat","background-position":"center center","background-size":"auto","background-attachment":"scroll","background-type":"","background-media":"","overlay-type":"","overlay-color":"","overlay-opacity":"","overlay-gradient":""},"tablet":{"background-color":"","background-image":"","background-repeat":"repeat","background-position":"center center","background-size":"auto","background-attachment":"scroll","background-type":"","background-media":"","overlay-type":"","overlay-color":"","overlay-opacity":"","overlay-gradient":""},"mobile":{"background-color":"","background-image":"","background-repeat":"repeat","background-position":"center center","background-size":"auto","background-attachment":"scroll","background-type":"","background-media":"","overlay-type":"","overlay-color":"","overlay-opacity":"","overlay-gradient":""}},"ast-content-background-meta":{"desktop":{"background-color":"var(--ast-global-color-5)","background-image":"","background-repeat":"repeat","background-position":"center center","background-size":"auto","background-attachment":"scroll","background-type":"","background-media":"","overlay-type":"","overlay-color":"","overlay-opacity":"","overlay-gradient":""},"tablet":{"background-color":"var(--ast-global-color-5)","background-image":"","background-repeat":"repeat","background-position":"center center","background-size":"auto","background-attachment":"scroll","background-type":"","background-media":"","overlay-type":"","overlay-color":"","overlay-opacity":"","overlay-gradient":""},"mobile":{"background-color":"var(--ast-global-color-5)","background-image":"","background-repeat":"repeat","background-position":"center center","background-size":"auto","background-attachment":"scroll","background-type":"","background-media":"","overlay-type":"","overlay-color":"","overlay-opacity":"","overlay-gradient":""}}},"product_brand":[],"product_cat":[34225],"product_tag":[],"pa_brand_name":[25035],"class_list":{"0":"post-121058","1":"product","2":"type-product","3":"status-publish","4":"has-post-thumbnail","6":"product_cat-summer-tires-pv","7":"pa_brand_name-continental","8":"desktop-align-left","9":"tablet-align-left","10":"mobile-align-left","12":"first","13":"instock","14":"taxable","15":"shipping-taxable","16":"purchasable","17":"product-type-simple"},"_links":{"self":[{"href":"https:\/\/shop.rettum.ee\/en\/wp-json\/wp\/v2\/product\/121058","targetHints":{"allow":["GET"]}}],"collection":[{"href":"https:\/\/shop.rettum.ee\/en\/wp-json\/wp\/v2\/product"}],"about":[{"href":"https:\/\/shop.rettum.ee\/en\/wp-json\/wp\/v2\/types\/product"}],"version-history":[{"count":1,"href":"https:\/\/shop.rettum.ee\/en\/wp-json\/wp\/v2\/product\/121058\/revisions"}],"predecessor-version":[{"id":125535,"href":"https:\/\/shop.rettum.ee\/en\/wp-json\/wp\/v2\/product\/121058\/revisions\/125535"}],"wp:featuredmedia":[{"embeddable":true,"href":"https:\/\/shop.rettum.ee\/en\/wp-json\/wp\/v2\/media\/124865"}],"wp:attachment":[{"href":"https:\/\/shop.rettum.ee\/en\/wp-json\/wp\/v2\/media?parent=121058"}],"wp:term":[{"taxonomy":"product_brand","embeddable":true,"href":"https:\/\/shop.rettum.ee\/en\/wp-json\/wp\/v2\/product_brand?post=121058"},{"taxonomy":"product_cat","embeddable":true,"href":"https:\/\/shop.rettum.ee\/en\/wp-json\/wp\/v2\/product_cat?post=121058"},{"taxonomy":"product_tag","embeddable":true,"href":"https:\/\/shop.rettum.ee\/en\/wp-json\/wp\/v2\/product_tag?post=121058"},{"taxonomy":"pa_brand_name","embeddable":true,"href":"https:\/\/shop.rettum.ee\/en\/wp-json\/wp\/v2\/pa_brand_name?post=121058"}],"curies":[{"name":"wp","href":"https:\/\/api.w.org\/{rel}","templated":true}]}}