{"id":121059,"date":"2025-03-31T03:09:42","date_gmt":"2025-03-31T00:09:42","guid":{"rendered":"https:\/\/shop.rettum.ee\/toode\/225-50r17-continental-ultracontact-94v-elect-fr-bab69\/"},"modified":"2026-03-28T02:50:56","modified_gmt":"2026-03-28T00:50:56","slug":"225-50r17-continental-ultracontact-94v-elect-fr-bab69","status":"publish","type":"product","link":"https:\/\/shop.rettum.ee\/en\/product\/225-50r17-continental-ultracontact-94v-elect-fr-bab69\/","title":{"rendered":"225\/50R17 CONTINENTAL ULTRACONTACT 94V Elect FR BAB69"},"content":{"rendered":"<p>CONTINENTAL ULTRACONTACT 94V Elect FR BAB69 on 225\/50R17 m\u00f5\u00f5tmetega rehviv\u00f5ti, mis \u00fchendab endas innovatsiooni ja usaldusv\u00e4\u00e4rsuse. See kvaliteetne rehv on loodud pakkuma erakordset juhitavust ja ohutust nii kuivadel kui ka niisketel teedel. 94V indikaator n\u00e4itab rehvile antud koormus- ja kiirusv\u00f5imekust, v\u00f5imaldades ohutut ja stabiilset s\u00f5itu ka k\u00f5rgematel kiirustel.<\/p>\n<p>Continental on tuntud oma tipptasemel tehnoloogia poolest, mis kajastub ka selles rehvis. Disain on optimeeritud pakkuma maksimaalset haarduvust ning t\u00e4pseid man\u00f6\u00f6verdusv\u00f5imeid, mis muudavad s\u00f5idu enesekindlamaks ja meeldivamaks. Elect FR tehnoloogia lisab rehvile t\u00e4iendava v\u00e4\u00e4rtuse, v\u00f5imaldades seda kasutada mitmek\u00fclgselt erinevatel teekatsetel ja tingimustel.<\/p>\n<p>Valides CONTINENTAL ULTRACONTACT 94V Elect FR BAB69, panete r\u00f5hku ohutusele, vastupidavusele ja s\u00f5idumugavusele \u2013 k\u00f5ik need omadused teevad sellest usaldusv\u00e4\u00e4rse valiku igap\u00e4evaseks ja n\u00f5udlikuks s\u00f5iduks.<\/p>","protected":false},"excerpt":{"rendered":"<p>CONTINENTAL ULTRACONTACT 94V Elect FR BAB69 on 225\/50R17 m\u00f5\u00f5tmetega rehviv\u00f5ti, mis \u00fchendab endas innovatsiooni ja usaldusv\u00e4\u00e4rsuse. See kvaliteetne rehv on loodud pakkuma erakordset juhitavust ja ohutust nii kuivadel kui ka niisketel teedel. 94V indikaator n\u00e4itab rehvile antud koormus- ja kiirusv\u00f5imekust, v\u00f5imaldades ohutut ja stabiilset s\u00f5itu ka k\u00f5rgematel kiirustel. Continental on tuntud oma tipptasemel tehnoloogia poolest, [&hellip;]<\/p>\n","protected":false},"featured_media":124865,"template":"","meta":{"site-sidebar-layout":"default","site-content-layout":"","ast-site-content-layout":"","site-content-style":"default","site-sidebar-style":"default","ast-global-header-display":"","ast-banner-title-visibility":"","ast-main-header-display":"","ast-hfb-above-header-display":"","ast-hfb-below-header-display":"","ast-hfb-mobile-header-display":"","site-post-title":"","ast-breadcrumbs-content":"","ast-featured-img":"","footer-sml-layout":"","theme-transparent-header-meta":"","adv-header-id-meta":"","stick-header-meta":"","header-above-stick-meta":"","header-main-stick-meta":"","header-below-stick-meta":"","astra-migrate-meta-layouts":"default","ast-page-background-enabled":"default","ast-page-background-meta":{"desktop":{"background-color":"","background-image":"","background-repeat":"repeat","background-position":"center center","background-size":"auto","background-attachment":"scroll","background-type":"","background-media":"","overlay-type":"","overlay-color":"","overlay-opacity":"","overlay-gradient":""},"tablet":{"background-color":"","background-image":"","background-repeat":"repeat","background-position":"center center","background-size":"auto","background-attachment":"scroll","background-type":"","background-media":"","overlay-type":"","overlay-color":"","overlay-opacity":"","overlay-gradient":""},"mobile":{"background-color":"","background-image":"","background-repeat":"repeat","background-position":"center center","background-size":"auto","background-attachment":"scroll","background-type":"","background-media":"","overlay-type":"","overlay-color":"","overlay-opacity":"","overlay-gradient":""}},"ast-content-background-meta":{"desktop":{"background-color":"var(--ast-global-color-5)","background-image":"","background-repeat":"repeat","background-position":"center center","background-size":"auto","background-attachment":"scroll","background-type":"","background-media":"","overlay-type":"","overlay-color":"","overlay-opacity":"","overlay-gradient":""},"tablet":{"background-color":"var(--ast-global-color-5)","background-image":"","background-repeat":"repeat","background-position":"center center","background-size":"auto","background-attachment":"scroll","background-type":"","background-media":"","overlay-type":"","overlay-color":"","overlay-opacity":"","overlay-gradient":""},"mobile":{"background-color":"var(--ast-global-color-5)","background-image":"","background-repeat":"repeat","background-position":"center center","background-size":"auto","background-attachment":"scroll","background-type":"","background-media":"","overlay-type":"","overlay-color":"","overlay-opacity":"","overlay-gradient":""}}},"product_brand":[],"product_cat":[34225],"product_tag":[],"pa_brand_name":[25035],"class_list":{"0":"post-121059","1":"product","2":"type-product","3":"status-publish","4":"has-post-thumbnail","6":"product_cat-summer-tires-pv","7":"pa_brand_name-continental","8":"desktop-align-left","9":"tablet-align-left","10":"mobile-align-left","12":"first","13":"instock","14":"taxable","15":"shipping-taxable","16":"purchasable","17":"product-type-simple"},"_links":{"self":[{"href":"https:\/\/shop.rettum.ee\/en\/wp-json\/wp\/v2\/product\/121059","targetHints":{"allow":["GET"]}}],"collection":[{"href":"https:\/\/shop.rettum.ee\/en\/wp-json\/wp\/v2\/product"}],"about":[{"href":"https:\/\/shop.rettum.ee\/en\/wp-json\/wp\/v2\/types\/product"}],"version-history":[{"count":1,"href":"https:\/\/shop.rettum.ee\/en\/wp-json\/wp\/v2\/product\/121059\/revisions"}],"predecessor-version":[{"id":125536,"href":"https:\/\/shop.rettum.ee\/en\/wp-json\/wp\/v2\/product\/121059\/revisions\/125536"}],"wp:featuredmedia":[{"embeddable":true,"href":"https:\/\/shop.rettum.ee\/en\/wp-json\/wp\/v2\/media\/124865"}],"wp:attachment":[{"href":"https:\/\/shop.rettum.ee\/en\/wp-json\/wp\/v2\/media?parent=121059"}],"wp:term":[{"taxonomy":"product_brand","embeddable":true,"href":"https:\/\/shop.rettum.ee\/en\/wp-json\/wp\/v2\/product_brand?post=121059"},{"taxonomy":"product_cat","embeddable":true,"href":"https:\/\/shop.rettum.ee\/en\/wp-json\/wp\/v2\/product_cat?post=121059"},{"taxonomy":"product_tag","embeddable":true,"href":"https:\/\/shop.rettum.ee\/en\/wp-json\/wp\/v2\/product_tag?post=121059"},{"taxonomy":"pa_brand_name","embeddable":true,"href":"https:\/\/shop.rettum.ee\/en\/wp-json\/wp\/v2\/pa_brand_name?post=121059"}],"curies":[{"name":"wp","href":"https:\/\/api.w.org\/{rel}","templated":true}]}}