{"id":121060,"date":"2025-03-31T03:09:43","date_gmt":"2025-03-31T00:09:43","guid":{"rendered":"https:\/\/shop.rettum.ee\/toode\/225-60r17-continental-ultracontact-99h-elect-fr-bab69\/"},"modified":"2026-03-24T02:47:32","modified_gmt":"2026-03-24T00:47:32","slug":"225-60r17-continental-ultracontact-99h-elect-fr-bab69","status":"publish","type":"product","link":"https:\/\/shop.rettum.ee\/en\/product\/225-60r17-continental-ultracontact-99h-elect-fr-bab69\/","title":{"rendered":"225\/60R17 CONTINENTAL ULTRACONTACT 99H Elect FR BAB69"},"content":{"rendered":"<p>Continental Ultracontact 99H Elect FR BAB69 on disainitud pakkuma usaldusv\u00e4\u00e4rset j\u00f5udlust ja turvalist s\u00f5idukogemust. Rehvi m\u00f5\u00f5tmed 225\/60R17 tagavad t\u00e4iusliku sobivuse ning stabiilsuse nii igap\u00e4evasel kui ka pikemal s\u00f5idul. Selle kaasaegne tehnoloogiline l\u00e4henemine \u00fchendab visuaalse disaini ja suurep\u00e4rased niiskekindlad omadused, mis tagavad kindla haardumise ka keerulistes ilmaoludes. <\/p>\n<p>Rehvi 99 koormusindeks ja H kiirusklassi v\u00f5imaldavad optimaalselt kasutust nii tavalistel teedel kui ka n\u00f5udlikemates s\u00f5idutingimustes. Continental on tuntud oma innovatiivsete lahenduste poolest ja see mudel ei ole erand \u2013 see pakub madalat veeretakistust, tagades k\u00fctuses\u00e4\u00e4stu ning optimaalse j\u00f5udluse. <\/p>\n<p>Ultracontact 99H Elect FR BAB69 on ideaalne valik neile, kes hindavad ohutust, vastupidavust ja kvaliteeti. See rehvikombinatsioon sobib suurep\u00e4raselt nii igap\u00e4evaseks kasutamiseks kui ka pikemateks reisideks, pakkudes s\u00f5idule usaldusv\u00e4\u00e4rset kindlustunnet ja mugavust ka k\u00f5ige n\u00f5udlikumates oludes.<\/p>","protected":false},"excerpt":{"rendered":"<p>Continental Ultracontact 99H Elect FR BAB69 on disainitud pakkuma usaldusv\u00e4\u00e4rset j\u00f5udlust ja turvalist s\u00f5idukogemust. Rehvi m\u00f5\u00f5tmed 225\/60R17 tagavad t\u00e4iusliku sobivuse ning stabiilsuse nii igap\u00e4evasel kui ka pikemal s\u00f5idul. Selle kaasaegne tehnoloogiline l\u00e4henemine \u00fchendab visuaalse disaini ja suurep\u00e4rased niiskekindlad omadused, mis tagavad kindla haardumise ka keerulistes ilmaoludes. Rehvi 99 koormusindeks ja H kiirusklassi v\u00f5imaldavad optimaalselt kasutust [&hellip;]<\/p>\n","protected":false},"featured_media":124865,"template":"","meta":{"site-sidebar-layout":"default","site-content-layout":"","ast-site-content-layout":"","site-content-style":"default","site-sidebar-style":"default","ast-global-header-display":"","ast-banner-title-visibility":"","ast-main-header-display":"","ast-hfb-above-header-display":"","ast-hfb-below-header-display":"","ast-hfb-mobile-header-display":"","site-post-title":"","ast-breadcrumbs-content":"","ast-featured-img":"","footer-sml-layout":"","theme-transparent-header-meta":"","adv-header-id-meta":"","stick-header-meta":"","header-above-stick-meta":"","header-main-stick-meta":"","header-below-stick-meta":"","astra-migrate-meta-layouts":"default","ast-page-background-enabled":"default","ast-page-background-meta":{"desktop":{"background-color":"","background-image":"","background-repeat":"repeat","background-position":"center center","background-size":"auto","background-attachment":"scroll","background-type":"","background-media":"","overlay-type":"","overlay-color":"","overlay-opacity":"","overlay-gradient":""},"tablet":{"background-color":"","background-image":"","background-repeat":"repeat","background-position":"center center","background-size":"auto","background-attachment":"scroll","background-type":"","background-media":"","overlay-type":"","overlay-color":"","overlay-opacity":"","overlay-gradient":""},"mobile":{"background-color":"","background-image":"","background-repeat":"repeat","background-position":"center center","background-size":"auto","background-attachment":"scroll","background-type":"","background-media":"","overlay-type":"","overlay-color":"","overlay-opacity":"","overlay-gradient":""}},"ast-content-background-meta":{"desktop":{"background-color":"var(--ast-global-color-5)","background-image":"","background-repeat":"repeat","background-position":"center center","background-size":"auto","background-attachment":"scroll","background-type":"","background-media":"","overlay-type":"","overlay-color":"","overlay-opacity":"","overlay-gradient":""},"tablet":{"background-color":"var(--ast-global-color-5)","background-image":"","background-repeat":"repeat","background-position":"center center","background-size":"auto","background-attachment":"scroll","background-type":"","background-media":"","overlay-type":"","overlay-color":"","overlay-opacity":"","overlay-gradient":""},"mobile":{"background-color":"var(--ast-global-color-5)","background-image":"","background-repeat":"repeat","background-position":"center center","background-size":"auto","background-attachment":"scroll","background-type":"","background-media":"","overlay-type":"","overlay-color":"","overlay-opacity":"","overlay-gradient":""}}},"product_brand":[],"product_cat":[34225],"product_tag":[],"pa_brand_name":[25035],"class_list":{"0":"post-121060","1":"product","2":"type-product","3":"status-publish","4":"has-post-thumbnail","6":"product_cat-summer-tires-pv","7":"pa_brand_name-continental","8":"desktop-align-left","9":"tablet-align-left","10":"mobile-align-left","12":"first","13":"instock","14":"taxable","15":"shipping-taxable","16":"purchasable","17":"product-type-simple"},"_links":{"self":[{"href":"https:\/\/shop.rettum.ee\/en\/wp-json\/wp\/v2\/product\/121060","targetHints":{"allow":["GET"]}}],"collection":[{"href":"https:\/\/shop.rettum.ee\/en\/wp-json\/wp\/v2\/product"}],"about":[{"href":"https:\/\/shop.rettum.ee\/en\/wp-json\/wp\/v2\/types\/product"}],"version-history":[{"count":1,"href":"https:\/\/shop.rettum.ee\/en\/wp-json\/wp\/v2\/product\/121060\/revisions"}],"predecessor-version":[{"id":125534,"href":"https:\/\/shop.rettum.ee\/en\/wp-json\/wp\/v2\/product\/121060\/revisions\/125534"}],"wp:featuredmedia":[{"embeddable":true,"href":"https:\/\/shop.rettum.ee\/en\/wp-json\/wp\/v2\/media\/124865"}],"wp:attachment":[{"href":"https:\/\/shop.rettum.ee\/en\/wp-json\/wp\/v2\/media?parent=121060"}],"wp:term":[{"taxonomy":"product_brand","embeddable":true,"href":"https:\/\/shop.rettum.ee\/en\/wp-json\/wp\/v2\/product_brand?post=121060"},{"taxonomy":"product_cat","embeddable":true,"href":"https:\/\/shop.rettum.ee\/en\/wp-json\/wp\/v2\/product_cat?post=121060"},{"taxonomy":"product_tag","embeddable":true,"href":"https:\/\/shop.rettum.ee\/en\/wp-json\/wp\/v2\/product_tag?post=121060"},{"taxonomy":"pa_brand_name","embeddable":true,"href":"https:\/\/shop.rettum.ee\/en\/wp-json\/wp\/v2\/pa_brand_name?post=121060"}],"curies":[{"name":"wp","href":"https:\/\/api.w.org\/{rel}","templated":true}]}}