{"id":121061,"date":"2025-03-31T03:09:44","date_gmt":"2025-03-31T00:09:44","guid":{"rendered":"https:\/\/shop.rettum.ee\/toode\/245-40r17-continental-ultracontact-95y-xl-elect-fr-baa69\/"},"modified":"2026-03-22T03:07:08","modified_gmt":"2026-03-22T01:07:08","slug":"245-40r17-continental-ultracontact-95y-xl-elect-fr-baa69","status":"publish","type":"product","link":"https:\/\/shop.rettum.ee\/en\/product\/245-40r17-continental-ultracontact-95y-xl-elect-fr-baa69\/","title":{"rendered":"245\/40R17 CONTINENTAL ULTRACONTACT 95Y XL Elect FR BAA69"},"content":{"rendered":"<p>Continental UltraContact 245\/40R17 on tipptasemel s\u00f5idurehv, mis \u00fchendab k\u00f5rge j\u00f5udluse ja usaldusv\u00e4\u00e4rsuse ka n\u00f5udlikes s\u00f5idutingimustes. Selle XL-kategooria rehv tagab suurema koormustaluvuse ning sobib seet\u00f5ttu suurep\u00e4raselt nii sportlikule kui ka igap\u00e4evasele s\u00f5idule. Rehvi 95Y kiirusindeks lubab s\u00f5ita k\u00f5rgteel kiiretempoliselt, pakkudes samal ajal stabiilsust ja turvalist juhipidamist ka \u00e4kilistel man\u00f6\u00f6vritel.<\/p>\n<p>Innovatiivsed mustrid ja materjalid aitavad oluliselt v\u00e4hendada veejalge tekkimist, tagades suurep\u00e4rase pidamise m\u00e4rgades tingimustes. Continental UltraContact on loodud pakkuma maksimaalset reaktiivsust ning \u00fchtlast k\u00fctuses\u00e4\u00e4stu, mis teeb sellest \u00f6konoomse valiku nii s\u00f5iduautodele kui ka sportlikumatele mudelitele. <\/p>\n<p>Valides selle tipptasemel rehvi, panustad turvalisusesse ja s\u00f5idumugavusse, mida toetab Continental&#8217;i pikaajaline kogemus rehvit\u00f6\u00f6stuses. Ideaalne lahendus neile, kes otsivad usaldusv\u00e4\u00e4rset ja d\u00fcnaamilist rehhivalikut igap\u00e4evaseks ja n\u00f5udlikuks s\u00f5iduks.<\/p>","protected":false},"excerpt":{"rendered":"<p>Continental UltraContact 245\/40R17 on tipptasemel s\u00f5idurehv, mis \u00fchendab k\u00f5rge j\u00f5udluse ja usaldusv\u00e4\u00e4rsuse ka n\u00f5udlikes s\u00f5idutingimustes. Selle XL-kategooria rehv tagab suurema koormustaluvuse ning sobib seet\u00f5ttu suurep\u00e4raselt nii sportlikule kui ka igap\u00e4evasele s\u00f5idule. Rehvi 95Y kiirusindeks lubab s\u00f5ita k\u00f5rgteel kiiretempoliselt, pakkudes samal ajal stabiilsust ja turvalist juhipidamist ka \u00e4kilistel man\u00f6\u00f6vritel. Innovatiivsed mustrid ja materjalid aitavad oluliselt v\u00e4hendada [&hellip;]<\/p>\n","protected":false},"featured_media":124865,"template":"","meta":{"site-sidebar-layout":"default","site-content-layout":"","ast-site-content-layout":"","site-content-style":"default","site-sidebar-style":"default","ast-global-header-display":"","ast-banner-title-visibility":"","ast-main-header-display":"","ast-hfb-above-header-display":"","ast-hfb-below-header-display":"","ast-hfb-mobile-header-display":"","site-post-title":"","ast-breadcrumbs-content":"","ast-featured-img":"","footer-sml-layout":"","theme-transparent-header-meta":"","adv-header-id-meta":"","stick-header-meta":"","header-above-stick-meta":"","header-main-stick-meta":"","header-below-stick-meta":"","astra-migrate-meta-layouts":"default","ast-page-background-enabled":"default","ast-page-background-meta":{"desktop":{"background-color":"","background-image":"","background-repeat":"repeat","background-position":"center center","background-size":"auto","background-attachment":"scroll","background-type":"","background-media":"","overlay-type":"","overlay-color":"","overlay-opacity":"","overlay-gradient":""},"tablet":{"background-color":"","background-image":"","background-repeat":"repeat","background-position":"center center","background-size":"auto","background-attachment":"scroll","background-type":"","background-media":"","overlay-type":"","overlay-color":"","overlay-opacity":"","overlay-gradient":""},"mobile":{"background-color":"","background-image":"","background-repeat":"repeat","background-position":"center center","background-size":"auto","background-attachment":"scroll","background-type":"","background-media":"","overlay-type":"","overlay-color":"","overlay-opacity":"","overlay-gradient":""}},"ast-content-background-meta":{"desktop":{"background-color":"var(--ast-global-color-5)","background-image":"","background-repeat":"repeat","background-position":"center center","background-size":"auto","background-attachment":"scroll","background-type":"","background-media":"","overlay-type":"","overlay-color":"","overlay-opacity":"","overlay-gradient":""},"tablet":{"background-color":"var(--ast-global-color-5)","background-image":"","background-repeat":"repeat","background-position":"center center","background-size":"auto","background-attachment":"scroll","background-type":"","background-media":"","overlay-type":"","overlay-color":"","overlay-opacity":"","overlay-gradient":""},"mobile":{"background-color":"var(--ast-global-color-5)","background-image":"","background-repeat":"repeat","background-position":"center center","background-size":"auto","background-attachment":"scroll","background-type":"","background-media":"","overlay-type":"","overlay-color":"","overlay-opacity":"","overlay-gradient":""}}},"product_brand":[],"product_cat":[34225],"product_tag":[],"pa_brand_name":[25035],"class_list":{"0":"post-121061","1":"product","2":"type-product","3":"status-publish","4":"has-post-thumbnail","6":"product_cat-summer-tires-pv","7":"pa_brand_name-continental","8":"desktop-align-left","9":"tablet-align-left","10":"mobile-align-left","12":"first","13":"outofstock","14":"taxable","15":"shipping-taxable","16":"purchasable","17":"product-type-simple"},"_links":{"self":[{"href":"https:\/\/shop.rettum.ee\/en\/wp-json\/wp\/v2\/product\/121061","targetHints":{"allow":["GET"]}}],"collection":[{"href":"https:\/\/shop.rettum.ee\/en\/wp-json\/wp\/v2\/product"}],"about":[{"href":"https:\/\/shop.rettum.ee\/en\/wp-json\/wp\/v2\/types\/product"}],"version-history":[{"count":1,"href":"https:\/\/shop.rettum.ee\/en\/wp-json\/wp\/v2\/product\/121061\/revisions"}],"predecessor-version":[{"id":125532,"href":"https:\/\/shop.rettum.ee\/en\/wp-json\/wp\/v2\/product\/121061\/revisions\/125532"}],"wp:featuredmedia":[{"embeddable":true,"href":"https:\/\/shop.rettum.ee\/en\/wp-json\/wp\/v2\/media\/124865"}],"wp:attachment":[{"href":"https:\/\/shop.rettum.ee\/en\/wp-json\/wp\/v2\/media?parent=121061"}],"wp:term":[{"taxonomy":"product_brand","embeddable":true,"href":"https:\/\/shop.rettum.ee\/en\/wp-json\/wp\/v2\/product_brand?post=121061"},{"taxonomy":"product_cat","embeddable":true,"href":"https:\/\/shop.rettum.ee\/en\/wp-json\/wp\/v2\/product_cat?post=121061"},{"taxonomy":"product_tag","embeddable":true,"href":"https:\/\/shop.rettum.ee\/en\/wp-json\/wp\/v2\/product_tag?post=121061"},{"taxonomy":"pa_brand_name","embeddable":true,"href":"https:\/\/shop.rettum.ee\/en\/wp-json\/wp\/v2\/pa_brand_name?post=121061"}],"curies":[{"name":"wp","href":"https:\/\/api.w.org\/{rel}","templated":true}]}}