{"id":121062,"date":"2025-03-31T03:09:44","date_gmt":"2025-03-31T00:09:44","guid":{"rendered":"https:\/\/shop.rettum.ee\/toode\/245-45r17-continental-ultracontact-99y-xl-elect-fr-bab70\/"},"modified":"2026-03-22T03:07:08","modified_gmt":"2026-03-22T01:07:08","slug":"245-45r17-continental-ultracontact-99y-xl-elect-fr-bab70","status":"publish","type":"product","link":"https:\/\/shop.rettum.ee\/en\/product\/245-45r17-continental-ultracontact-99y-xl-elect-fr-bab70\/","title":{"rendered":"245\/45R17 CONTINENTAL ULTRACONTACT 99Y XL Elect FR BAB70"},"content":{"rendered":"<p>Continental UltraContact 245\/45R17 XL on k\u00f5rgtehnoloogiline suverehv, mis \u00fchendab tipptasemel ohutuse ja j\u00f5udluse. Selle innovaatiline disain tagab suurep\u00e4rase haarduvuse nii kuivadel kui m\u00e4rgadel teedel, pakkudes usaldusv\u00e4\u00e4rset juhitavust ja l\u00fchikest pidamist. XL klassifitseerimine koos 99Y koormusindeksiga annab rehvile lisatugevuse ja v\u00f5imaluse kanda suuremaid koormusi ka n\u00f5udlikumates s\u00f5idutingimustes.<\/p>\n<p>Eriliselt m\u00f5eldud kaasaegsetele s\u00f5idukitele, sealhulgas elektriautodele, toob Elect FR tehnoloogia kaasa optimeeritud j\u00f5udluse ja energiat\u00f5hususe, mis v\u00e4hendab veeretakistust ja aitab parandada \u00fcldist k\u00fctuses\u00e4\u00e4stu. Continental UltraContact rehvi disain on hoolikalt arendatud, et pakkuda k\u00f5rgetasemelist stabiilsust ja s\u00f5idumugavust, v\u00f5imaldades sujuvat ja turvalist s\u00f5itu erinevatel teeoludel.<\/p>\n<p>Investeeri oma s\u00f5iduohutusse ja -naudingusse, valides Continental UltraContact 245\/45R17 XL \u2013 ideaalne partner t\u00e4nap\u00e4evasele, n\u00f5udlikule juhtimiskogemusele.<\/p>","protected":false},"excerpt":{"rendered":"<p>Continental UltraContact 245\/45R17 XL on k\u00f5rgtehnoloogiline suverehv, mis \u00fchendab tipptasemel ohutuse ja j\u00f5udluse. Selle innovaatiline disain tagab suurep\u00e4rase haarduvuse nii kuivadel kui m\u00e4rgadel teedel, pakkudes usaldusv\u00e4\u00e4rset juhitavust ja l\u00fchikest pidamist. XL klassifitseerimine koos 99Y koormusindeksiga annab rehvile lisatugevuse ja v\u00f5imaluse kanda suuremaid koormusi ka n\u00f5udlikumates s\u00f5idutingimustes. Eriliselt m\u00f5eldud kaasaegsetele s\u00f5idukitele, sealhulgas elektriautodele, toob Elect FR [&hellip;]<\/p>\n","protected":false},"featured_media":124865,"template":"","meta":{"site-sidebar-layout":"default","site-content-layout":"","ast-site-content-layout":"","site-content-style":"default","site-sidebar-style":"default","ast-global-header-display":"","ast-banner-title-visibility":"","ast-main-header-display":"","ast-hfb-above-header-display":"","ast-hfb-below-header-display":"","ast-hfb-mobile-header-display":"","site-post-title":"","ast-breadcrumbs-content":"","ast-featured-img":"","footer-sml-layout":"","theme-transparent-header-meta":"","adv-header-id-meta":"","stick-header-meta":"","header-above-stick-meta":"","header-main-stick-meta":"","header-below-stick-meta":"","astra-migrate-meta-layouts":"default","ast-page-background-enabled":"default","ast-page-background-meta":{"desktop":{"background-color":"","background-image":"","background-repeat":"repeat","background-position":"center center","background-size":"auto","background-attachment":"scroll","background-type":"","background-media":"","overlay-type":"","overlay-color":"","overlay-opacity":"","overlay-gradient":""},"tablet":{"background-color":"","background-image":"","background-repeat":"repeat","background-position":"center center","background-size":"auto","background-attachment":"scroll","background-type":"","background-media":"","overlay-type":"","overlay-color":"","overlay-opacity":"","overlay-gradient":""},"mobile":{"background-color":"","background-image":"","background-repeat":"repeat","background-position":"center center","background-size":"auto","background-attachment":"scroll","background-type":"","background-media":"","overlay-type":"","overlay-color":"","overlay-opacity":"","overlay-gradient":""}},"ast-content-background-meta":{"desktop":{"background-color":"var(--ast-global-color-5)","background-image":"","background-repeat":"repeat","background-position":"center center","background-size":"auto","background-attachment":"scroll","background-type":"","background-media":"","overlay-type":"","overlay-color":"","overlay-opacity":"","overlay-gradient":""},"tablet":{"background-color":"var(--ast-global-color-5)","background-image":"","background-repeat":"repeat","background-position":"center center","background-size":"auto","background-attachment":"scroll","background-type":"","background-media":"","overlay-type":"","overlay-color":"","overlay-opacity":"","overlay-gradient":""},"mobile":{"background-color":"var(--ast-global-color-5)","background-image":"","background-repeat":"repeat","background-position":"center center","background-size":"auto","background-attachment":"scroll","background-type":"","background-media":"","overlay-type":"","overlay-color":"","overlay-opacity":"","overlay-gradient":""}}},"product_brand":[],"product_cat":[34225],"product_tag":[],"pa_brand_name":[25035],"class_list":{"0":"post-121062","1":"product","2":"type-product","3":"status-publish","4":"has-post-thumbnail","6":"product_cat-summer-tires-pv","7":"pa_brand_name-continental","8":"desktop-align-left","9":"tablet-align-left","10":"mobile-align-left","12":"first","13":"outofstock","14":"taxable","15":"shipping-taxable","16":"purchasable","17":"product-type-simple"},"_links":{"self":[{"href":"https:\/\/shop.rettum.ee\/en\/wp-json\/wp\/v2\/product\/121062","targetHints":{"allow":["GET"]}}],"collection":[{"href":"https:\/\/shop.rettum.ee\/en\/wp-json\/wp\/v2\/product"}],"about":[{"href":"https:\/\/shop.rettum.ee\/en\/wp-json\/wp\/v2\/types\/product"}],"version-history":[{"count":1,"href":"https:\/\/shop.rettum.ee\/en\/wp-json\/wp\/v2\/product\/121062\/revisions"}],"predecessor-version":[{"id":125533,"href":"https:\/\/shop.rettum.ee\/en\/wp-json\/wp\/v2\/product\/121062\/revisions\/125533"}],"wp:featuredmedia":[{"embeddable":true,"href":"https:\/\/shop.rettum.ee\/en\/wp-json\/wp\/v2\/media\/124865"}],"wp:attachment":[{"href":"https:\/\/shop.rettum.ee\/en\/wp-json\/wp\/v2\/media?parent=121062"}],"wp:term":[{"taxonomy":"product_brand","embeddable":true,"href":"https:\/\/shop.rettum.ee\/en\/wp-json\/wp\/v2\/product_brand?post=121062"},{"taxonomy":"product_cat","embeddable":true,"href":"https:\/\/shop.rettum.ee\/en\/wp-json\/wp\/v2\/product_cat?post=121062"},{"taxonomy":"product_tag","embeddable":true,"href":"https:\/\/shop.rettum.ee\/en\/wp-json\/wp\/v2\/product_tag?post=121062"},{"taxonomy":"pa_brand_name","embeddable":true,"href":"https:\/\/shop.rettum.ee\/en\/wp-json\/wp\/v2\/pa_brand_name?post=121062"}],"curies":[{"name":"wp","href":"https:\/\/api.w.org\/{rel}","templated":true}]}}