{"id":121063,"date":"2025-03-31T03:09:45","date_gmt":"2025-03-31T00:09:45","guid":{"rendered":"https:\/\/shop.rettum.ee\/toode\/255-40r17-continental-ultracontact-98y-xl-elect-fr-caa70\/"},"modified":"2026-03-22T03:07:08","modified_gmt":"2026-03-22T01:07:08","slug":"255-40r17-continental-ultracontact-98y-xl-elect-fr-caa70","status":"publish","type":"product","link":"https:\/\/shop.rettum.ee\/en\/product\/255-40r17-continental-ultracontact-98y-xl-elect-fr-caa70\/","title":{"rendered":"255\/40R17 CONTINENTAL ULTRACONTACT 98Y XL Elect FR CAA70"},"content":{"rendered":"<p>Continental UltraContact 98Y XL Elect FR 255\/40R17 on tipptasemel rehv, mis on loodud n\u00f5udlikule juhile, kes hindab turvalisust ja k\u00f5rgj\u00f5udlust igal teekonnal. Selle rehvi disain ja konstruktsioon tagavad erakordse juhitavuse ning stabiilsuse nii kuivadel kui m\u00e4rgadel teedel. XL-kategooria t\u00e4hendab t\u00e4iendavat koormustaluvust, pakkudes s\u00f5idul pikemat kasutusiga ja suuremat vastupidavust ka intensiivse kasutamise korral.<\/p>\n<p>Rehvi kaasaegne mustring ja Continentali innovatiivsed tehnoloogiad aitavad optimeerida vee hajutamist ning v\u00e4hendada rullimiskindlust, v\u00f5imaldades kiiret ja t\u00e4pset reageerimist erinevates s\u00f5iduoludes. Elekt FR ja CAA70 koodid s\u00fcmboliseerivad tipptasemel insenertehnoloogiat, mis kindlustavad ohutu ja mugava s\u00f5idukogemuse. <\/p>\n<p>Valige Continental UltraContact 98Y XL Elect FR, et kogeda \u00fclimat s\u00f5idumugavust ning turvalisust k\u00f5ikjal, kus te oma teekonda alustate.<\/p>","protected":false},"excerpt":{"rendered":"<p>Continental UltraContact 98Y XL Elect FR 255\/40R17 on tipptasemel rehv, mis on loodud n\u00f5udlikule juhile, kes hindab turvalisust ja k\u00f5rgj\u00f5udlust igal teekonnal. Selle rehvi disain ja konstruktsioon tagavad erakordse juhitavuse ning stabiilsuse nii kuivadel kui m\u00e4rgadel teedel. XL-kategooria t\u00e4hendab t\u00e4iendavat koormustaluvust, pakkudes s\u00f5idul pikemat kasutusiga ja suuremat vastupidavust ka intensiivse kasutamise korral. Rehvi kaasaegne mustring [&hellip;]<\/p>\n","protected":false},"featured_media":124865,"template":"","meta":{"site-sidebar-layout":"default","site-content-layout":"","ast-site-content-layout":"","site-content-style":"default","site-sidebar-style":"default","ast-global-header-display":"","ast-banner-title-visibility":"","ast-main-header-display":"","ast-hfb-above-header-display":"","ast-hfb-below-header-display":"","ast-hfb-mobile-header-display":"","site-post-title":"","ast-breadcrumbs-content":"","ast-featured-img":"","footer-sml-layout":"","theme-transparent-header-meta":"","adv-header-id-meta":"","stick-header-meta":"","header-above-stick-meta":"","header-main-stick-meta":"","header-below-stick-meta":"","astra-migrate-meta-layouts":"default","ast-page-background-enabled":"default","ast-page-background-meta":{"desktop":{"background-color":"","background-image":"","background-repeat":"repeat","background-position":"center center","background-size":"auto","background-attachment":"scroll","background-type":"","background-media":"","overlay-type":"","overlay-color":"","overlay-opacity":"","overlay-gradient":""},"tablet":{"background-color":"","background-image":"","background-repeat":"repeat","background-position":"center center","background-size":"auto","background-attachment":"scroll","background-type":"","background-media":"","overlay-type":"","overlay-color":"","overlay-opacity":"","overlay-gradient":""},"mobile":{"background-color":"","background-image":"","background-repeat":"repeat","background-position":"center center","background-size":"auto","background-attachment":"scroll","background-type":"","background-media":"","overlay-type":"","overlay-color":"","overlay-opacity":"","overlay-gradient":""}},"ast-content-background-meta":{"desktop":{"background-color":"var(--ast-global-color-5)","background-image":"","background-repeat":"repeat","background-position":"center center","background-size":"auto","background-attachment":"scroll","background-type":"","background-media":"","overlay-type":"","overlay-color":"","overlay-opacity":"","overlay-gradient":""},"tablet":{"background-color":"var(--ast-global-color-5)","background-image":"","background-repeat":"repeat","background-position":"center center","background-size":"auto","background-attachment":"scroll","background-type":"","background-media":"","overlay-type":"","overlay-color":"","overlay-opacity":"","overlay-gradient":""},"mobile":{"background-color":"var(--ast-global-color-5)","background-image":"","background-repeat":"repeat","background-position":"center center","background-size":"auto","background-attachment":"scroll","background-type":"","background-media":"","overlay-type":"","overlay-color":"","overlay-opacity":"","overlay-gradient":""}}},"product_brand":[],"product_cat":[34225],"product_tag":[],"pa_brand_name":[25035],"class_list":{"0":"post-121063","1":"product","2":"type-product","3":"status-publish","4":"has-post-thumbnail","6":"product_cat-summer-tires-pv","7":"pa_brand_name-continental","8":"desktop-align-left","9":"tablet-align-left","10":"mobile-align-left","12":"first","13":"outofstock","14":"taxable","15":"shipping-taxable","16":"purchasable","17":"product-type-simple"},"_links":{"self":[{"href":"https:\/\/shop.rettum.ee\/en\/wp-json\/wp\/v2\/product\/121063","targetHints":{"allow":["GET"]}}],"collection":[{"href":"https:\/\/shop.rettum.ee\/en\/wp-json\/wp\/v2\/product"}],"about":[{"href":"https:\/\/shop.rettum.ee\/en\/wp-json\/wp\/v2\/types\/product"}],"version-history":[{"count":1,"href":"https:\/\/shop.rettum.ee\/en\/wp-json\/wp\/v2\/product\/121063\/revisions"}],"predecessor-version":[{"id":125531,"href":"https:\/\/shop.rettum.ee\/en\/wp-json\/wp\/v2\/product\/121063\/revisions\/125531"}],"wp:featuredmedia":[{"embeddable":true,"href":"https:\/\/shop.rettum.ee\/en\/wp-json\/wp\/v2\/media\/124865"}],"wp:attachment":[{"href":"https:\/\/shop.rettum.ee\/en\/wp-json\/wp\/v2\/media?parent=121063"}],"wp:term":[{"taxonomy":"product_brand","embeddable":true,"href":"https:\/\/shop.rettum.ee\/en\/wp-json\/wp\/v2\/product_brand?post=121063"},{"taxonomy":"product_cat","embeddable":true,"href":"https:\/\/shop.rettum.ee\/en\/wp-json\/wp\/v2\/product_cat?post=121063"},{"taxonomy":"product_tag","embeddable":true,"href":"https:\/\/shop.rettum.ee\/en\/wp-json\/wp\/v2\/product_tag?post=121063"},{"taxonomy":"pa_brand_name","embeddable":true,"href":"https:\/\/shop.rettum.ee\/en\/wp-json\/wp\/v2\/pa_brand_name?post=121063"}],"curies":[{"name":"wp","href":"https:\/\/api.w.org\/{rel}","templated":true}]}}