{"id":121064,"date":"2025-03-31T03:09:46","date_gmt":"2025-03-31T00:09:46","guid":{"rendered":"https:\/\/shop.rettum.ee\/toode\/225-40r18-continental-ultracontact-92w-xl-elect-fr-bab70\/"},"modified":"2026-03-22T03:07:08","modified_gmt":"2026-03-22T01:07:08","slug":"225-40r18-continental-ultracontact-92w-xl-elect-fr-bab70","status":"publish","type":"product","link":"https:\/\/shop.rettum.ee\/en\/product\/225-40r18-continental-ultracontact-92w-xl-elect-fr-bab70\/","title":{"rendered":"225\/40R18 CONTINENTAL ULTRACONTACT 92W XL Elect FR BAB70"},"content":{"rendered":"<p>CONTINENTAL ULTRACONTACT 92W XL Elect FR BAB70 on k\u00f5rgtehnoloogiline 225\/40R18 rehv, mis on loodud pakkuma erakordset s\u00f5idumugavust ja turvalisust nii kuivadel kui niisketel teedel. Rehvi innovatiivne disain ja spetsiaalsed veetaluvuse omadused tagavad kindla haarduvuse ning optimaalse pidamisv\u00f5ime, v\u00f5imaldades reageerida kiiresti ka ootamatutes s\u00f5idutingimustes.<\/p>\n<p>XL-klass t\u00e4hendab suuremat koormustaluvust, mis sobib ideaalselt nii tavak\u00fctuse- kui ka elektris\u00f5idukitele, pakkudes pikka eluaega ja usaldusv\u00e4\u00e4rset j\u00f5udlust. Continental on oma pikaajalise mainega loonud rehviku, mis \u00fchendab sportliku juhitavuse, suurep\u00e4rase stabiilsuse ja madala rullimisvastupanu \u2013 k\u00f5ik, mida n\u00f5udlik autojuht igap\u00e4evaselt hindab.<\/p>\n<p>OLgu tegemist igap\u00e4evase s\u00f5idu v\u00f5i sportliku s\u00f5iduna, CONTINENTAL ULTRACONTACT 92W XL Elect FR BAB70 vastab k\u00f5rgeimatele ootustele, muutes teie s\u00f5idud\u00fcnaamika veelgi sujuvamaks ja turvalisemaks. Valige rehv, mis viib s\u00f5idur\u00f5\u00f5mu uuele tasemele ning pakub kindlat tugitunnet igal teek\u00e4igul.<\/p>","protected":false},"excerpt":{"rendered":"<p>CONTINENTAL ULTRACONTACT 92W XL Elect FR BAB70 on k\u00f5rgtehnoloogiline 225\/40R18 rehv, mis on loodud pakkuma erakordset s\u00f5idumugavust ja turvalisust nii kuivadel kui niisketel teedel. Rehvi innovatiivne disain ja spetsiaalsed veetaluvuse omadused tagavad kindla haarduvuse ning optimaalse pidamisv\u00f5ime, v\u00f5imaldades reageerida kiiresti ka ootamatutes s\u00f5idutingimustes. XL-klass t\u00e4hendab suuremat koormustaluvust, mis sobib ideaalselt nii tavak\u00fctuse- kui ka elektris\u00f5idukitele, [&hellip;]<\/p>\n","protected":false},"featured_media":124865,"template":"","meta":{"site-sidebar-layout":"default","site-content-layout":"","ast-site-content-layout":"","site-content-style":"default","site-sidebar-style":"default","ast-global-header-display":"","ast-banner-title-visibility":"","ast-main-header-display":"","ast-hfb-above-header-display":"","ast-hfb-below-header-display":"","ast-hfb-mobile-header-display":"","site-post-title":"","ast-breadcrumbs-content":"","ast-featured-img":"","footer-sml-layout":"","theme-transparent-header-meta":"","adv-header-id-meta":"","stick-header-meta":"","header-above-stick-meta":"","header-main-stick-meta":"","header-below-stick-meta":"","astra-migrate-meta-layouts":"default","ast-page-background-enabled":"default","ast-page-background-meta":{"desktop":{"background-color":"","background-image":"","background-repeat":"repeat","background-position":"center center","background-size":"auto","background-attachment":"scroll","background-type":"","background-media":"","overlay-type":"","overlay-color":"","overlay-opacity":"","overlay-gradient":""},"tablet":{"background-color":"","background-image":"","background-repeat":"repeat","background-position":"center center","background-size":"auto","background-attachment":"scroll","background-type":"","background-media":"","overlay-type":"","overlay-color":"","overlay-opacity":"","overlay-gradient":""},"mobile":{"background-color":"","background-image":"","background-repeat":"repeat","background-position":"center center","background-size":"auto","background-attachment":"scroll","background-type":"","background-media":"","overlay-type":"","overlay-color":"","overlay-opacity":"","overlay-gradient":""}},"ast-content-background-meta":{"desktop":{"background-color":"var(--ast-global-color-5)","background-image":"","background-repeat":"repeat","background-position":"center center","background-size":"auto","background-attachment":"scroll","background-type":"","background-media":"","overlay-type":"","overlay-color":"","overlay-opacity":"","overlay-gradient":""},"tablet":{"background-color":"var(--ast-global-color-5)","background-image":"","background-repeat":"repeat","background-position":"center center","background-size":"auto","background-attachment":"scroll","background-type":"","background-media":"","overlay-type":"","overlay-color":"","overlay-opacity":"","overlay-gradient":""},"mobile":{"background-color":"var(--ast-global-color-5)","background-image":"","background-repeat":"repeat","background-position":"center center","background-size":"auto","background-attachment":"scroll","background-type":"","background-media":"","overlay-type":"","overlay-color":"","overlay-opacity":"","overlay-gradient":""}}},"product_brand":[],"product_cat":[34225],"product_tag":[],"pa_brand_name":[25035],"class_list":{"0":"post-121064","1":"product","2":"type-product","3":"status-publish","4":"has-post-thumbnail","6":"product_cat-summer-tires-pv","7":"pa_brand_name-continental","8":"desktop-align-left","9":"tablet-align-left","10":"mobile-align-left","12":"first","13":"outofstock","14":"taxable","15":"shipping-taxable","16":"purchasable","17":"product-type-simple"},"_links":{"self":[{"href":"https:\/\/shop.rettum.ee\/en\/wp-json\/wp\/v2\/product\/121064","targetHints":{"allow":["GET"]}}],"collection":[{"href":"https:\/\/shop.rettum.ee\/en\/wp-json\/wp\/v2\/product"}],"about":[{"href":"https:\/\/shop.rettum.ee\/en\/wp-json\/wp\/v2\/types\/product"}],"version-history":[{"count":1,"href":"https:\/\/shop.rettum.ee\/en\/wp-json\/wp\/v2\/product\/121064\/revisions"}],"predecessor-version":[{"id":125530,"href":"https:\/\/shop.rettum.ee\/en\/wp-json\/wp\/v2\/product\/121064\/revisions\/125530"}],"wp:featuredmedia":[{"embeddable":true,"href":"https:\/\/shop.rettum.ee\/en\/wp-json\/wp\/v2\/media\/124865"}],"wp:attachment":[{"href":"https:\/\/shop.rettum.ee\/en\/wp-json\/wp\/v2\/media?parent=121064"}],"wp:term":[{"taxonomy":"product_brand","embeddable":true,"href":"https:\/\/shop.rettum.ee\/en\/wp-json\/wp\/v2\/product_brand?post=121064"},{"taxonomy":"product_cat","embeddable":true,"href":"https:\/\/shop.rettum.ee\/en\/wp-json\/wp\/v2\/product_cat?post=121064"},{"taxonomy":"product_tag","embeddable":true,"href":"https:\/\/shop.rettum.ee\/en\/wp-json\/wp\/v2\/product_tag?post=121064"},{"taxonomy":"pa_brand_name","embeddable":true,"href":"https:\/\/shop.rettum.ee\/en\/wp-json\/wp\/v2\/pa_brand_name?post=121064"}],"curies":[{"name":"wp","href":"https:\/\/api.w.org\/{rel}","templated":true}]}}