{"id":121065,"date":"2025-03-31T03:09:47","date_gmt":"2025-03-31T00:09:47","guid":{"rendered":"https:\/\/shop.rettum.ee\/toode\/225-55r18-continental-ultracontact-98v-elect-fr-bab69\/"},"modified":"2026-03-22T03:07:09","modified_gmt":"2026-03-22T01:07:09","slug":"225-55r18-continental-ultracontact-98v-elect-fr-bab69","status":"publish","type":"product","link":"https:\/\/shop.rettum.ee\/en\/product\/225-55r18-continental-ultracontact-98v-elect-fr-bab69\/","title":{"rendered":"225\/55R18 CONTINENTAL ULTRACONTACT 98V Elect FR BAB69"},"content":{"rendered":"<p>225\/55R18 Continental UltraContact 98V Elect FR BAB69 on k\u00f5rgtehnoloogiline rehv, mis pakub erakordset s\u00f5iduomadust ja turvalisust nii kuivadel kui ka m\u00e4rgadel teedel. Selle rehviga \u00fchendub innovatiivne Continental tehnoloogia ja suurep\u00e4rane disain, tagades kindla haarduvuse ning stabiilsuse igas s\u00f5idutingimuses. 98 koormusindeks ja V-spidiaeg tagavad usaldusv\u00e4\u00e4rse soorituse ka suuremate kiirustega, pakkudes turvalist ja enesekindlat s\u00f5idukogemust.<\/p>\n<p>Rehvi konstruktsioon on optimeeritud nii, et see v\u00e4hendab veeretakistust ja parandab k\u00fctuses\u00e4\u00e4stlikkust, v\u00f5imaldades s\u00f5iduki sujuvat liikumist. Elect FR versioon rakendab uusimaid tehnoloogilisi lahendusi, mis parandavad rehvile reageerimisv\u00f5imet ning m\u00e4ngivad olulist rolli energiat\u00f5hususe ja ohutuse tagamisel.<\/p>\n<p>Valides 225\/55R18 Continental UltraContact 98V Elect FR BAB69, panustate oma s\u00f5idumugavusse ja ohutusse, nautides samal ajal kaasaegseid uuendusi ja usaldusv\u00e4\u00e4rsust igal teel.<\/p>","protected":false},"excerpt":{"rendered":"<p>225\/55R18 Continental UltraContact 98V Elect FR BAB69 on k\u00f5rgtehnoloogiline rehv, mis pakub erakordset s\u00f5iduomadust ja turvalisust nii kuivadel kui ka m\u00e4rgadel teedel. Selle rehviga \u00fchendub innovatiivne Continental tehnoloogia ja suurep\u00e4rane disain, tagades kindla haarduvuse ning stabiilsuse igas s\u00f5idutingimuses. 98 koormusindeks ja V-spidiaeg tagavad usaldusv\u00e4\u00e4rse soorituse ka suuremate kiirustega, pakkudes turvalist ja enesekindlat s\u00f5idukogemust. Rehvi konstruktsioon [&hellip;]<\/p>\n","protected":false},"featured_media":124865,"template":"","meta":{"site-sidebar-layout":"default","site-content-layout":"","ast-site-content-layout":"","site-content-style":"default","site-sidebar-style":"default","ast-global-header-display":"","ast-banner-title-visibility":"","ast-main-header-display":"","ast-hfb-above-header-display":"","ast-hfb-below-header-display":"","ast-hfb-mobile-header-display":"","site-post-title":"","ast-breadcrumbs-content":"","ast-featured-img":"","footer-sml-layout":"","theme-transparent-header-meta":"","adv-header-id-meta":"","stick-header-meta":"","header-above-stick-meta":"","header-main-stick-meta":"","header-below-stick-meta":"","astra-migrate-meta-layouts":"default","ast-page-background-enabled":"default","ast-page-background-meta":{"desktop":{"background-color":"","background-image":"","background-repeat":"repeat","background-position":"center center","background-size":"auto","background-attachment":"scroll","background-type":"","background-media":"","overlay-type":"","overlay-color":"","overlay-opacity":"","overlay-gradient":""},"tablet":{"background-color":"","background-image":"","background-repeat":"repeat","background-position":"center center","background-size":"auto","background-attachment":"scroll","background-type":"","background-media":"","overlay-type":"","overlay-color":"","overlay-opacity":"","overlay-gradient":""},"mobile":{"background-color":"","background-image":"","background-repeat":"repeat","background-position":"center center","background-size":"auto","background-attachment":"scroll","background-type":"","background-media":"","overlay-type":"","overlay-color":"","overlay-opacity":"","overlay-gradient":""}},"ast-content-background-meta":{"desktop":{"background-color":"var(--ast-global-color-5)","background-image":"","background-repeat":"repeat","background-position":"center center","background-size":"auto","background-attachment":"scroll","background-type":"","background-media":"","overlay-type":"","overlay-color":"","overlay-opacity":"","overlay-gradient":""},"tablet":{"background-color":"var(--ast-global-color-5)","background-image":"","background-repeat":"repeat","background-position":"center center","background-size":"auto","background-attachment":"scroll","background-type":"","background-media":"","overlay-type":"","overlay-color":"","overlay-opacity":"","overlay-gradient":""},"mobile":{"background-color":"var(--ast-global-color-5)","background-image":"","background-repeat":"repeat","background-position":"center center","background-size":"auto","background-attachment":"scroll","background-type":"","background-media":"","overlay-type":"","overlay-color":"","overlay-opacity":"","overlay-gradient":""}}},"product_brand":[],"product_cat":[34225],"product_tag":[],"pa_brand_name":[25035],"class_list":{"0":"post-121065","1":"product","2":"type-product","3":"status-publish","4":"has-post-thumbnail","6":"product_cat-summer-tires-pv","7":"pa_brand_name-continental","8":"desktop-align-left","9":"tablet-align-left","10":"mobile-align-left","12":"first","13":"outofstock","14":"taxable","15":"shipping-taxable","16":"purchasable","17":"product-type-simple"},"_links":{"self":[{"href":"https:\/\/shop.rettum.ee\/en\/wp-json\/wp\/v2\/product\/121065","targetHints":{"allow":["GET"]}}],"collection":[{"href":"https:\/\/shop.rettum.ee\/en\/wp-json\/wp\/v2\/product"}],"about":[{"href":"https:\/\/shop.rettum.ee\/en\/wp-json\/wp\/v2\/types\/product"}],"version-history":[{"count":1,"href":"https:\/\/shop.rettum.ee\/en\/wp-json\/wp\/v2\/product\/121065\/revisions"}],"predecessor-version":[{"id":125528,"href":"https:\/\/shop.rettum.ee\/en\/wp-json\/wp\/v2\/product\/121065\/revisions\/125528"}],"wp:featuredmedia":[{"embeddable":true,"href":"https:\/\/shop.rettum.ee\/en\/wp-json\/wp\/v2\/media\/124865"}],"wp:attachment":[{"href":"https:\/\/shop.rettum.ee\/en\/wp-json\/wp\/v2\/media?parent=121065"}],"wp:term":[{"taxonomy":"product_brand","embeddable":true,"href":"https:\/\/shop.rettum.ee\/en\/wp-json\/wp\/v2\/product_brand?post=121065"},{"taxonomy":"product_cat","embeddable":true,"href":"https:\/\/shop.rettum.ee\/en\/wp-json\/wp\/v2\/product_cat?post=121065"},{"taxonomy":"product_tag","embeddable":true,"href":"https:\/\/shop.rettum.ee\/en\/wp-json\/wp\/v2\/product_tag?post=121065"},{"taxonomy":"pa_brand_name","embeddable":true,"href":"https:\/\/shop.rettum.ee\/en\/wp-json\/wp\/v2\/pa_brand_name?post=121065"}],"curies":[{"name":"wp","href":"https:\/\/api.w.org\/{rel}","templated":true}]}}