{"id":121066,"date":"2025-03-31T03:09:47","date_gmt":"2025-03-31T00:09:47","guid":{"rendered":"https:\/\/shop.rettum.ee\/toode\/235-50r18-continental-ultracontact-97v-elect-fr-bab70\/"},"modified":"2026-03-22T03:07:09","modified_gmt":"2026-03-22T01:07:09","slug":"235-50r18-continental-ultracontact-97v-elect-fr-bab70","status":"publish","type":"product","link":"https:\/\/shop.rettum.ee\/en\/product\/235-50r18-continental-ultracontact-97v-elect-fr-bab70\/","title":{"rendered":"235\/50R18 CONTINENTAL ULTRACONTACT 97V Elect FR BAB70"},"content":{"rendered":"<p>Continental ULTRACONTACT 97V Elect FR BAB70 rehvid on k\u00f5rgtehnoloogilised ja innovatiivsed, tagades tipptasemel s\u00f5idukogemuse. Rehviv\u00f5tme suurus 235\/50 R18 on hoolikalt projekteeritud, et pakkuda maksimaalset haarduvust ja stabiilsust erinevates s\u00f5idutingimustes, sealhulgas m\u00e4rgal ja kuivale teele. T\u00e4nu optimeeritud rehviprofiilile ja uuenduslikule koostisele on nende rullimiskindlus madal, mis aitab v\u00e4hendada k\u00fctusekulu ning parandada s\u00f5idumugavust ja juhikindlust. V kiirusklass ning 97 koormusindeks tagavad, et rehvid suudavad vastu v\u00f5tta ka n\u00f5udlikumaid koormusi ja s\u00e4ilitada suurep\u00e4rase j\u00f5udluse ka k\u00f5rgetel kiirustel.<\/p>\n<p>Eriliselt sobivad need rehvid moodsa elektris\u00f5iduki vajaduste rahuldamiseks, kus energiaefektiivsus ja ohutus on esmat\u00e4htsad. Valides Continental ULTRACONTACT rehvid, panete oma s\u00f5iduki varustusse usaldusv\u00e4\u00e4rsuse, vastupidavuse ja innovatsiooni, mis muudavad iga teekonna nauditavaks ja turvaliseks.<\/p>","protected":false},"excerpt":{"rendered":"<p>Continental ULTRACONTACT 97V Elect FR BAB70 rehvid on k\u00f5rgtehnoloogilised ja innovatiivsed, tagades tipptasemel s\u00f5idukogemuse. Rehviv\u00f5tme suurus 235\/50 R18 on hoolikalt projekteeritud, et pakkuda maksimaalset haarduvust ja stabiilsust erinevates s\u00f5idutingimustes, sealhulgas m\u00e4rgal ja kuivale teele. T\u00e4nu optimeeritud rehviprofiilile ja uuenduslikule koostisele on nende rullimiskindlus madal, mis aitab v\u00e4hendada k\u00fctusekulu ning parandada s\u00f5idumugavust ja juhikindlust. V kiirusklass [&hellip;]<\/p>\n","protected":false},"featured_media":124865,"template":"","meta":{"site-sidebar-layout":"default","site-content-layout":"","ast-site-content-layout":"","site-content-style":"default","site-sidebar-style":"default","ast-global-header-display":"","ast-banner-title-visibility":"","ast-main-header-display":"","ast-hfb-above-header-display":"","ast-hfb-below-header-display":"","ast-hfb-mobile-header-display":"","site-post-title":"","ast-breadcrumbs-content":"","ast-featured-img":"","footer-sml-layout":"","theme-transparent-header-meta":"","adv-header-id-meta":"","stick-header-meta":"","header-above-stick-meta":"","header-main-stick-meta":"","header-below-stick-meta":"","astra-migrate-meta-layouts":"default","ast-page-background-enabled":"default","ast-page-background-meta":{"desktop":{"background-color":"","background-image":"","background-repeat":"repeat","background-position":"center center","background-size":"auto","background-attachment":"scroll","background-type":"","background-media":"","overlay-type":"","overlay-color":"","overlay-opacity":"","overlay-gradient":""},"tablet":{"background-color":"","background-image":"","background-repeat":"repeat","background-position":"center center","background-size":"auto","background-attachment":"scroll","background-type":"","background-media":"","overlay-type":"","overlay-color":"","overlay-opacity":"","overlay-gradient":""},"mobile":{"background-color":"","background-image":"","background-repeat":"repeat","background-position":"center center","background-size":"auto","background-attachment":"scroll","background-type":"","background-media":"","overlay-type":"","overlay-color":"","overlay-opacity":"","overlay-gradient":""}},"ast-content-background-meta":{"desktop":{"background-color":"var(--ast-global-color-5)","background-image":"","background-repeat":"repeat","background-position":"center center","background-size":"auto","background-attachment":"scroll","background-type":"","background-media":"","overlay-type":"","overlay-color":"","overlay-opacity":"","overlay-gradient":""},"tablet":{"background-color":"var(--ast-global-color-5)","background-image":"","background-repeat":"repeat","background-position":"center center","background-size":"auto","background-attachment":"scroll","background-type":"","background-media":"","overlay-type":"","overlay-color":"","overlay-opacity":"","overlay-gradient":""},"mobile":{"background-color":"var(--ast-global-color-5)","background-image":"","background-repeat":"repeat","background-position":"center center","background-size":"auto","background-attachment":"scroll","background-type":"","background-media":"","overlay-type":"","overlay-color":"","overlay-opacity":"","overlay-gradient":""}}},"product_brand":[],"product_cat":[34225],"product_tag":[],"pa_brand_name":[25035],"class_list":{"0":"post-121066","1":"product","2":"type-product","3":"status-publish","4":"has-post-thumbnail","6":"product_cat-summer-tires-pv","7":"pa_brand_name-continental","8":"desktop-align-left","9":"tablet-align-left","10":"mobile-align-left","12":"first","13":"outofstock","14":"taxable","15":"shipping-taxable","16":"purchasable","17":"product-type-simple"},"_links":{"self":[{"href":"https:\/\/shop.rettum.ee\/en\/wp-json\/wp\/v2\/product\/121066","targetHints":{"allow":["GET"]}}],"collection":[{"href":"https:\/\/shop.rettum.ee\/en\/wp-json\/wp\/v2\/product"}],"about":[{"href":"https:\/\/shop.rettum.ee\/en\/wp-json\/wp\/v2\/types\/product"}],"version-history":[{"count":1,"href":"https:\/\/shop.rettum.ee\/en\/wp-json\/wp\/v2\/product\/121066\/revisions"}],"predecessor-version":[{"id":125529,"href":"https:\/\/shop.rettum.ee\/en\/wp-json\/wp\/v2\/product\/121066\/revisions\/125529"}],"wp:featuredmedia":[{"embeddable":true,"href":"https:\/\/shop.rettum.ee\/en\/wp-json\/wp\/v2\/media\/124865"}],"wp:attachment":[{"href":"https:\/\/shop.rettum.ee\/en\/wp-json\/wp\/v2\/media?parent=121066"}],"wp:term":[{"taxonomy":"product_brand","embeddable":true,"href":"https:\/\/shop.rettum.ee\/en\/wp-json\/wp\/v2\/product_brand?post=121066"},{"taxonomy":"product_cat","embeddable":true,"href":"https:\/\/shop.rettum.ee\/en\/wp-json\/wp\/v2\/product_cat?post=121066"},{"taxonomy":"product_tag","embeddable":true,"href":"https:\/\/shop.rettum.ee\/en\/wp-json\/wp\/v2\/product_tag?post=121066"},{"taxonomy":"pa_brand_name","embeddable":true,"href":"https:\/\/shop.rettum.ee\/en\/wp-json\/wp\/v2\/pa_brand_name?post=121066"}],"curies":[{"name":"wp","href":"https:\/\/api.w.org\/{rel}","templated":true}]}}