{"id":121067,"date":"2025-03-31T03:09:48","date_gmt":"2025-03-31T00:09:48","guid":{"rendered":"https:\/\/shop.rettum.ee\/toode\/245-45r18-continental-ultracontact-100w-xl-elect-fr-bab70\/"},"modified":"2026-03-22T03:07:09","modified_gmt":"2026-03-22T01:07:09","slug":"245-45r18-continental-ultracontact-100w-xl-elect-fr-bab70","status":"publish","type":"product","link":"https:\/\/shop.rettum.ee\/en\/product\/245-45r18-continental-ultracontact-100w-xl-elect-fr-bab70\/","title":{"rendered":"245\/45R18 CONTINENTAL ULTRACONTACT 100W XL Elect FR BAB70"},"content":{"rendered":"<p>Avasta Continental UltraContact 100W XL Elect FR BAB70 \u2013 tipptasemel rehv, mis vastab t\u00e4nap\u00e4evaste s\u00f5idutingimuste k\u00f5rgetele n\u00f5udmistele. Selle 245\/45R18 m\u00f5\u00f5tmisga mudeli disain on loodud pakkuma maksimaalset kontaktpinda ja suurep\u00e4rast teej\u00f5udlust, tagades seel\u00e4bi kindla s\u00f5idu iga ilmastikutingimuse korral. XL-klass lisab veelgi suurema koormusv\u00f5ime, v\u00f5imaldades ohutult s\u00f5ita ka n\u00f5udlikumates olukordades.<\/p>\n<p>100W kiirusklassi rehv on ehitatud pakkuma stabiilsust ja kindlat haarduvust, mis on eriti oluline kiirete man\u00f6\u00f6vrite ja ootamatute olukordade korral. Elect FR tehnoloogia tagab kiire reageerimise ja suurep\u00e4rase juhitavuse, muutes s\u00f5idu sujuvaks ning kindlaks. Continental UltraContact 100W XL Elect FR BAB70 on ideaalne valik neile, kes hindavad ohutust, k\u00fctuseefektiivsust ja s\u00f5idumugavust.<\/p>\n<p>Investeeri tipptasemel kvaliteeti ja usaldusv\u00e4\u00e4rsusesse \u2013 vali Continental UltraContact 100W XL Elect FR BAB70, mis on loodud pakkuma maksimaalset j\u00f5udlust igal teekonnal.<\/p>","protected":false},"excerpt":{"rendered":"<p>Avasta Continental UltraContact 100W XL Elect FR BAB70 \u2013 tipptasemel rehv, mis vastab t\u00e4nap\u00e4evaste s\u00f5idutingimuste k\u00f5rgetele n\u00f5udmistele. Selle 245\/45R18 m\u00f5\u00f5tmisga mudeli disain on loodud pakkuma maksimaalset kontaktpinda ja suurep\u00e4rast teej\u00f5udlust, tagades seel\u00e4bi kindla s\u00f5idu iga ilmastikutingimuse korral. XL-klass lisab veelgi suurema koormusv\u00f5ime, v\u00f5imaldades ohutult s\u00f5ita ka n\u00f5udlikumates olukordades. 100W kiirusklassi rehv on ehitatud pakkuma stabiilsust [&hellip;]<\/p>\n","protected":false},"featured_media":124865,"template":"","meta":{"site-sidebar-layout":"default","site-content-layout":"","ast-site-content-layout":"","site-content-style":"default","site-sidebar-style":"default","ast-global-header-display":"","ast-banner-title-visibility":"","ast-main-header-display":"","ast-hfb-above-header-display":"","ast-hfb-below-header-display":"","ast-hfb-mobile-header-display":"","site-post-title":"","ast-breadcrumbs-content":"","ast-featured-img":"","footer-sml-layout":"","theme-transparent-header-meta":"","adv-header-id-meta":"","stick-header-meta":"","header-above-stick-meta":"","header-main-stick-meta":"","header-below-stick-meta":"","astra-migrate-meta-layouts":"default","ast-page-background-enabled":"default","ast-page-background-meta":{"desktop":{"background-color":"","background-image":"","background-repeat":"repeat","background-position":"center center","background-size":"auto","background-attachment":"scroll","background-type":"","background-media":"","overlay-type":"","overlay-color":"","overlay-opacity":"","overlay-gradient":""},"tablet":{"background-color":"","background-image":"","background-repeat":"repeat","background-position":"center center","background-size":"auto","background-attachment":"scroll","background-type":"","background-media":"","overlay-type":"","overlay-color":"","overlay-opacity":"","overlay-gradient":""},"mobile":{"background-color":"","background-image":"","background-repeat":"repeat","background-position":"center center","background-size":"auto","background-attachment":"scroll","background-type":"","background-media":"","overlay-type":"","overlay-color":"","overlay-opacity":"","overlay-gradient":""}},"ast-content-background-meta":{"desktop":{"background-color":"var(--ast-global-color-5)","background-image":"","background-repeat":"repeat","background-position":"center center","background-size":"auto","background-attachment":"scroll","background-type":"","background-media":"","overlay-type":"","overlay-color":"","overlay-opacity":"","overlay-gradient":""},"tablet":{"background-color":"var(--ast-global-color-5)","background-image":"","background-repeat":"repeat","background-position":"center center","background-size":"auto","background-attachment":"scroll","background-type":"","background-media":"","overlay-type":"","overlay-color":"","overlay-opacity":"","overlay-gradient":""},"mobile":{"background-color":"var(--ast-global-color-5)","background-image":"","background-repeat":"repeat","background-position":"center center","background-size":"auto","background-attachment":"scroll","background-type":"","background-media":"","overlay-type":"","overlay-color":"","overlay-opacity":"","overlay-gradient":""}}},"product_brand":[],"product_cat":[34225],"product_tag":[],"pa_brand_name":[25035],"class_list":{"0":"post-121067","1":"product","2":"type-product","3":"status-publish","4":"has-post-thumbnail","6":"product_cat-summer-tires-pv","7":"pa_brand_name-continental","8":"desktop-align-left","9":"tablet-align-left","10":"mobile-align-left","12":"first","13":"outofstock","14":"taxable","15":"shipping-taxable","16":"purchasable","17":"product-type-simple"},"_links":{"self":[{"href":"https:\/\/shop.rettum.ee\/en\/wp-json\/wp\/v2\/product\/121067","targetHints":{"allow":["GET"]}}],"collection":[{"href":"https:\/\/shop.rettum.ee\/en\/wp-json\/wp\/v2\/product"}],"about":[{"href":"https:\/\/shop.rettum.ee\/en\/wp-json\/wp\/v2\/types\/product"}],"version-history":[{"count":1,"href":"https:\/\/shop.rettum.ee\/en\/wp-json\/wp\/v2\/product\/121067\/revisions"}],"predecessor-version":[{"id":125527,"href":"https:\/\/shop.rettum.ee\/en\/wp-json\/wp\/v2\/product\/121067\/revisions\/125527"}],"wp:featuredmedia":[{"embeddable":true,"href":"https:\/\/shop.rettum.ee\/en\/wp-json\/wp\/v2\/media\/124865"}],"wp:attachment":[{"href":"https:\/\/shop.rettum.ee\/en\/wp-json\/wp\/v2\/media?parent=121067"}],"wp:term":[{"taxonomy":"product_brand","embeddable":true,"href":"https:\/\/shop.rettum.ee\/en\/wp-json\/wp\/v2\/product_brand?post=121067"},{"taxonomy":"product_cat","embeddable":true,"href":"https:\/\/shop.rettum.ee\/en\/wp-json\/wp\/v2\/product_cat?post=121067"},{"taxonomy":"product_tag","embeddable":true,"href":"https:\/\/shop.rettum.ee\/en\/wp-json\/wp\/v2\/product_tag?post=121067"},{"taxonomy":"pa_brand_name","embeddable":true,"href":"https:\/\/shop.rettum.ee\/en\/wp-json\/wp\/v2\/pa_brand_name?post=121067"}],"curies":[{"name":"wp","href":"https:\/\/api.w.org\/{rel}","templated":true}]}}