{"id":121068,"date":"2025-03-31T03:09:49","date_gmt":"2025-03-31T00:09:49","guid":{"rendered":"https:\/\/shop.rettum.ee\/toode\/155-70r19-continental-ultracontact-84q-elect-fr-cab68\/"},"modified":"2026-03-22T03:07:09","modified_gmt":"2026-03-22T01:07:09","slug":"155-70r19-continental-ultracontact-84q-elect-fr-cab68","status":"publish","type":"product","link":"https:\/\/shop.rettum.ee\/en\/product\/155-70r19-continental-ultracontact-84q-elect-fr-cab68\/","title":{"rendered":"155\/70R19 CONTINENTAL ULTRACONTACT 84Q Elect FR CAB68"},"content":{"rendered":"<p>Kontinentaalne 155\/70R19 ULTRACONTACT 84Q Elect FR CAB68 on tippkvaliteediga rehvivalk, mis \u00fchendab kaasaegse tehnoloogia ja suurep\u00e4rase s\u00f5iduomaduse. See rehvi mudel on loodud pakkuma optimaalseid pidemurdumisteepidusi nii m\u00e4rgade kui kuivade teeoludega, tagades maksimaalse haarduvuse ja s\u00f5idustabiilsuse. <\/p>\n<p>Rehvi disain keskendub \u00fchtlasele j\u00f5u \u00fclekandmisele ja madalale veeretakistusele, aidates parandada k\u00fctuses\u00e4\u00e4stlikkust ning v\u00e4hendada s\u00f5idukile s\u00fcttiva koormust. Tootes kasutatud k\u00f5rgtehnoloogilised materjalid ja innovaatilised mustrid suurendavad rehvi eluea ning tagavad stabiilse reaktsiooni erinevates s\u00f5idutingimustes.<\/p>\n<p>Kontinentaalne ULTRACONTACT 84Q Elect FR CAB68 on ideaalne valik neile, kes hindavad turvalisust, usaldusv\u00e4\u00e4rsust ja suurep\u00e4raseid s\u00f5iduomadusi igap\u00e4evasel kasutamisel. See rehvi lahendus sobib ideaalselt kaasaegsetele s\u00f5idukitele, pakkudes \u00fclimat kontrolli ja kindlustunnet nii linnas\u00f5idus kui ka pikamaa s\u00f5itudel.<\/p>","protected":false},"excerpt":{"rendered":"<p>Kontinentaalne 155\/70R19 ULTRACONTACT 84Q Elect FR CAB68 on tippkvaliteediga rehvivalk, mis \u00fchendab kaasaegse tehnoloogia ja suurep\u00e4rase s\u00f5iduomaduse. See rehvi mudel on loodud pakkuma optimaalseid pidemurdumisteepidusi nii m\u00e4rgade kui kuivade teeoludega, tagades maksimaalse haarduvuse ja s\u00f5idustabiilsuse. Rehvi disain keskendub \u00fchtlasele j\u00f5u \u00fclekandmisele ja madalale veeretakistusele, aidates parandada k\u00fctuses\u00e4\u00e4stlikkust ning v\u00e4hendada s\u00f5idukile s\u00fcttiva koormust. Tootes kasutatud k\u00f5rgtehnoloogilised [&hellip;]<\/p>\n","protected":false},"featured_media":124865,"template":"","meta":{"site-sidebar-layout":"default","site-content-layout":"","ast-site-content-layout":"","site-content-style":"default","site-sidebar-style":"default","ast-global-header-display":"","ast-banner-title-visibility":"","ast-main-header-display":"","ast-hfb-above-header-display":"","ast-hfb-below-header-display":"","ast-hfb-mobile-header-display":"","site-post-title":"","ast-breadcrumbs-content":"","ast-featured-img":"","footer-sml-layout":"","theme-transparent-header-meta":"","adv-header-id-meta":"","stick-header-meta":"","header-above-stick-meta":"","header-main-stick-meta":"","header-below-stick-meta":"","astra-migrate-meta-layouts":"default","ast-page-background-enabled":"default","ast-page-background-meta":{"desktop":{"background-color":"","background-image":"","background-repeat":"repeat","background-position":"center center","background-size":"auto","background-attachment":"scroll","background-type":"","background-media":"","overlay-type":"","overlay-color":"","overlay-opacity":"","overlay-gradient":""},"tablet":{"background-color":"","background-image":"","background-repeat":"repeat","background-position":"center center","background-size":"auto","background-attachment":"scroll","background-type":"","background-media":"","overlay-type":"","overlay-color":"","overlay-opacity":"","overlay-gradient":""},"mobile":{"background-color":"","background-image":"","background-repeat":"repeat","background-position":"center center","background-size":"auto","background-attachment":"scroll","background-type":"","background-media":"","overlay-type":"","overlay-color":"","overlay-opacity":"","overlay-gradient":""}},"ast-content-background-meta":{"desktop":{"background-color":"var(--ast-global-color-5)","background-image":"","background-repeat":"repeat","background-position":"center center","background-size":"auto","background-attachment":"scroll","background-type":"","background-media":"","overlay-type":"","overlay-color":"","overlay-opacity":"","overlay-gradient":""},"tablet":{"background-color":"var(--ast-global-color-5)","background-image":"","background-repeat":"repeat","background-position":"center center","background-size":"auto","background-attachment":"scroll","background-type":"","background-media":"","overlay-type":"","overlay-color":"","overlay-opacity":"","overlay-gradient":""},"mobile":{"background-color":"var(--ast-global-color-5)","background-image":"","background-repeat":"repeat","background-position":"center center","background-size":"auto","background-attachment":"scroll","background-type":"","background-media":"","overlay-type":"","overlay-color":"","overlay-opacity":"","overlay-gradient":""}}},"product_brand":[],"product_cat":[34225],"product_tag":[],"pa_brand_name":[25035],"class_list":{"0":"post-121068","1":"product","2":"type-product","3":"status-publish","4":"has-post-thumbnail","6":"product_cat-summer-tires-pv","7":"pa_brand_name-continental","8":"desktop-align-left","9":"tablet-align-left","10":"mobile-align-left","12":"first","13":"outofstock","14":"taxable","15":"shipping-taxable","16":"purchasable","17":"product-type-simple"},"_links":{"self":[{"href":"https:\/\/shop.rettum.ee\/en\/wp-json\/wp\/v2\/product\/121068","targetHints":{"allow":["GET"]}}],"collection":[{"href":"https:\/\/shop.rettum.ee\/en\/wp-json\/wp\/v2\/product"}],"about":[{"href":"https:\/\/shop.rettum.ee\/en\/wp-json\/wp\/v2\/types\/product"}],"version-history":[{"count":1,"href":"https:\/\/shop.rettum.ee\/en\/wp-json\/wp\/v2\/product\/121068\/revisions"}],"predecessor-version":[{"id":125526,"href":"https:\/\/shop.rettum.ee\/en\/wp-json\/wp\/v2\/product\/121068\/revisions\/125526"}],"wp:featuredmedia":[{"embeddable":true,"href":"https:\/\/shop.rettum.ee\/en\/wp-json\/wp\/v2\/media\/124865"}],"wp:attachment":[{"href":"https:\/\/shop.rettum.ee\/en\/wp-json\/wp\/v2\/media?parent=121068"}],"wp:term":[{"taxonomy":"product_brand","embeddable":true,"href":"https:\/\/shop.rettum.ee\/en\/wp-json\/wp\/v2\/product_brand?post=121068"},{"taxonomy":"product_cat","embeddable":true,"href":"https:\/\/shop.rettum.ee\/en\/wp-json\/wp\/v2\/product_cat?post=121068"},{"taxonomy":"product_tag","embeddable":true,"href":"https:\/\/shop.rettum.ee\/en\/wp-json\/wp\/v2\/product_tag?post=121068"},{"taxonomy":"pa_brand_name","embeddable":true,"href":"https:\/\/shop.rettum.ee\/en\/wp-json\/wp\/v2\/pa_brand_name?post=121068"}],"curies":[{"name":"wp","href":"https:\/\/api.w.org\/{rel}","templated":true}]}}