{"id":121069,"date":"2025-03-31T03:09:50","date_gmt":"2025-03-31T00:09:50","guid":{"rendered":"https:\/\/shop.rettum.ee\/toode\/175-60r19-continental-ultracontact-86q-elect-fr-bab70\/"},"modified":"2026-03-22T03:07:09","modified_gmt":"2026-03-22T01:07:09","slug":"175-60r19-continental-ultracontact-86q-elect-fr-bab70","status":"publish","type":"product","link":"https:\/\/shop.rettum.ee\/en\/product\/175-60r19-continental-ultracontact-86q-elect-fr-bab70\/","title":{"rendered":"175\/60R19 CONTINENTAL ULTRACONTACT 86Q Elect FR BAB70"},"content":{"rendered":"<p>Continental Ultracontact 86Q Elect FR BAB70 175\/60R19 rehvil on loodud pakkuma enneolematut s\u00f5idumugavust ja turvalisust. See kvaliteetne rehvil \u00fchendab kaasaegse disaini ja innovaatilised tehnoloogiad, mis tagavad suurep\u00e4rase haarduvuse nii m\u00e4rgadel kui kuivadel teedel. Robustne rehvi konstruktsioon tagab stabiilsuse ning t\u00e4pse juhitavuse ka n\u00f5udlikes s\u00f5iduoludes, v\u00f5imaldades s\u00f5ita enesekindlalt ja kindlalt.<\/p>\n<p>Rehvi tehnilised andmed, sh 175 mm laius, 60% k\u00fclgseina profiil ja 19-tolline velg, on t\u00e4pselt kaalutletud, et pakkuda optimaalseid soorituse ja k\u00fctuses\u00e4\u00e4stlikkuse kombinatsiooni. Load index 86 ja kiirusindikaator Q annavad kindlustunde, et rehvil suudab toetada s\u00f5iduki n\u00f5utud koormust ning tagada usaldusv\u00e4\u00e4rne sooritus kuni kiiruseni, mis vastab igap\u00e4evastele ja sportlikele aegadele.<\/p>\n<p>Valides Continental Ultracontact 86Q Elect FR BAB70 rehvi, investeerid tipptasemel s\u00f5idukogemusse, millel on r\u00f5hk nii ohutusel kui ka kaasaegsusel \u2013 ideaalne valik neile, kes hindavad kvaliteeti ja kindlustunnet igal teekonnal.<\/p>","protected":false},"excerpt":{"rendered":"<p>Continental Ultracontact 86Q Elect FR BAB70 175\/60R19 rehvil on loodud pakkuma enneolematut s\u00f5idumugavust ja turvalisust. See kvaliteetne rehvil \u00fchendab kaasaegse disaini ja innovaatilised tehnoloogiad, mis tagavad suurep\u00e4rase haarduvuse nii m\u00e4rgadel kui kuivadel teedel. Robustne rehvi konstruktsioon tagab stabiilsuse ning t\u00e4pse juhitavuse ka n\u00f5udlikes s\u00f5iduoludes, v\u00f5imaldades s\u00f5ita enesekindlalt ja kindlalt. Rehvi tehnilised andmed, sh 175 mm [&hellip;]<\/p>\n","protected":false},"featured_media":124865,"template":"","meta":{"site-sidebar-layout":"default","site-content-layout":"","ast-site-content-layout":"","site-content-style":"default","site-sidebar-style":"default","ast-global-header-display":"","ast-banner-title-visibility":"","ast-main-header-display":"","ast-hfb-above-header-display":"","ast-hfb-below-header-display":"","ast-hfb-mobile-header-display":"","site-post-title":"","ast-breadcrumbs-content":"","ast-featured-img":"","footer-sml-layout":"","theme-transparent-header-meta":"","adv-header-id-meta":"","stick-header-meta":"","header-above-stick-meta":"","header-main-stick-meta":"","header-below-stick-meta":"","astra-migrate-meta-layouts":"default","ast-page-background-enabled":"default","ast-page-background-meta":{"desktop":{"background-color":"","background-image":"","background-repeat":"repeat","background-position":"center center","background-size":"auto","background-attachment":"scroll","background-type":"","background-media":"","overlay-type":"","overlay-color":"","overlay-opacity":"","overlay-gradient":""},"tablet":{"background-color":"","background-image":"","background-repeat":"repeat","background-position":"center center","background-size":"auto","background-attachment":"scroll","background-type":"","background-media":"","overlay-type":"","overlay-color":"","overlay-opacity":"","overlay-gradient":""},"mobile":{"background-color":"","background-image":"","background-repeat":"repeat","background-position":"center center","background-size":"auto","background-attachment":"scroll","background-type":"","background-media":"","overlay-type":"","overlay-color":"","overlay-opacity":"","overlay-gradient":""}},"ast-content-background-meta":{"desktop":{"background-color":"var(--ast-global-color-5)","background-image":"","background-repeat":"repeat","background-position":"center center","background-size":"auto","background-attachment":"scroll","background-type":"","background-media":"","overlay-type":"","overlay-color":"","overlay-opacity":"","overlay-gradient":""},"tablet":{"background-color":"var(--ast-global-color-5)","background-image":"","background-repeat":"repeat","background-position":"center center","background-size":"auto","background-attachment":"scroll","background-type":"","background-media":"","overlay-type":"","overlay-color":"","overlay-opacity":"","overlay-gradient":""},"mobile":{"background-color":"var(--ast-global-color-5)","background-image":"","background-repeat":"repeat","background-position":"center center","background-size":"auto","background-attachment":"scroll","background-type":"","background-media":"","overlay-type":"","overlay-color":"","overlay-opacity":"","overlay-gradient":""}}},"product_brand":[],"product_cat":[34225],"product_tag":[],"pa_brand_name":[25035],"class_list":{"0":"post-121069","1":"product","2":"type-product","3":"status-publish","4":"has-post-thumbnail","6":"product_cat-summer-tires-pv","7":"pa_brand_name-continental","8":"desktop-align-left","9":"tablet-align-left","10":"mobile-align-left","12":"first","13":"outofstock","14":"taxable","15":"shipping-taxable","16":"purchasable","17":"product-type-simple"},"_links":{"self":[{"href":"https:\/\/shop.rettum.ee\/en\/wp-json\/wp\/v2\/product\/121069","targetHints":{"allow":["GET"]}}],"collection":[{"href":"https:\/\/shop.rettum.ee\/en\/wp-json\/wp\/v2\/product"}],"about":[{"href":"https:\/\/shop.rettum.ee\/en\/wp-json\/wp\/v2\/types\/product"}],"version-history":[{"count":1,"href":"https:\/\/shop.rettum.ee\/en\/wp-json\/wp\/v2\/product\/121069\/revisions"}],"predecessor-version":[{"id":125525,"href":"https:\/\/shop.rettum.ee\/en\/wp-json\/wp\/v2\/product\/121069\/revisions\/125525"}],"wp:featuredmedia":[{"embeddable":true,"href":"https:\/\/shop.rettum.ee\/en\/wp-json\/wp\/v2\/media\/124865"}],"wp:attachment":[{"href":"https:\/\/shop.rettum.ee\/en\/wp-json\/wp\/v2\/media?parent=121069"}],"wp:term":[{"taxonomy":"product_brand","embeddable":true,"href":"https:\/\/shop.rettum.ee\/en\/wp-json\/wp\/v2\/product_brand?post=121069"},{"taxonomy":"product_cat","embeddable":true,"href":"https:\/\/shop.rettum.ee\/en\/wp-json\/wp\/v2\/product_cat?post=121069"},{"taxonomy":"product_tag","embeddable":true,"href":"https:\/\/shop.rettum.ee\/en\/wp-json\/wp\/v2\/product_tag?post=121069"},{"taxonomy":"pa_brand_name","embeddable":true,"href":"https:\/\/shop.rettum.ee\/en\/wp-json\/wp\/v2\/pa_brand_name?post=121069"}],"curies":[{"name":"wp","href":"https:\/\/api.w.org\/{rel}","templated":true}]}}