{"id":121070,"date":"2025-03-31T03:09:52","date_gmt":"2025-03-31T00:09:52","guid":{"rendered":"https:\/\/shop.rettum.ee\/toode\/205-55r19-continental-ultracontact-97v-xl-elect-fr-baa69\/"},"modified":"2026-03-28T02:45:24","modified_gmt":"2026-03-28T00:45:24","slug":"205-55r19-continental-ultracontact-97v-xl-elect-fr-baa69","status":"publish","type":"product","link":"https:\/\/shop.rettum.ee\/en\/product\/205-55r19-continental-ultracontact-97v-xl-elect-fr-baa69\/","title":{"rendered":"205\/55R19 CONTINENTAL ULTRACONTACT 97V XL Elect FR BAA69"},"content":{"rendered":"<p>Continental Ultracontact 205\/55R19 XL Elect FR BAA69 on k\u00f5rgtehnoloogiline rehv, mis vastab n\u00f5udlike s\u00f5iduolude vajadustele ning tagab maksimaalse ohutuse ja j\u00f5udluse. See rehv on disainitud pakkuma suurep\u00e4rast haarduvust nii m\u00e4rgadel kui kuivadel teedel, v\u00e4hendades aquaplaningi riski ja kindlustades stabiilse, t\u00e4pse juhitavuse ka kiirete s\u00f5idutingimuste korral. XL-lisandi t\u00e4hendab suurendatud koormuskindlust, mis muudab selle ideaalseks autojuhtidele, kes vajavad lisatundlikkust ja t\u00f6\u00f6kindlust erinevates s\u00f5idutingimustes. Rehvi 97V kiirusindeks kinnitab selle v\u00f5ime saavutada k\u00f5rgeid kiirusi, s\u00e4ilitades samal ajal turvalise s\u00f5iduk\u00e4itumise. Continental on tuntud oma innovatiivsete insenerilahenduste poolest, mist\u00f5ttu on see Ultracontact mudel usaldusv\u00e4\u00e4rne partner nii igap\u00e4evaseks s\u00f5iduks kui ka keerulistele teedele seiklemiseks. Valides Continental Ultracontact 205\/55R19 XL Elect FR, tagad endale t\u00e4nap\u00e4evase tehnoloogia ja k\u00f5rge j\u00f5udlusega rehvimaailma tipptasemel s\u00f5iduohutuse.<\/p>","protected":false},"excerpt":{"rendered":"<p>Continental Ultracontact 205\/55R19 XL Elect FR BAA69 on k\u00f5rgtehnoloogiline rehv, mis vastab n\u00f5udlike s\u00f5iduolude vajadustele ning tagab maksimaalse ohutuse ja j\u00f5udluse. See rehv on disainitud pakkuma suurep\u00e4rast haarduvust nii m\u00e4rgadel kui kuivadel teedel, v\u00e4hendades aquaplaningi riski ja kindlustades stabiilse, t\u00e4pse juhitavuse ka kiirete s\u00f5idutingimuste korral. XL-lisandi t\u00e4hendab suurendatud koormuskindlust, mis muudab selle ideaalseks autojuhtidele, kes [&hellip;]<\/p>\n","protected":false},"featured_media":124865,"template":"","meta":{"site-sidebar-layout":"default","site-content-layout":"","ast-site-content-layout":"","site-content-style":"default","site-sidebar-style":"default","ast-global-header-display":"","ast-banner-title-visibility":"","ast-main-header-display":"","ast-hfb-above-header-display":"","ast-hfb-below-header-display":"","ast-hfb-mobile-header-display":"","site-post-title":"","ast-breadcrumbs-content":"","ast-featured-img":"","footer-sml-layout":"","theme-transparent-header-meta":"","adv-header-id-meta":"","stick-header-meta":"","header-above-stick-meta":"","header-main-stick-meta":"","header-below-stick-meta":"","astra-migrate-meta-layouts":"default","ast-page-background-enabled":"default","ast-page-background-meta":{"desktop":{"background-color":"","background-image":"","background-repeat":"repeat","background-position":"center center","background-size":"auto","background-attachment":"scroll","background-type":"","background-media":"","overlay-type":"","overlay-color":"","overlay-opacity":"","overlay-gradient":""},"tablet":{"background-color":"","background-image":"","background-repeat":"repeat","background-position":"center center","background-size":"auto","background-attachment":"scroll","background-type":"","background-media":"","overlay-type":"","overlay-color":"","overlay-opacity":"","overlay-gradient":""},"mobile":{"background-color":"","background-image":"","background-repeat":"repeat","background-position":"center center","background-size":"auto","background-attachment":"scroll","background-type":"","background-media":"","overlay-type":"","overlay-color":"","overlay-opacity":"","overlay-gradient":""}},"ast-content-background-meta":{"desktop":{"background-color":"var(--ast-global-color-5)","background-image":"","background-repeat":"repeat","background-position":"center center","background-size":"auto","background-attachment":"scroll","background-type":"","background-media":"","overlay-type":"","overlay-color":"","overlay-opacity":"","overlay-gradient":""},"tablet":{"background-color":"var(--ast-global-color-5)","background-image":"","background-repeat":"repeat","background-position":"center center","background-size":"auto","background-attachment":"scroll","background-type":"","background-media":"","overlay-type":"","overlay-color":"","overlay-opacity":"","overlay-gradient":""},"mobile":{"background-color":"var(--ast-global-color-5)","background-image":"","background-repeat":"repeat","background-position":"center center","background-size":"auto","background-attachment":"scroll","background-type":"","background-media":"","overlay-type":"","overlay-color":"","overlay-opacity":"","overlay-gradient":""}}},"product_brand":[],"product_cat":[34225],"product_tag":[],"pa_brand_name":[25035],"class_list":{"0":"post-121070","1":"product","2":"type-product","3":"status-publish","4":"has-post-thumbnail","6":"product_cat-summer-tires-pv","7":"pa_brand_name-continental","8":"desktop-align-left","9":"tablet-align-left","10":"mobile-align-left","12":"first","13":"outofstock","14":"taxable","15":"shipping-taxable","16":"purchasable","17":"product-type-simple"},"_links":{"self":[{"href":"https:\/\/shop.rettum.ee\/en\/wp-json\/wp\/v2\/product\/121070","targetHints":{"allow":["GET"]}}],"collection":[{"href":"https:\/\/shop.rettum.ee\/en\/wp-json\/wp\/v2\/product"}],"about":[{"href":"https:\/\/shop.rettum.ee\/en\/wp-json\/wp\/v2\/types\/product"}],"version-history":[{"count":1,"href":"https:\/\/shop.rettum.ee\/en\/wp-json\/wp\/v2\/product\/121070\/revisions"}],"predecessor-version":[{"id":125524,"href":"https:\/\/shop.rettum.ee\/en\/wp-json\/wp\/v2\/product\/121070\/revisions\/125524"}],"wp:featuredmedia":[{"embeddable":true,"href":"https:\/\/shop.rettum.ee\/en\/wp-json\/wp\/v2\/media\/124865"}],"wp:attachment":[{"href":"https:\/\/shop.rettum.ee\/en\/wp-json\/wp\/v2\/media?parent=121070"}],"wp:term":[{"taxonomy":"product_brand","embeddable":true,"href":"https:\/\/shop.rettum.ee\/en\/wp-json\/wp\/v2\/product_brand?post=121070"},{"taxonomy":"product_cat","embeddable":true,"href":"https:\/\/shop.rettum.ee\/en\/wp-json\/wp\/v2\/product_cat?post=121070"},{"taxonomy":"product_tag","embeddable":true,"href":"https:\/\/shop.rettum.ee\/en\/wp-json\/wp\/v2\/product_tag?post=121070"},{"taxonomy":"pa_brand_name","embeddable":true,"href":"https:\/\/shop.rettum.ee\/en\/wp-json\/wp\/v2\/pa_brand_name?post=121070"}],"curies":[{"name":"wp","href":"https:\/\/api.w.org\/{rel}","templated":true}]}}