{"id":121071,"date":"2025-03-31T03:09:52","date_gmt":"2025-03-31T00:09:52","guid":{"rendered":"https:\/\/shop.rettum.ee\/toode\/225-65r17-continental-ultracontact-102h-elect-fr-bab69\/"},"modified":"2026-03-22T03:07:10","modified_gmt":"2026-03-22T01:07:10","slug":"225-65r17-continental-ultracontact-102h-elect-fr-bab69","status":"publish","type":"product","link":"https:\/\/shop.rettum.ee\/en\/product\/225-65r17-continental-ultracontact-102h-elect-fr-bab69\/","title":{"rendered":"225\/65R17 CONTINENTAL ULTRACONTACT 102H Elect FR BAB69"},"content":{"rendered":"<p>Continental ULTRACONTACT 102H Elect FR BAB69 on 225\/65R17 m\u00f5\u00f5tmetega rehvid, mis on loodud pakkuma laitmatut kontrolli ja turvalist s\u00f5idukogemust erinevates teeoludes. Need rehvid \u00fchendavad tipptasemel insenerit\u00f6\u00f6 ja uuendusliku disaini, pakkudes suurep\u00e4rast veoj\u00f5udu nii kuival kui m\u00e4rjal pinnal.  <\/p>\n<p>Unikaalne rehvimustri disain tagab kiire vee \u00e4ravoolu, v\u00e4hendades akveduktsiooni riski ja kindlustades stabiilsuse isegi ootamatult muutuvates ilmastikutingimustes. Madal veeretakistus aitab omakorda kaasa k\u00fctuses\u00e4\u00e4stlikkusele ning v\u00e4hendab s\u00f5iduki keskkonnajalaj\u00e4lge \u2013 ideaalne valik t\u00e4nap\u00e4eva teadliku juhile.  <\/p>\n<p>Elect versioon on spetsiaalselt kohandatud kaasaegsete s\u00f5idukite, sealhulgas elektriautode vajadustele, pakkudes eriti sujuvat ja energiat s\u00e4\u00e4stvat s\u00f5itu. Continental ULTRACONTACT rehvid tagavad usaldusv\u00e4\u00e4rse haardumise ja pikema kandeika, muutes iga teekonna kindlalt turvaliseks.  <\/p>\n<p>Valides Continental ULTRACONTACT 102H Elect FR BAB69, panustad nii s\u00f5iduohutusse kui ka v\u00f5imalikku k\u00fctusekulu v\u00e4hendamisse. Telli t\u00e4na ja naudi tipptasemel j\u00f5udlust igal kilomeetril!<\/p>","protected":false},"excerpt":{"rendered":"<p>Continental ULTRACONTACT 102H Elect FR BAB69 on 225\/65R17 m\u00f5\u00f5tmetega rehvid, mis on loodud pakkuma laitmatut kontrolli ja turvalist s\u00f5idukogemust erinevates teeoludes. Need rehvid \u00fchendavad tipptasemel insenerit\u00f6\u00f6 ja uuendusliku disaini, pakkudes suurep\u00e4rast veoj\u00f5udu nii kuival kui m\u00e4rjal pinnal. Unikaalne rehvimustri disain tagab kiire vee \u00e4ravoolu, v\u00e4hendades akveduktsiooni riski ja kindlustades stabiilsuse isegi ootamatult muutuvates ilmastikutingimustes. Madal [&hellip;]<\/p>\n","protected":false},"featured_media":124865,"template":"","meta":{"site-sidebar-layout":"default","site-content-layout":"","ast-site-content-layout":"","site-content-style":"default","site-sidebar-style":"default","ast-global-header-display":"","ast-banner-title-visibility":"","ast-main-header-display":"","ast-hfb-above-header-display":"","ast-hfb-below-header-display":"","ast-hfb-mobile-header-display":"","site-post-title":"","ast-breadcrumbs-content":"","ast-featured-img":"","footer-sml-layout":"","theme-transparent-header-meta":"","adv-header-id-meta":"","stick-header-meta":"","header-above-stick-meta":"","header-main-stick-meta":"","header-below-stick-meta":"","astra-migrate-meta-layouts":"default","ast-page-background-enabled":"default","ast-page-background-meta":{"desktop":{"background-color":"","background-image":"","background-repeat":"repeat","background-position":"center center","background-size":"auto","background-attachment":"scroll","background-type":"","background-media":"","overlay-type":"","overlay-color":"","overlay-opacity":"","overlay-gradient":""},"tablet":{"background-color":"","background-image":"","background-repeat":"repeat","background-position":"center center","background-size":"auto","background-attachment":"scroll","background-type":"","background-media":"","overlay-type":"","overlay-color":"","overlay-opacity":"","overlay-gradient":""},"mobile":{"background-color":"","background-image":"","background-repeat":"repeat","background-position":"center center","background-size":"auto","background-attachment":"scroll","background-type":"","background-media":"","overlay-type":"","overlay-color":"","overlay-opacity":"","overlay-gradient":""}},"ast-content-background-meta":{"desktop":{"background-color":"var(--ast-global-color-5)","background-image":"","background-repeat":"repeat","background-position":"center center","background-size":"auto","background-attachment":"scroll","background-type":"","background-media":"","overlay-type":"","overlay-color":"","overlay-opacity":"","overlay-gradient":""},"tablet":{"background-color":"var(--ast-global-color-5)","background-image":"","background-repeat":"repeat","background-position":"center center","background-size":"auto","background-attachment":"scroll","background-type":"","background-media":"","overlay-type":"","overlay-color":"","overlay-opacity":"","overlay-gradient":""},"mobile":{"background-color":"var(--ast-global-color-5)","background-image":"","background-repeat":"repeat","background-position":"center center","background-size":"auto","background-attachment":"scroll","background-type":"","background-media":"","overlay-type":"","overlay-color":"","overlay-opacity":"","overlay-gradient":""}}},"product_brand":[],"product_cat":[34225],"product_tag":[],"pa_brand_name":[25035],"class_list":{"0":"post-121071","1":"product","2":"type-product","3":"status-publish","4":"has-post-thumbnail","6":"product_cat-summer-tires-pv","7":"pa_brand_name-continental","8":"desktop-align-left","9":"tablet-align-left","10":"mobile-align-left","12":"first","13":"outofstock","14":"taxable","15":"shipping-taxable","16":"purchasable","17":"product-type-simple"},"_links":{"self":[{"href":"https:\/\/shop.rettum.ee\/en\/wp-json\/wp\/v2\/product\/121071","targetHints":{"allow":["GET"]}}],"collection":[{"href":"https:\/\/shop.rettum.ee\/en\/wp-json\/wp\/v2\/product"}],"about":[{"href":"https:\/\/shop.rettum.ee\/en\/wp-json\/wp\/v2\/types\/product"}],"version-history":[{"count":1,"href":"https:\/\/shop.rettum.ee\/en\/wp-json\/wp\/v2\/product\/121071\/revisions"}],"predecessor-version":[{"id":125523,"href":"https:\/\/shop.rettum.ee\/en\/wp-json\/wp\/v2\/product\/121071\/revisions\/125523"}],"wp:featuredmedia":[{"embeddable":true,"href":"https:\/\/shop.rettum.ee\/en\/wp-json\/wp\/v2\/media\/124865"}],"wp:attachment":[{"href":"https:\/\/shop.rettum.ee\/en\/wp-json\/wp\/v2\/media?parent=121071"}],"wp:term":[{"taxonomy":"product_brand","embeddable":true,"href":"https:\/\/shop.rettum.ee\/en\/wp-json\/wp\/v2\/product_brand?post=121071"},{"taxonomy":"product_cat","embeddable":true,"href":"https:\/\/shop.rettum.ee\/en\/wp-json\/wp\/v2\/product_cat?post=121071"},{"taxonomy":"product_tag","embeddable":true,"href":"https:\/\/shop.rettum.ee\/en\/wp-json\/wp\/v2\/product_tag?post=121071"},{"taxonomy":"pa_brand_name","embeddable":true,"href":"https:\/\/shop.rettum.ee\/en\/wp-json\/wp\/v2\/pa_brand_name?post=121071"}],"curies":[{"name":"wp","href":"https:\/\/api.w.org\/{rel}","templated":true}]}}