{"id":121072,"date":"2025-03-31T03:09:53","date_gmt":"2025-03-31T00:09:53","guid":{"rendered":"https:\/\/shop.rettum.ee\/toode\/225-60r18-continental-ultracontact-100h-elect-fr-bab69\/"},"modified":"2026-03-22T03:07:10","modified_gmt":"2026-03-22T01:07:10","slug":"225-60r18-continental-ultracontact-100h-elect-fr-bab69","status":"publish","type":"product","link":"https:\/\/shop.rettum.ee\/en\/product\/225-60r18-continental-ultracontact-100h-elect-fr-bab69\/","title":{"rendered":"225\/60R18 CONTINENTAL ULTRACONTACT 100H Elect FR BAB69"},"content":{"rendered":"<p>Continental Ultracontact 100H Elect FR BAB69 225\/60R18 on tipptasemel rehvid, mis \u00fchendavad k\u00f5rge j\u00f5udluse ja ohutu s\u00f5idu igap\u00e4evasELamuse. Need rehvid on projekteeritud pakkuma suurep\u00e4rast pidamist ning stabiilsust nii kuivadel kui ka niisketel teedel, v\u00f5imaldades s\u00f5idukit kindlalt kontrollida erinevates s\u00f5idutingimustes. <\/p>\n<p>Innovatiivne disain toetab nii traditsioonilisi kui ka elektris\u00f5idukite n\u00f5udmisi, tagades efektiivse veoj\u00f5u \u00fclekande ja madalama rulli vastupanu. See suurendab k\u00fctuses\u00e4\u00e4stu ning pikendab rehvi kasutusiga. H-st indext\u00e4his osutab tugevatele kiirusteguritele, samas kui Elect FR variant annab kindlustunnet t\u00e4nu tipptasemel s\u00f5idud\u00fcnaamikale ja optimeeritud kontaktalale. <\/p>\n<p>Continental Ultracontact 100H Elect FR BAB69 kombineerib uuenduslikud tehnoloogiad ja rangelt testitud omadused, pakkudes kasutajale suurep\u00e4rast s\u00f5idumugavust ja maksimaalset ohutust. See rehvivariant on ideaalne lahendus neile, kes hindavad kvaliteeti, keskkonnas\u00f5bralikkust ja d\u00fcnaamilist s\u00f5idukogemust igap\u00e4evaelus.<\/p>","protected":false},"excerpt":{"rendered":"<p>Continental Ultracontact 100H Elect FR BAB69 225\/60R18 on tipptasemel rehvid, mis \u00fchendavad k\u00f5rge j\u00f5udluse ja ohutu s\u00f5idu igap\u00e4evasELamuse. Need rehvid on projekteeritud pakkuma suurep\u00e4rast pidamist ning stabiilsust nii kuivadel kui ka niisketel teedel, v\u00f5imaldades s\u00f5idukit kindlalt kontrollida erinevates s\u00f5idutingimustes. Innovatiivne disain toetab nii traditsioonilisi kui ka elektris\u00f5idukite n\u00f5udmisi, tagades efektiivse veoj\u00f5u \u00fclekande ja madalama rulli [&hellip;]<\/p>\n","protected":false},"featured_media":124865,"template":"","meta":{"site-sidebar-layout":"default","site-content-layout":"","ast-site-content-layout":"","site-content-style":"default","site-sidebar-style":"default","ast-global-header-display":"","ast-banner-title-visibility":"","ast-main-header-display":"","ast-hfb-above-header-display":"","ast-hfb-below-header-display":"","ast-hfb-mobile-header-display":"","site-post-title":"","ast-breadcrumbs-content":"","ast-featured-img":"","footer-sml-layout":"","theme-transparent-header-meta":"","adv-header-id-meta":"","stick-header-meta":"","header-above-stick-meta":"","header-main-stick-meta":"","header-below-stick-meta":"","astra-migrate-meta-layouts":"default","ast-page-background-enabled":"default","ast-page-background-meta":{"desktop":{"background-color":"","background-image":"","background-repeat":"repeat","background-position":"center center","background-size":"auto","background-attachment":"scroll","background-type":"","background-media":"","overlay-type":"","overlay-color":"","overlay-opacity":"","overlay-gradient":""},"tablet":{"background-color":"","background-image":"","background-repeat":"repeat","background-position":"center center","background-size":"auto","background-attachment":"scroll","background-type":"","background-media":"","overlay-type":"","overlay-color":"","overlay-opacity":"","overlay-gradient":""},"mobile":{"background-color":"","background-image":"","background-repeat":"repeat","background-position":"center center","background-size":"auto","background-attachment":"scroll","background-type":"","background-media":"","overlay-type":"","overlay-color":"","overlay-opacity":"","overlay-gradient":""}},"ast-content-background-meta":{"desktop":{"background-color":"var(--ast-global-color-5)","background-image":"","background-repeat":"repeat","background-position":"center center","background-size":"auto","background-attachment":"scroll","background-type":"","background-media":"","overlay-type":"","overlay-color":"","overlay-opacity":"","overlay-gradient":""},"tablet":{"background-color":"var(--ast-global-color-5)","background-image":"","background-repeat":"repeat","background-position":"center center","background-size":"auto","background-attachment":"scroll","background-type":"","background-media":"","overlay-type":"","overlay-color":"","overlay-opacity":"","overlay-gradient":""},"mobile":{"background-color":"var(--ast-global-color-5)","background-image":"","background-repeat":"repeat","background-position":"center center","background-size":"auto","background-attachment":"scroll","background-type":"","background-media":"","overlay-type":"","overlay-color":"","overlay-opacity":"","overlay-gradient":""}}},"product_brand":[],"product_cat":[34225],"product_tag":[],"pa_brand_name":[25035],"class_list":{"0":"post-121072","1":"product","2":"type-product","3":"status-publish","4":"has-post-thumbnail","6":"product_cat-summer-tires-pv","7":"pa_brand_name-continental","8":"desktop-align-left","9":"tablet-align-left","10":"mobile-align-left","12":"first","13":"outofstock","14":"taxable","15":"shipping-taxable","16":"purchasable","17":"product-type-simple"},"_links":{"self":[{"href":"https:\/\/shop.rettum.ee\/en\/wp-json\/wp\/v2\/product\/121072","targetHints":{"allow":["GET"]}}],"collection":[{"href":"https:\/\/shop.rettum.ee\/en\/wp-json\/wp\/v2\/product"}],"about":[{"href":"https:\/\/shop.rettum.ee\/en\/wp-json\/wp\/v2\/types\/product"}],"version-history":[{"count":1,"href":"https:\/\/shop.rettum.ee\/en\/wp-json\/wp\/v2\/product\/121072\/revisions"}],"predecessor-version":[{"id":125522,"href":"https:\/\/shop.rettum.ee\/en\/wp-json\/wp\/v2\/product\/121072\/revisions\/125522"}],"wp:featuredmedia":[{"embeddable":true,"href":"https:\/\/shop.rettum.ee\/en\/wp-json\/wp\/v2\/media\/124865"}],"wp:attachment":[{"href":"https:\/\/shop.rettum.ee\/en\/wp-json\/wp\/v2\/media?parent=121072"}],"wp:term":[{"taxonomy":"product_brand","embeddable":true,"href":"https:\/\/shop.rettum.ee\/en\/wp-json\/wp\/v2\/product_brand?post=121072"},{"taxonomy":"product_cat","embeddable":true,"href":"https:\/\/shop.rettum.ee\/en\/wp-json\/wp\/v2\/product_cat?post=121072"},{"taxonomy":"product_tag","embeddable":true,"href":"https:\/\/shop.rettum.ee\/en\/wp-json\/wp\/v2\/product_tag?post=121072"},{"taxonomy":"pa_brand_name","embeddable":true,"href":"https:\/\/shop.rettum.ee\/en\/wp-json\/wp\/v2\/pa_brand_name?post=121072"}],"curies":[{"name":"wp","href":"https:\/\/api.w.org\/{rel}","templated":true}]}}