{"id":121073,"date":"2025-03-31T03:09:54","date_gmt":"2025-03-31T00:09:54","guid":{"rendered":"https:\/\/shop.rettum.ee\/toode\/235-60r18-continental-ultracontact-103v-elect-fr-bab70\/"},"modified":"2026-03-25T02:47:21","modified_gmt":"2026-03-25T00:47:21","slug":"235-60r18-continental-ultracontact-103v-elect-fr-bab70","status":"publish","type":"product","link":"https:\/\/shop.rettum.ee\/en\/product\/235-60r18-continental-ultracontact-103v-elect-fr-bab70\/","title":{"rendered":"235\/60R18 CONTINENTAL ULTRACONTACT 103V Elect FR BAB70"},"content":{"rendered":"<p>235\/60R18 CONTINENTAL ULTRACONTACT 103V Elect FR BAB70 on tipptasemel rehv, mis tagab maksimaalse ohutuse ja stabiilsuse igasugustes teeoludes. T\u00e4nu innovatiivsele mustrile ja insenertehnika lahendustele parandab see rehv m\u00e4rgade ja kuivate teede haarduvust, pakkudes kindlat veoj\u00f5udu ning l\u00fchitades pidamisraadiust. Selle koormusindeks 103 ja kiirusklass V t\u00e4histavad vastupidavust ja v\u00f5imekust ka n\u00f5udlikes s\u00f5idutingimustes.<\/p>\n<p>Continental on tuntud oma p\u00fchendumuse poolest kvaliteedile ning uusim tehnoloogia ja hoolikalt katsetatud materjalid muudavad selle rehvi ideaalseks valikuks nii isiklikuks s\u00f5iduks kui ka kommertselt. Lisaks toetab rehvi uuenduslik disain energiat\u00f5husust, aidates v\u00e4hendada k\u00fctusekulu ja s\u00f5idur\u00f5idu m\u00fcra. Investeeri oma turvalisusesse ja s\u00f5idumugavusse \u2013 vali CONTINENTAL ULTRACONTACT 103V Elect FR BAB70, et kogeda kaasaegse tehnoloogia ja vastupidavuse kombinatsiooni iga s\u00f5iduga.<\/p>","protected":false},"excerpt":{"rendered":"<p>235\/60R18 CONTINENTAL ULTRACONTACT 103V Elect FR BAB70 on tipptasemel rehv, mis tagab maksimaalse ohutuse ja stabiilsuse igasugustes teeoludes. T\u00e4nu innovatiivsele mustrile ja insenertehnika lahendustele parandab see rehv m\u00e4rgade ja kuivate teede haarduvust, pakkudes kindlat veoj\u00f5udu ning l\u00fchitades pidamisraadiust. Selle koormusindeks 103 ja kiirusklass V t\u00e4histavad vastupidavust ja v\u00f5imekust ka n\u00f5udlikes s\u00f5idutingimustes. Continental on tuntud oma [&hellip;]<\/p>\n","protected":false},"featured_media":124865,"template":"","meta":{"site-sidebar-layout":"default","site-content-layout":"","ast-site-content-layout":"","site-content-style":"default","site-sidebar-style":"default","ast-global-header-display":"","ast-banner-title-visibility":"","ast-main-header-display":"","ast-hfb-above-header-display":"","ast-hfb-below-header-display":"","ast-hfb-mobile-header-display":"","site-post-title":"","ast-breadcrumbs-content":"","ast-featured-img":"","footer-sml-layout":"","theme-transparent-header-meta":"","adv-header-id-meta":"","stick-header-meta":"","header-above-stick-meta":"","header-main-stick-meta":"","header-below-stick-meta":"","astra-migrate-meta-layouts":"default","ast-page-background-enabled":"default","ast-page-background-meta":{"desktop":{"background-color":"","background-image":"","background-repeat":"repeat","background-position":"center center","background-size":"auto","background-attachment":"scroll","background-type":"","background-media":"","overlay-type":"","overlay-color":"","overlay-opacity":"","overlay-gradient":""},"tablet":{"background-color":"","background-image":"","background-repeat":"repeat","background-position":"center center","background-size":"auto","background-attachment":"scroll","background-type":"","background-media":"","overlay-type":"","overlay-color":"","overlay-opacity":"","overlay-gradient":""},"mobile":{"background-color":"","background-image":"","background-repeat":"repeat","background-position":"center center","background-size":"auto","background-attachment":"scroll","background-type":"","background-media":"","overlay-type":"","overlay-color":"","overlay-opacity":"","overlay-gradient":""}},"ast-content-background-meta":{"desktop":{"background-color":"var(--ast-global-color-5)","background-image":"","background-repeat":"repeat","background-position":"center center","background-size":"auto","background-attachment":"scroll","background-type":"","background-media":"","overlay-type":"","overlay-color":"","overlay-opacity":"","overlay-gradient":""},"tablet":{"background-color":"var(--ast-global-color-5)","background-image":"","background-repeat":"repeat","background-position":"center center","background-size":"auto","background-attachment":"scroll","background-type":"","background-media":"","overlay-type":"","overlay-color":"","overlay-opacity":"","overlay-gradient":""},"mobile":{"background-color":"var(--ast-global-color-5)","background-image":"","background-repeat":"repeat","background-position":"center center","background-size":"auto","background-attachment":"scroll","background-type":"","background-media":"","overlay-type":"","overlay-color":"","overlay-opacity":"","overlay-gradient":""}}},"product_brand":[],"product_cat":[34225],"product_tag":[],"pa_brand_name":[25035],"class_list":{"0":"post-121073","1":"product","2":"type-product","3":"status-publish","4":"has-post-thumbnail","6":"product_cat-summer-tires-pv","7":"pa_brand_name-continental","8":"desktop-align-left","9":"tablet-align-left","10":"mobile-align-left","12":"first","13":"instock","14":"taxable","15":"shipping-taxable","16":"purchasable","17":"product-type-simple"},"_links":{"self":[{"href":"https:\/\/shop.rettum.ee\/en\/wp-json\/wp\/v2\/product\/121073","targetHints":{"allow":["GET"]}}],"collection":[{"href":"https:\/\/shop.rettum.ee\/en\/wp-json\/wp\/v2\/product"}],"about":[{"href":"https:\/\/shop.rettum.ee\/en\/wp-json\/wp\/v2\/types\/product"}],"version-history":[{"count":1,"href":"https:\/\/shop.rettum.ee\/en\/wp-json\/wp\/v2\/product\/121073\/revisions"}],"predecessor-version":[{"id":125520,"href":"https:\/\/shop.rettum.ee\/en\/wp-json\/wp\/v2\/product\/121073\/revisions\/125520"}],"wp:featuredmedia":[{"embeddable":true,"href":"https:\/\/shop.rettum.ee\/en\/wp-json\/wp\/v2\/media\/124865"}],"wp:attachment":[{"href":"https:\/\/shop.rettum.ee\/en\/wp-json\/wp\/v2\/media?parent=121073"}],"wp:term":[{"taxonomy":"product_brand","embeddable":true,"href":"https:\/\/shop.rettum.ee\/en\/wp-json\/wp\/v2\/product_brand?post=121073"},{"taxonomy":"product_cat","embeddable":true,"href":"https:\/\/shop.rettum.ee\/en\/wp-json\/wp\/v2\/product_cat?post=121073"},{"taxonomy":"product_tag","embeddable":true,"href":"https:\/\/shop.rettum.ee\/en\/wp-json\/wp\/v2\/product_tag?post=121073"},{"taxonomy":"pa_brand_name","embeddable":true,"href":"https:\/\/shop.rettum.ee\/en\/wp-json\/wp\/v2\/pa_brand_name?post=121073"}],"curies":[{"name":"wp","href":"https:\/\/api.w.org\/{rel}","templated":true}]}}