{"id":121103,"date":"2025-03-31T03:10:16","date_gmt":"2025-03-31T00:10:16","guid":{"rendered":"https:\/\/shop.rettum.ee\/toode\/205-55r16-continental-premiumcontact-7-91h-elect-cab71\/"},"modified":"2026-03-27T02:47:19","modified_gmt":"2026-03-27T00:47:19","slug":"205-55r16-continental-premiumcontact-7-91h-elect-cab71","status":"publish","type":"product","link":"https:\/\/shop.rettum.ee\/en\/product\/205-55r16-continental-premiumcontact-7-91h-elect-cab71\/","title":{"rendered":"205\/55R16 CONTINENTAL PREMIUMCONTACT 7 91H Elect CAB71"},"content":{"rendered":"<p>Tutvustame uusima kontakti tipptasemel lahendust \u2013 205\/55R16 CONTINENTAL PREMIUMCONTACT 7 91H Elect CAB71 rehvi. See kvaliteetne auto rehvirakk on loodud pakkuma erakordset s\u00f5idumugavust ja turvalisust nii m\u00e4rgadel kui ka kuivadel teedel. With oma 205 mm laiuse ja 55 protsenti profii k\u00f5rgusega disaini tagab see rehvirakk suurep\u00e4rase haarduvuse ning stabiilsuse igas s\u00f5idutingimustes.<\/p>\n<p>Kontinentaal on tuntud tipptasemel tehnoloogiate ja innovatsioonide poolest, mida sellel mudelil saab kahtlemata koheselt tunda. 91H rehv sobib ideaalselt keskmise koormusega s\u00f5idukitele, pakkudes optimaalseid sooritusi nii pidurdamisel kui ka man\u00f6\u00f6verdamisel. Rehvi elektroonilised optimeerimisseaded (Elect CAB71) parandavad veelgi s\u00f5idud\u00fcnaamikat, v\u00f5imaldades sujuvat ja intelligentselt juhitavat reisimist.<\/p>\n<p>Valides CONTINENTAL PREMIUMCONTACT 7, panustad nii s\u00f5iduohutusse kui ka s\u00f5idumugavusse \u2013 kindel kaaslane nii igap\u00e4evas\u00f5iduks kui ka pikemateks reisideks. See on rehv, mis \u00fchendab kaasaegse disaini ja tipptasemel tehnoloogia, pakkudes usaldusv\u00e4\u00e4rset ja turvalist s\u00f5iduelamust igas olukorras.<\/p>","protected":false},"excerpt":{"rendered":"<p>Tutvustame uusima kontakti tipptasemel lahendust \u2013 205\/55R16 CONTINENTAL PREMIUMCONTACT 7 91H Elect CAB71 rehvi. See kvaliteetne auto rehvirakk on loodud pakkuma erakordset s\u00f5idumugavust ja turvalisust nii m\u00e4rgadel kui ka kuivadel teedel. With oma 205 mm laiuse ja 55 protsenti profii k\u00f5rgusega disaini tagab see rehvirakk suurep\u00e4rase haarduvuse ning stabiilsuse igas s\u00f5idutingimustes. Kontinentaal on tuntud tipptasemel [&hellip;]<\/p>\n","protected":false},"featured_media":124864,"template":"","meta":{"site-sidebar-layout":"default","site-content-layout":"","ast-site-content-layout":"","site-content-style":"default","site-sidebar-style":"default","ast-global-header-display":"","ast-banner-title-visibility":"","ast-main-header-display":"","ast-hfb-above-header-display":"","ast-hfb-below-header-display":"","ast-hfb-mobile-header-display":"","site-post-title":"","ast-breadcrumbs-content":"","ast-featured-img":"","footer-sml-layout":"","theme-transparent-header-meta":"","adv-header-id-meta":"","stick-header-meta":"","header-above-stick-meta":"","header-main-stick-meta":"","header-below-stick-meta":"","astra-migrate-meta-layouts":"default","ast-page-background-enabled":"default","ast-page-background-meta":{"desktop":{"background-color":"","background-image":"","background-repeat":"repeat","background-position":"center center","background-size":"auto","background-attachment":"scroll","background-type":"","background-media":"","overlay-type":"","overlay-color":"","overlay-opacity":"","overlay-gradient":""},"tablet":{"background-color":"","background-image":"","background-repeat":"repeat","background-position":"center center","background-size":"auto","background-attachment":"scroll","background-type":"","background-media":"","overlay-type":"","overlay-color":"","overlay-opacity":"","overlay-gradient":""},"mobile":{"background-color":"","background-image":"","background-repeat":"repeat","background-position":"center center","background-size":"auto","background-attachment":"scroll","background-type":"","background-media":"","overlay-type":"","overlay-color":"","overlay-opacity":"","overlay-gradient":""}},"ast-content-background-meta":{"desktop":{"background-color":"var(--ast-global-color-5)","background-image":"","background-repeat":"repeat","background-position":"center center","background-size":"auto","background-attachment":"scroll","background-type":"","background-media":"","overlay-type":"","overlay-color":"","overlay-opacity":"","overlay-gradient":""},"tablet":{"background-color":"var(--ast-global-color-5)","background-image":"","background-repeat":"repeat","background-position":"center center","background-size":"auto","background-attachment":"scroll","background-type":"","background-media":"","overlay-type":"","overlay-color":"","overlay-opacity":"","overlay-gradient":""},"mobile":{"background-color":"var(--ast-global-color-5)","background-image":"","background-repeat":"repeat","background-position":"center center","background-size":"auto","background-attachment":"scroll","background-type":"","background-media":"","overlay-type":"","overlay-color":"","overlay-opacity":"","overlay-gradient":""}}},"product_brand":[],"product_cat":[34225],"product_tag":[],"pa_brand_name":[25035],"class_list":{"0":"post-121103","1":"product","2":"type-product","3":"status-publish","4":"has-post-thumbnail","6":"product_cat-summer-tires-pv","7":"pa_brand_name-continental","8":"desktop-align-left","9":"tablet-align-left","10":"mobile-align-left","12":"first","13":"instock","14":"taxable","15":"shipping-taxable","16":"purchasable","17":"product-type-simple"},"_links":{"self":[{"href":"https:\/\/shop.rettum.ee\/en\/wp-json\/wp\/v2\/product\/121103","targetHints":{"allow":["GET"]}}],"collection":[{"href":"https:\/\/shop.rettum.ee\/en\/wp-json\/wp\/v2\/product"}],"about":[{"href":"https:\/\/shop.rettum.ee\/en\/wp-json\/wp\/v2\/types\/product"}],"version-history":[{"count":1,"href":"https:\/\/shop.rettum.ee\/en\/wp-json\/wp\/v2\/product\/121103\/revisions"}],"predecessor-version":[{"id":125493,"href":"https:\/\/shop.rettum.ee\/en\/wp-json\/wp\/v2\/product\/121103\/revisions\/125493"}],"wp:featuredmedia":[{"embeddable":true,"href":"https:\/\/shop.rettum.ee\/en\/wp-json\/wp\/v2\/media\/124864"}],"wp:attachment":[{"href":"https:\/\/shop.rettum.ee\/en\/wp-json\/wp\/v2\/media?parent=121103"}],"wp:term":[{"taxonomy":"product_brand","embeddable":true,"href":"https:\/\/shop.rettum.ee\/en\/wp-json\/wp\/v2\/product_brand?post=121103"},{"taxonomy":"product_cat","embeddable":true,"href":"https:\/\/shop.rettum.ee\/en\/wp-json\/wp\/v2\/product_cat?post=121103"},{"taxonomy":"product_tag","embeddable":true,"href":"https:\/\/shop.rettum.ee\/en\/wp-json\/wp\/v2\/product_tag?post=121103"},{"taxonomy":"pa_brand_name","embeddable":true,"href":"https:\/\/shop.rettum.ee\/en\/wp-json\/wp\/v2\/pa_brand_name?post=121103"}],"curies":[{"name":"wp","href":"https:\/\/api.w.org\/{rel}","templated":true}]}}