{"id":121104,"date":"2025-03-31T03:10:17","date_gmt":"2025-03-31T00:10:17","guid":{"rendered":"https:\/\/shop.rettum.ee\/toode\/215-50r17-continental-premiumcontact-7-95y-xl-elect-fr-bab71\/"},"modified":"2026-03-22T03:07:16","modified_gmt":"2026-03-22T01:07:16","slug":"215-50r17-continental-premiumcontact-7-95y-xl-elect-fr-bab71","status":"publish","type":"product","link":"https:\/\/shop.rettum.ee\/en\/product\/215-50r17-continental-premiumcontact-7-95y-xl-elect-fr-bab71\/","title":{"rendered":"215\/50R17 CONTINENTAL PREMIUMCONTACT 7 95Y XL Elect FR BAB71"},"content":{"rendered":"<p>Tutvustame rehvi 215\/50R17 CONTINENTAL PREMIUMCONTACT 7 95Y XL Elect FR BAB71 \u2013 kvaliteeti ja sooritust t\u00f5stnud rehvi, mis on loodud n\u00f5udlikule juhile. See tipptasemel rehv pakub efektiivset pidamist ja suurep\u00e4rast juhitavust erinevatel teeoludel. ASTM standarditele vastav konstruktsioon tagab stabiilsuse ka kiirusn\u00f5udlikes olukordades ning XL-klass suurendab koormustaluvust, v\u00f5imaldades s\u00f5idukil s\u00e4ilitada optimaalse j\u00f5udluse ka raskematel tingimustel.<\/p>\n<p>Rehvi madal profiiil ja kaasaegne mustrilahendus aitavad v\u00e4hendada veeretakistust, toetades nii k\u00fctuses\u00e4\u00e4stlikkust kui ka keskkonnas\u00f5bralikkust. 95Y kiirusindeks annab kindluse, et rehv toimib usaldusv\u00e4\u00e4rselt ka k\u00f5rgetel kiirustel. CONTINENTAL PREMIUMCONTACT 7 on loodud neile, kes hindavad ohutust ja s\u00f5idumugavust \u2013 ideaalne kombinatsioon igap\u00e4evaseks kasutamiseks ja pikemateks teekondadeks.<\/p>\n<p>Vali see rehv, et kogeda tipptasemel s\u00f5idum\u00f5nu ja maksimaalset turvalisust igas olukorras. Avastage, kuidas kvaliteetne disain ja kaasaegsed tehnoloogiad muudavad teie s\u00f5idu nauditavamaks ja kindlamaks.<\/p>","protected":false},"excerpt":{"rendered":"<p>Tutvustame rehvi 215\/50R17 CONTINENTAL PREMIUMCONTACT 7 95Y XL Elect FR BAB71 \u2013 kvaliteeti ja sooritust t\u00f5stnud rehvi, mis on loodud n\u00f5udlikule juhile. See tipptasemel rehv pakub efektiivset pidamist ja suurep\u00e4rast juhitavust erinevatel teeoludel. ASTM standarditele vastav konstruktsioon tagab stabiilsuse ka kiirusn\u00f5udlikes olukordades ning XL-klass suurendab koormustaluvust, v\u00f5imaldades s\u00f5idukil s\u00e4ilitada optimaalse j\u00f5udluse ka raskematel tingimustel. Rehvi [&hellip;]<\/p>\n","protected":false},"featured_media":124864,"template":"","meta":{"site-sidebar-layout":"default","site-content-layout":"","ast-site-content-layout":"","site-content-style":"default","site-sidebar-style":"default","ast-global-header-display":"","ast-banner-title-visibility":"","ast-main-header-display":"","ast-hfb-above-header-display":"","ast-hfb-below-header-display":"","ast-hfb-mobile-header-display":"","site-post-title":"","ast-breadcrumbs-content":"","ast-featured-img":"","footer-sml-layout":"","theme-transparent-header-meta":"","adv-header-id-meta":"","stick-header-meta":"","header-above-stick-meta":"","header-main-stick-meta":"","header-below-stick-meta":"","astra-migrate-meta-layouts":"default","ast-page-background-enabled":"default","ast-page-background-meta":{"desktop":{"background-color":"","background-image":"","background-repeat":"repeat","background-position":"center center","background-size":"auto","background-attachment":"scroll","background-type":"","background-media":"","overlay-type":"","overlay-color":"","overlay-opacity":"","overlay-gradient":""},"tablet":{"background-color":"","background-image":"","background-repeat":"repeat","background-position":"center center","background-size":"auto","background-attachment":"scroll","background-type":"","background-media":"","overlay-type":"","overlay-color":"","overlay-opacity":"","overlay-gradient":""},"mobile":{"background-color":"","background-image":"","background-repeat":"repeat","background-position":"center center","background-size":"auto","background-attachment":"scroll","background-type":"","background-media":"","overlay-type":"","overlay-color":"","overlay-opacity":"","overlay-gradient":""}},"ast-content-background-meta":{"desktop":{"background-color":"var(--ast-global-color-5)","background-image":"","background-repeat":"repeat","background-position":"center center","background-size":"auto","background-attachment":"scroll","background-type":"","background-media":"","overlay-type":"","overlay-color":"","overlay-opacity":"","overlay-gradient":""},"tablet":{"background-color":"var(--ast-global-color-5)","background-image":"","background-repeat":"repeat","background-position":"center center","background-size":"auto","background-attachment":"scroll","background-type":"","background-media":"","overlay-type":"","overlay-color":"","overlay-opacity":"","overlay-gradient":""},"mobile":{"background-color":"var(--ast-global-color-5)","background-image":"","background-repeat":"repeat","background-position":"center center","background-size":"auto","background-attachment":"scroll","background-type":"","background-media":"","overlay-type":"","overlay-color":"","overlay-opacity":"","overlay-gradient":""}}},"product_brand":[],"product_cat":[34225],"product_tag":[],"pa_brand_name":[25035],"class_list":{"0":"post-121104","1":"product","2":"type-product","3":"status-publish","4":"has-post-thumbnail","6":"product_cat-summer-tires-pv","7":"pa_brand_name-continental","8":"desktop-align-left","9":"tablet-align-left","10":"mobile-align-left","12":"first","13":"outofstock","14":"taxable","15":"shipping-taxable","16":"purchasable","17":"product-type-simple"},"_links":{"self":[{"href":"https:\/\/shop.rettum.ee\/en\/wp-json\/wp\/v2\/product\/121104","targetHints":{"allow":["GET"]}}],"collection":[{"href":"https:\/\/shop.rettum.ee\/en\/wp-json\/wp\/v2\/product"}],"about":[{"href":"https:\/\/shop.rettum.ee\/en\/wp-json\/wp\/v2\/types\/product"}],"version-history":[{"count":1,"href":"https:\/\/shop.rettum.ee\/en\/wp-json\/wp\/v2\/product\/121104\/revisions"}],"predecessor-version":[{"id":125491,"href":"https:\/\/shop.rettum.ee\/en\/wp-json\/wp\/v2\/product\/121104\/revisions\/125491"}],"wp:featuredmedia":[{"embeddable":true,"href":"https:\/\/shop.rettum.ee\/en\/wp-json\/wp\/v2\/media\/124864"}],"wp:attachment":[{"href":"https:\/\/shop.rettum.ee\/en\/wp-json\/wp\/v2\/media?parent=121104"}],"wp:term":[{"taxonomy":"product_brand","embeddable":true,"href":"https:\/\/shop.rettum.ee\/en\/wp-json\/wp\/v2\/product_brand?post=121104"},{"taxonomy":"product_cat","embeddable":true,"href":"https:\/\/shop.rettum.ee\/en\/wp-json\/wp\/v2\/product_cat?post=121104"},{"taxonomy":"product_tag","embeddable":true,"href":"https:\/\/shop.rettum.ee\/en\/wp-json\/wp\/v2\/product_tag?post=121104"},{"taxonomy":"pa_brand_name","embeddable":true,"href":"https:\/\/shop.rettum.ee\/en\/wp-json\/wp\/v2\/pa_brand_name?post=121104"}],"curies":[{"name":"wp","href":"https:\/\/api.w.org\/{rel}","templated":true}]}}