{"id":121105,"date":"2025-03-31T03:10:18","date_gmt":"2025-03-31T00:10:18","guid":{"rendered":"https:\/\/shop.rettum.ee\/toode\/215-55r17-continental-premiumcontact-7-94v-elect-fr-cab71\/"},"modified":"2026-03-28T02:50:57","modified_gmt":"2026-03-28T00:50:57","slug":"215-55r17-continental-premiumcontact-7-94v-elect-fr-cab71","status":"publish","type":"product","link":"https:\/\/shop.rettum.ee\/en\/product\/215-55r17-continental-premiumcontact-7-94v-elect-fr-cab71\/","title":{"rendered":"215\/55R17 CONTINENTAL PREMIUMCONTACT 7 94V Elect FR CAB71"},"content":{"rendered":"<p>Tutvustame uut Continental PremiumContact 7 rehvi, suurusega 215\/55R17, mis on loodud t\u00e4nap\u00e4evaste s\u00f5iduomaduste ja ohutuse standardite tipptasemel hoidmiseks. Rehvi koormusindeks 94 ja kiirusindeks V tagavad usaldusv\u00e4\u00e4rse kandev\u00f5ime ning kindla stabiilsuse ka k\u00f5rgematel s\u00f5idukiirustel. Elect FR CAB71 versioonis rahuldab see rehv kaasaegsete \u00f6kot\u00f5hususe n\u00f5udeid, pakkudes silmapaistvaid sooritusi nii m\u00e4rgades kui kuival oludes.<\/p>\n<p>Uuenduslik plaatdisain ja spetsiaalsed mustrid v\u00e4hendavad efektiivselt akvaplaanimist, tagades suurep\u00e4rase veer\u00f5hu ja haardumise ka keerulistes juhtimisoludes. Continental PremiumContact 7 on loodud pakkuma maksimaalset s\u00f5idumugavust ja turvalisust, sobides ideaalselt keskmise suurusega s\u00f5iduautodele, pakkudes \u00fchtlast ja progresseeruvat kulumist. See rehvivalik on parim lahendus neile, kes hindavad nii j\u00f5udlust, kestvust kui ka ohutust igap\u00e4evasel teel.<\/p>","protected":false},"excerpt":{"rendered":"<p>Tutvustame uut Continental PremiumContact 7 rehvi, suurusega 215\/55R17, mis on loodud t\u00e4nap\u00e4evaste s\u00f5iduomaduste ja ohutuse standardite tipptasemel hoidmiseks. Rehvi koormusindeks 94 ja kiirusindeks V tagavad usaldusv\u00e4\u00e4rse kandev\u00f5ime ning kindla stabiilsuse ka k\u00f5rgematel s\u00f5idukiirustel. Elect FR CAB71 versioonis rahuldab see rehv kaasaegsete \u00f6kot\u00f5hususe n\u00f5udeid, pakkudes silmapaistvaid sooritusi nii m\u00e4rgades kui kuival oludes. Uuenduslik plaatdisain ja spetsiaalsed [&hellip;]<\/p>\n","protected":false},"featured_media":124864,"template":"","meta":{"site-sidebar-layout":"default","site-content-layout":"","ast-site-content-layout":"","site-content-style":"default","site-sidebar-style":"default","ast-global-header-display":"","ast-banner-title-visibility":"","ast-main-header-display":"","ast-hfb-above-header-display":"","ast-hfb-below-header-display":"","ast-hfb-mobile-header-display":"","site-post-title":"","ast-breadcrumbs-content":"","ast-featured-img":"","footer-sml-layout":"","theme-transparent-header-meta":"","adv-header-id-meta":"","stick-header-meta":"","header-above-stick-meta":"","header-main-stick-meta":"","header-below-stick-meta":"","astra-migrate-meta-layouts":"default","ast-page-background-enabled":"default","ast-page-background-meta":{"desktop":{"background-color":"","background-image":"","background-repeat":"repeat","background-position":"center center","background-size":"auto","background-attachment":"scroll","background-type":"","background-media":"","overlay-type":"","overlay-color":"","overlay-opacity":"","overlay-gradient":""},"tablet":{"background-color":"","background-image":"","background-repeat":"repeat","background-position":"center center","background-size":"auto","background-attachment":"scroll","background-type":"","background-media":"","overlay-type":"","overlay-color":"","overlay-opacity":"","overlay-gradient":""},"mobile":{"background-color":"","background-image":"","background-repeat":"repeat","background-position":"center center","background-size":"auto","background-attachment":"scroll","background-type":"","background-media":"","overlay-type":"","overlay-color":"","overlay-opacity":"","overlay-gradient":""}},"ast-content-background-meta":{"desktop":{"background-color":"var(--ast-global-color-5)","background-image":"","background-repeat":"repeat","background-position":"center center","background-size":"auto","background-attachment":"scroll","background-type":"","background-media":"","overlay-type":"","overlay-color":"","overlay-opacity":"","overlay-gradient":""},"tablet":{"background-color":"var(--ast-global-color-5)","background-image":"","background-repeat":"repeat","background-position":"center center","background-size":"auto","background-attachment":"scroll","background-type":"","background-media":"","overlay-type":"","overlay-color":"","overlay-opacity":"","overlay-gradient":""},"mobile":{"background-color":"var(--ast-global-color-5)","background-image":"","background-repeat":"repeat","background-position":"center center","background-size":"auto","background-attachment":"scroll","background-type":"","background-media":"","overlay-type":"","overlay-color":"","overlay-opacity":"","overlay-gradient":""}}},"product_brand":[],"product_cat":[34225],"product_tag":[],"pa_brand_name":[25035],"class_list":{"0":"post-121105","1":"product","2":"type-product","3":"status-publish","4":"has-post-thumbnail","6":"product_cat-summer-tires-pv","7":"pa_brand_name-continental","8":"desktop-align-left","9":"tablet-align-left","10":"mobile-align-left","12":"first","13":"instock","14":"taxable","15":"shipping-taxable","16":"purchasable","17":"product-type-simple"},"_links":{"self":[{"href":"https:\/\/shop.rettum.ee\/en\/wp-json\/wp\/v2\/product\/121105","targetHints":{"allow":["GET"]}}],"collection":[{"href":"https:\/\/shop.rettum.ee\/en\/wp-json\/wp\/v2\/product"}],"about":[{"href":"https:\/\/shop.rettum.ee\/en\/wp-json\/wp\/v2\/types\/product"}],"version-history":[{"count":1,"href":"https:\/\/shop.rettum.ee\/en\/wp-json\/wp\/v2\/product\/121105\/revisions"}],"predecessor-version":[{"id":125489,"href":"https:\/\/shop.rettum.ee\/en\/wp-json\/wp\/v2\/product\/121105\/revisions\/125489"}],"wp:featuredmedia":[{"embeddable":true,"href":"https:\/\/shop.rettum.ee\/en\/wp-json\/wp\/v2\/media\/124864"}],"wp:attachment":[{"href":"https:\/\/shop.rettum.ee\/en\/wp-json\/wp\/v2\/media?parent=121105"}],"wp:term":[{"taxonomy":"product_brand","embeddable":true,"href":"https:\/\/shop.rettum.ee\/en\/wp-json\/wp\/v2\/product_brand?post=121105"},{"taxonomy":"product_cat","embeddable":true,"href":"https:\/\/shop.rettum.ee\/en\/wp-json\/wp\/v2\/product_cat?post=121105"},{"taxonomy":"product_tag","embeddable":true,"href":"https:\/\/shop.rettum.ee\/en\/wp-json\/wp\/v2\/product_tag?post=121105"},{"taxonomy":"pa_brand_name","embeddable":true,"href":"https:\/\/shop.rettum.ee\/en\/wp-json\/wp\/v2\/pa_brand_name?post=121105"}],"curies":[{"name":"wp","href":"https:\/\/api.w.org\/{rel}","templated":true}]}}