{"id":121107,"date":"2025-03-31T03:10:19","date_gmt":"2025-03-31T00:10:19","guid":{"rendered":"https:\/\/shop.rettum.ee\/toode\/225-50r17-continental-premiumcontact-7-94y-elect-fr-cab71\/"},"modified":"2026-03-27T02:47:19","modified_gmt":"2026-03-27T00:47:19","slug":"225-50r17-continental-premiumcontact-7-94y-elect-fr-cab71","status":"publish","type":"product","link":"https:\/\/shop.rettum.ee\/en\/product\/225-50r17-continental-premiumcontact-7-94y-elect-fr-cab71\/","title":{"rendered":"225\/50R17 CONTINENTAL PREMIUMCONTACT 7 94Y Elect FR CAB71"},"content":{"rendered":"<p>225\/50R17 CONTINENTAL PREMIUMCONTACT 7 94Y Elect FR CAB71 on tipptasemel rehvit, mis \u00fchendab suurep\u00e4rase j\u00f5udluse ja k\u00f5rge turvalisuse. Selle disain on loodud pakkuma optimaalse kontakti tee ja rehvi vahel ning tagama maksimaalse stabiilsuse nii kuivadel kui ka m\u00e4rgadel teedel.<\/p>\n<p>Rehvi kiireus- ja koormusindeks 94Y annab kindlustunde ka k\u00f5rgematel kiirustel s\u00f5ites, samas kui uuenduslik elektrooniliselt juhitav tehnoloogia &#8220;Elect FR&#8221; parandab s\u00f5idu t\u00e4psust ja reageerimisv\u00f5imet keerulistes oludes. Continental PremiumContact 7 on loodud t\u00e4nap\u00e4evase auto vajadusi silmas pidades: see tagab suurep\u00e4rase veoj\u00f5u, parandatud pidamisv\u00f5ime ja k\u00fctuses\u00e4\u00e4stu.<\/p>\n<p>Toode on sertifitseeritud vastavalt CAB71 standarditele, mis kinnitab rehvi kvaliteeti ja t\u00f6\u00f6kindlust rangete n\u00f5uete t\u00e4itmisel. Disainitud nii igap\u00e4evaseks s\u00f5iduks kui ka n\u00f5udlikumaks sportlikuks juhiks, on see rehvit ideaalne valik neile, kes hindavad turvalisust, stabiilsust ja tipptasemel sooritusv\u00f5imet igal teel.<\/p>","protected":false},"excerpt":{"rendered":"<p>225\/50R17 CONTINENTAL PREMIUMCONTACT 7 94Y Elect FR CAB71 on tipptasemel rehvit, mis \u00fchendab suurep\u00e4rase j\u00f5udluse ja k\u00f5rge turvalisuse. Selle disain on loodud pakkuma optimaalse kontakti tee ja rehvi vahel ning tagama maksimaalse stabiilsuse nii kuivadel kui ka m\u00e4rgadel teedel. Rehvi kiireus- ja koormusindeks 94Y annab kindlustunde ka k\u00f5rgematel kiirustel s\u00f5ites, samas kui uuenduslik elektrooniliselt juhitav [&hellip;]<\/p>\n","protected":false},"featured_media":124864,"template":"","meta":{"site-sidebar-layout":"default","site-content-layout":"","ast-site-content-layout":"","site-content-style":"default","site-sidebar-style":"default","ast-global-header-display":"","ast-banner-title-visibility":"","ast-main-header-display":"","ast-hfb-above-header-display":"","ast-hfb-below-header-display":"","ast-hfb-mobile-header-display":"","site-post-title":"","ast-breadcrumbs-content":"","ast-featured-img":"","footer-sml-layout":"","theme-transparent-header-meta":"","adv-header-id-meta":"","stick-header-meta":"","header-above-stick-meta":"","header-main-stick-meta":"","header-below-stick-meta":"","astra-migrate-meta-layouts":"default","ast-page-background-enabled":"default","ast-page-background-meta":{"desktop":{"background-color":"","background-image":"","background-repeat":"repeat","background-position":"center center","background-size":"auto","background-attachment":"scroll","background-type":"","background-media":"","overlay-type":"","overlay-color":"","overlay-opacity":"","overlay-gradient":""},"tablet":{"background-color":"","background-image":"","background-repeat":"repeat","background-position":"center center","background-size":"auto","background-attachment":"scroll","background-type":"","background-media":"","overlay-type":"","overlay-color":"","overlay-opacity":"","overlay-gradient":""},"mobile":{"background-color":"","background-image":"","background-repeat":"repeat","background-position":"center center","background-size":"auto","background-attachment":"scroll","background-type":"","background-media":"","overlay-type":"","overlay-color":"","overlay-opacity":"","overlay-gradient":""}},"ast-content-background-meta":{"desktop":{"background-color":"var(--ast-global-color-5)","background-image":"","background-repeat":"repeat","background-position":"center center","background-size":"auto","background-attachment":"scroll","background-type":"","background-media":"","overlay-type":"","overlay-color":"","overlay-opacity":"","overlay-gradient":""},"tablet":{"background-color":"var(--ast-global-color-5)","background-image":"","background-repeat":"repeat","background-position":"center center","background-size":"auto","background-attachment":"scroll","background-type":"","background-media":"","overlay-type":"","overlay-color":"","overlay-opacity":"","overlay-gradient":""},"mobile":{"background-color":"var(--ast-global-color-5)","background-image":"","background-repeat":"repeat","background-position":"center center","background-size":"auto","background-attachment":"scroll","background-type":"","background-media":"","overlay-type":"","overlay-color":"","overlay-opacity":"","overlay-gradient":""}}},"product_brand":[],"product_cat":[34225],"product_tag":[],"pa_brand_name":[25035],"class_list":{"0":"post-121107","1":"product","2":"type-product","3":"status-publish","4":"has-post-thumbnail","6":"product_cat-summer-tires-pv","7":"pa_brand_name-continental","8":"desktop-align-left","9":"tablet-align-left","10":"mobile-align-left","12":"first","13":"instock","14":"taxable","15":"shipping-taxable","16":"purchasable","17":"product-type-simple"},"_links":{"self":[{"href":"https:\/\/shop.rettum.ee\/en\/wp-json\/wp\/v2\/product\/121107","targetHints":{"allow":["GET"]}}],"collection":[{"href":"https:\/\/shop.rettum.ee\/en\/wp-json\/wp\/v2\/product"}],"about":[{"href":"https:\/\/shop.rettum.ee\/en\/wp-json\/wp\/v2\/types\/product"}],"version-history":[{"count":1,"href":"https:\/\/shop.rettum.ee\/en\/wp-json\/wp\/v2\/product\/121107\/revisions"}],"predecessor-version":[{"id":125488,"href":"https:\/\/shop.rettum.ee\/en\/wp-json\/wp\/v2\/product\/121107\/revisions\/125488"}],"wp:featuredmedia":[{"embeddable":true,"href":"https:\/\/shop.rettum.ee\/en\/wp-json\/wp\/v2\/media\/124864"}],"wp:attachment":[{"href":"https:\/\/shop.rettum.ee\/en\/wp-json\/wp\/v2\/media?parent=121107"}],"wp:term":[{"taxonomy":"product_brand","embeddable":true,"href":"https:\/\/shop.rettum.ee\/en\/wp-json\/wp\/v2\/product_brand?post=121107"},{"taxonomy":"product_cat","embeddable":true,"href":"https:\/\/shop.rettum.ee\/en\/wp-json\/wp\/v2\/product_cat?post=121107"},{"taxonomy":"product_tag","embeddable":true,"href":"https:\/\/shop.rettum.ee\/en\/wp-json\/wp\/v2\/product_tag?post=121107"},{"taxonomy":"pa_brand_name","embeddable":true,"href":"https:\/\/shop.rettum.ee\/en\/wp-json\/wp\/v2\/pa_brand_name?post=121107"}],"curies":[{"name":"wp","href":"https:\/\/api.w.org\/{rel}","templated":true}]}}