{"id":121108,"date":"2025-03-31T03:10:20","date_gmt":"2025-03-31T00:10:20","guid":{"rendered":"https:\/\/shop.rettum.ee\/toode\/225-55r17-continental-premiumcontact-7-101y-xl-elect-fr-cab72\/"},"modified":"2026-03-22T03:07:17","modified_gmt":"2026-03-22T01:07:17","slug":"225-55r17-continental-premiumcontact-7-101y-xl-elect-fr-cab72","status":"publish","type":"product","link":"https:\/\/shop.rettum.ee\/en\/product\/225-55r17-continental-premiumcontact-7-101y-xl-elect-fr-cab72\/","title":{"rendered":"225\/55R17 CONTINENTAL PREMIUMCONTACT 7 101Y XL Elect FR CAB72"},"content":{"rendered":"<p>CONTINENTAL PREMIUMCONTACT 7 (225\/55R17) on k\u00f5rgtehnoloogiline suvis\u00f5idurehv, mis loob t\u00e4iusliku tasakaalu turvalisuse, j\u00f5udluse ja mugavuse vahel. Selle innovatiivse disainiga rehvid tagavad kindla haardumise nii kuivadel kui m\u00e4rgadel teedel, pakkudes suurep\u00e4rast pidamist ja stabiilsust igas s\u00f5idutingimustes.<\/p>\n<p>XL-versioon ja 101Y klassifikatsioon toovad esile rehvi v\u00f5imekuse kanda k\u00f5rgemaid koormusi ja toetada s\u00f5idukki ka suuremal kiirusel, s\u00e4ilitades samal ajal ohutuse ja juhitavuse. Elect FR tehnoloogia t\u00e4iendab \u00fcldist j\u00f5udlust, aidates parandada s\u00f5idumugavust ning pakkudes efektiivset juhitavust ja man\u00f6\u00f6verdusv\u00f5imet erinevate teepindade korral.<\/p>\n<p>CONTIENENTAL PREMIUMCONTACT 7 on ideaalne valik neile, kes hindavad kvaliteeti, tipptasemel sooritust ja k\u00f5rgendatud ohutust. See rehvidis\u00fcsteem \u00fchendab kaasaegse tehnoloogia traditsiooniliste kvaliteedin\u00e4itajatega, pakkudes usaldusv\u00e4\u00e4rset ja kindlat s\u00f5iduelamust igas olukorras.<\/p>","protected":false},"excerpt":{"rendered":"<p>CONTINENTAL PREMIUMCONTACT 7 (225\/55R17) on k\u00f5rgtehnoloogiline suvis\u00f5idurehv, mis loob t\u00e4iusliku tasakaalu turvalisuse, j\u00f5udluse ja mugavuse vahel. Selle innovatiivse disainiga rehvid tagavad kindla haardumise nii kuivadel kui m\u00e4rgadel teedel, pakkudes suurep\u00e4rast pidamist ja stabiilsust igas s\u00f5idutingimustes. XL-versioon ja 101Y klassifikatsioon toovad esile rehvi v\u00f5imekuse kanda k\u00f5rgemaid koormusi ja toetada s\u00f5idukki ka suuremal kiirusel, s\u00e4ilitades samal ajal [&hellip;]<\/p>\n","protected":false},"featured_media":124864,"template":"","meta":{"site-sidebar-layout":"default","site-content-layout":"","ast-site-content-layout":"","site-content-style":"default","site-sidebar-style":"default","ast-global-header-display":"","ast-banner-title-visibility":"","ast-main-header-display":"","ast-hfb-above-header-display":"","ast-hfb-below-header-display":"","ast-hfb-mobile-header-display":"","site-post-title":"","ast-breadcrumbs-content":"","ast-featured-img":"","footer-sml-layout":"","theme-transparent-header-meta":"","adv-header-id-meta":"","stick-header-meta":"","header-above-stick-meta":"","header-main-stick-meta":"","header-below-stick-meta":"","astra-migrate-meta-layouts":"default","ast-page-background-enabled":"default","ast-page-background-meta":{"desktop":{"background-color":"","background-image":"","background-repeat":"repeat","background-position":"center center","background-size":"auto","background-attachment":"scroll","background-type":"","background-media":"","overlay-type":"","overlay-color":"","overlay-opacity":"","overlay-gradient":""},"tablet":{"background-color":"","background-image":"","background-repeat":"repeat","background-position":"center center","background-size":"auto","background-attachment":"scroll","background-type":"","background-media":"","overlay-type":"","overlay-color":"","overlay-opacity":"","overlay-gradient":""},"mobile":{"background-color":"","background-image":"","background-repeat":"repeat","background-position":"center center","background-size":"auto","background-attachment":"scroll","background-type":"","background-media":"","overlay-type":"","overlay-color":"","overlay-opacity":"","overlay-gradient":""}},"ast-content-background-meta":{"desktop":{"background-color":"var(--ast-global-color-5)","background-image":"","background-repeat":"repeat","background-position":"center center","background-size":"auto","background-attachment":"scroll","background-type":"","background-media":"","overlay-type":"","overlay-color":"","overlay-opacity":"","overlay-gradient":""},"tablet":{"background-color":"var(--ast-global-color-5)","background-image":"","background-repeat":"repeat","background-position":"center center","background-size":"auto","background-attachment":"scroll","background-type":"","background-media":"","overlay-type":"","overlay-color":"","overlay-opacity":"","overlay-gradient":""},"mobile":{"background-color":"var(--ast-global-color-5)","background-image":"","background-repeat":"repeat","background-position":"center center","background-size":"auto","background-attachment":"scroll","background-type":"","background-media":"","overlay-type":"","overlay-color":"","overlay-opacity":"","overlay-gradient":""}}},"product_brand":[],"product_cat":[34225],"product_tag":[],"pa_brand_name":[25035],"class_list":{"0":"post-121108","1":"product","2":"type-product","3":"status-publish","4":"has-post-thumbnail","6":"product_cat-summer-tires-pv","7":"pa_brand_name-continental","8":"desktop-align-left","9":"tablet-align-left","10":"mobile-align-left","12":"first","13":"outofstock","14":"taxable","15":"shipping-taxable","16":"purchasable","17":"product-type-simple"},"_links":{"self":[{"href":"https:\/\/shop.rettum.ee\/en\/wp-json\/wp\/v2\/product\/121108","targetHints":{"allow":["GET"]}}],"collection":[{"href":"https:\/\/shop.rettum.ee\/en\/wp-json\/wp\/v2\/product"}],"about":[{"href":"https:\/\/shop.rettum.ee\/en\/wp-json\/wp\/v2\/types\/product"}],"version-history":[{"count":1,"href":"https:\/\/shop.rettum.ee\/en\/wp-json\/wp\/v2\/product\/121108\/revisions"}],"predecessor-version":[{"id":125486,"href":"https:\/\/shop.rettum.ee\/en\/wp-json\/wp\/v2\/product\/121108\/revisions\/125486"}],"wp:featuredmedia":[{"embeddable":true,"href":"https:\/\/shop.rettum.ee\/en\/wp-json\/wp\/v2\/media\/124864"}],"wp:attachment":[{"href":"https:\/\/shop.rettum.ee\/en\/wp-json\/wp\/v2\/media?parent=121108"}],"wp:term":[{"taxonomy":"product_brand","embeddable":true,"href":"https:\/\/shop.rettum.ee\/en\/wp-json\/wp\/v2\/product_brand?post=121108"},{"taxonomy":"product_cat","embeddable":true,"href":"https:\/\/shop.rettum.ee\/en\/wp-json\/wp\/v2\/product_cat?post=121108"},{"taxonomy":"product_tag","embeddable":true,"href":"https:\/\/shop.rettum.ee\/en\/wp-json\/wp\/v2\/product_tag?post=121108"},{"taxonomy":"pa_brand_name","embeddable":true,"href":"https:\/\/shop.rettum.ee\/en\/wp-json\/wp\/v2\/pa_brand_name?post=121108"}],"curies":[{"name":"wp","href":"https:\/\/api.w.org\/{rel}","templated":true}]}}