{"id":121110,"date":"2025-03-31T03:10:21","date_gmt":"2025-03-31T00:10:21","guid":{"rendered":"https:\/\/shop.rettum.ee\/toode\/215-50r18-continental-premiumcontact-7-92v-elect-fr-cab71\/"},"modified":"2026-03-22T03:07:17","modified_gmt":"2026-03-22T01:07:17","slug":"215-50r18-continental-premiumcontact-7-92v-elect-fr-cab71","status":"publish","type":"product","link":"https:\/\/shop.rettum.ee\/en\/product\/215-50r18-continental-premiumcontact-7-92v-elect-fr-cab71\/","title":{"rendered":"215\/50R18 CONTINENTAL PREMIUMCONTACT 7 92V Elect FR CAB71"},"content":{"rendered":"<p>Avasta Continental PremiumContact 7 rehv mudelis 215\/50R18 \u2013 tipptasemel lahendus n\u00f5udlikele juhtidele, kes otsivad ohutust, j\u00f5udlust ja energiat\u00f5husust \u00fches. See rehv on loodud kaasaegsete tehnoloogiate ja innovaatilise musterdisainiga, pakkudes erakordset haarduvust ning l\u00fchikest pidurdusraadiust nii kuival, m\u00e4rjal kui ka n\u00f5rgas valguses. V kiirusindeks v\u00f5imaldab rehv turvalist s\u00f5itu kuni 240 km\/h, samal ajal toetades elektriliste ja h\u00fcbriids\u00f5idukite efektiivsust (Elect FR CAB71). Continental PremiumContact 7 tagab madala veeretakistuse, aidates kaasa k\u00fctusekulude optimeerimisele ja keskkonnas\u00f5bralikule s\u00f5idukasutusele. Usalda Continentali pikaajalist kvaliteeti ja innovatsiooni ning naudi kindlustunnet igal teekonnal. See rehv on ideaalne valik nii igap\u00e4evaseks s\u00f5iduks kui ka sportlikuks juhitavuseks, pakkudes maksimaalset stabilsust ja s\u00f5idur\u00f5\u00f5mu ka k\u00f5ige keerulisemates teetingimustes.<\/p>","protected":false},"excerpt":{"rendered":"<p>Avasta Continental PremiumContact 7 rehv mudelis 215\/50R18 \u2013 tipptasemel lahendus n\u00f5udlikele juhtidele, kes otsivad ohutust, j\u00f5udlust ja energiat\u00f5husust \u00fches. See rehv on loodud kaasaegsete tehnoloogiate ja innovaatilise musterdisainiga, pakkudes erakordset haarduvust ning l\u00fchikest pidurdusraadiust nii kuival, m\u00e4rjal kui ka n\u00f5rgas valguses. V kiirusindeks v\u00f5imaldab rehv turvalist s\u00f5itu kuni 240 km\/h, samal ajal toetades elektriliste ja [&hellip;]<\/p>\n","protected":false},"featured_media":124864,"template":"","meta":{"site-sidebar-layout":"default","site-content-layout":"","ast-site-content-layout":"","site-content-style":"default","site-sidebar-style":"default","ast-global-header-display":"","ast-banner-title-visibility":"","ast-main-header-display":"","ast-hfb-above-header-display":"","ast-hfb-below-header-display":"","ast-hfb-mobile-header-display":"","site-post-title":"","ast-breadcrumbs-content":"","ast-featured-img":"","footer-sml-layout":"","theme-transparent-header-meta":"","adv-header-id-meta":"","stick-header-meta":"","header-above-stick-meta":"","header-main-stick-meta":"","header-below-stick-meta":"","astra-migrate-meta-layouts":"default","ast-page-background-enabled":"default","ast-page-background-meta":{"desktop":{"background-color":"","background-image":"","background-repeat":"repeat","background-position":"center center","background-size":"auto","background-attachment":"scroll","background-type":"","background-media":"","overlay-type":"","overlay-color":"","overlay-opacity":"","overlay-gradient":""},"tablet":{"background-color":"","background-image":"","background-repeat":"repeat","background-position":"center center","background-size":"auto","background-attachment":"scroll","background-type":"","background-media":"","overlay-type":"","overlay-color":"","overlay-opacity":"","overlay-gradient":""},"mobile":{"background-color":"","background-image":"","background-repeat":"repeat","background-position":"center center","background-size":"auto","background-attachment":"scroll","background-type":"","background-media":"","overlay-type":"","overlay-color":"","overlay-opacity":"","overlay-gradient":""}},"ast-content-background-meta":{"desktop":{"background-color":"var(--ast-global-color-5)","background-image":"","background-repeat":"repeat","background-position":"center center","background-size":"auto","background-attachment":"scroll","background-type":"","background-media":"","overlay-type":"","overlay-color":"","overlay-opacity":"","overlay-gradient":""},"tablet":{"background-color":"var(--ast-global-color-5)","background-image":"","background-repeat":"repeat","background-position":"center center","background-size":"auto","background-attachment":"scroll","background-type":"","background-media":"","overlay-type":"","overlay-color":"","overlay-opacity":"","overlay-gradient":""},"mobile":{"background-color":"var(--ast-global-color-5)","background-image":"","background-repeat":"repeat","background-position":"center center","background-size":"auto","background-attachment":"scroll","background-type":"","background-media":"","overlay-type":"","overlay-color":"","overlay-opacity":"","overlay-gradient":""}}},"product_brand":[],"product_cat":[34225],"product_tag":[],"pa_brand_name":[25035],"class_list":{"0":"post-121110","1":"product","2":"type-product","3":"status-publish","4":"has-post-thumbnail","6":"product_cat-summer-tires-pv","7":"pa_brand_name-continental","8":"desktop-align-left","9":"tablet-align-left","10":"mobile-align-left","12":"first","13":"outofstock","14":"taxable","15":"shipping-taxable","16":"purchasable","17":"product-type-simple"},"_links":{"self":[{"href":"https:\/\/shop.rettum.ee\/en\/wp-json\/wp\/v2\/product\/121110","targetHints":{"allow":["GET"]}}],"collection":[{"href":"https:\/\/shop.rettum.ee\/en\/wp-json\/wp\/v2\/product"}],"about":[{"href":"https:\/\/shop.rettum.ee\/en\/wp-json\/wp\/v2\/types\/product"}],"version-history":[{"count":1,"href":"https:\/\/shop.rettum.ee\/en\/wp-json\/wp\/v2\/product\/121110\/revisions"}],"predecessor-version":[{"id":125485,"href":"https:\/\/shop.rettum.ee\/en\/wp-json\/wp\/v2\/product\/121110\/revisions\/125485"}],"wp:featuredmedia":[{"embeddable":true,"href":"https:\/\/shop.rettum.ee\/en\/wp-json\/wp\/v2\/media\/124864"}],"wp:attachment":[{"href":"https:\/\/shop.rettum.ee\/en\/wp-json\/wp\/v2\/media?parent=121110"}],"wp:term":[{"taxonomy":"product_brand","embeddable":true,"href":"https:\/\/shop.rettum.ee\/en\/wp-json\/wp\/v2\/product_brand?post=121110"},{"taxonomy":"product_cat","embeddable":true,"href":"https:\/\/shop.rettum.ee\/en\/wp-json\/wp\/v2\/product_cat?post=121110"},{"taxonomy":"product_tag","embeddable":true,"href":"https:\/\/shop.rettum.ee\/en\/wp-json\/wp\/v2\/product_tag?post=121110"},{"taxonomy":"pa_brand_name","embeddable":true,"href":"https:\/\/shop.rettum.ee\/en\/wp-json\/wp\/v2\/pa_brand_name?post=121110"}],"curies":[{"name":"wp","href":"https:\/\/api.w.org\/{rel}","templated":true}]}}