{"id":121111,"date":"2025-03-31T03:10:22","date_gmt":"2025-03-31T00:10:22","guid":{"rendered":"https:\/\/shop.rettum.ee\/toode\/225-40r18-continental-premiumcontact-7-92y-xl-elect-fr-cab72\/"},"modified":"2026-03-22T03:07:17","modified_gmt":"2026-03-22T01:07:17","slug":"225-40r18-continental-premiumcontact-7-92y-xl-elect-fr-cab72","status":"publish","type":"product","link":"https:\/\/shop.rettum.ee\/en\/product\/225-40r18-continental-premiumcontact-7-92y-xl-elect-fr-cab72\/","title":{"rendered":"225\/40R18 CONTINENTAL PREMIUMCONTACT 7 92Y XL Elect FR CAB72"},"content":{"rendered":"<p>225\/40R18 CONTINENTAL PREMIUMCONTACT 7 92Y XL Elect FR CAB72 on k\u00f5rgtasemel suverehv, mis on loodud pakkuma juhtidele erakordset s\u00f5idumugavust ja turvalisust. T\u00e4nu optimeeritud mustrile ja kaasaegsele disainile tagab see rehv suurep\u00e4rase haardumise nii kuivadel kui ka niisketel teedel. Erakorraline juhitavus ja stabiilsus v\u00f5imaldavad s\u00f5ita enesekindlalt ka k\u00f5rgematel kiirustel.<\/p>\n<p>XL-indekseerimine t\u00e4hendab, et rehv on v\u00f5imeline kandma lisakoormust, pakkudes seel\u00e4bi t\u00e4iendavat turvalisust ja t\u00f6\u00f6kindlust ka n\u00f5udlikes s\u00f5iduoludes. Elect FR CAB72 tehnoloogia toob kaasa innovatiivsed lahendused, mis aitavad kaasa k\u00fctuses\u00e4\u00e4stlikkusele ja pikendavad rehvide kasutusiga, v\u00e4hendades seel\u00e4bi regulaarse hoolduse vajadust.<\/p>\n<p>Continental PremiumContact 7 on ideaalne valik neile, kes hindavad sportlikku s\u00f5idukogemust ilma ohutust ohverdamata. See rehv kombineerib tipptasemel tehingumaailma tehnoloogia ja vastupidavuse, pakkudes usaldusv\u00e4\u00e4rset ja energias\u00e4\u00e4stlikku lahendust t\u00e4nap\u00e4eva s\u00f5iduastmele.<\/p>","protected":false},"excerpt":{"rendered":"<p>225\/40R18 CONTINENTAL PREMIUMCONTACT 7 92Y XL Elect FR CAB72 on k\u00f5rgtasemel suverehv, mis on loodud pakkuma juhtidele erakordset s\u00f5idumugavust ja turvalisust. T\u00e4nu optimeeritud mustrile ja kaasaegsele disainile tagab see rehv suurep\u00e4rase haardumise nii kuivadel kui ka niisketel teedel. Erakorraline juhitavus ja stabiilsus v\u00f5imaldavad s\u00f5ita enesekindlalt ka k\u00f5rgematel kiirustel. XL-indekseerimine t\u00e4hendab, et rehv on v\u00f5imeline kandma [&hellip;]<\/p>\n","protected":false},"featured_media":124864,"template":"","meta":{"site-sidebar-layout":"default","site-content-layout":"","ast-site-content-layout":"","site-content-style":"default","site-sidebar-style":"default","ast-global-header-display":"","ast-banner-title-visibility":"","ast-main-header-display":"","ast-hfb-above-header-display":"","ast-hfb-below-header-display":"","ast-hfb-mobile-header-display":"","site-post-title":"","ast-breadcrumbs-content":"","ast-featured-img":"","footer-sml-layout":"","theme-transparent-header-meta":"","adv-header-id-meta":"","stick-header-meta":"","header-above-stick-meta":"","header-main-stick-meta":"","header-below-stick-meta":"","astra-migrate-meta-layouts":"default","ast-page-background-enabled":"default","ast-page-background-meta":{"desktop":{"background-color":"","background-image":"","background-repeat":"repeat","background-position":"center center","background-size":"auto","background-attachment":"scroll","background-type":"","background-media":"","overlay-type":"","overlay-color":"","overlay-opacity":"","overlay-gradient":""},"tablet":{"background-color":"","background-image":"","background-repeat":"repeat","background-position":"center center","background-size":"auto","background-attachment":"scroll","background-type":"","background-media":"","overlay-type":"","overlay-color":"","overlay-opacity":"","overlay-gradient":""},"mobile":{"background-color":"","background-image":"","background-repeat":"repeat","background-position":"center center","background-size":"auto","background-attachment":"scroll","background-type":"","background-media":"","overlay-type":"","overlay-color":"","overlay-opacity":"","overlay-gradient":""}},"ast-content-background-meta":{"desktop":{"background-color":"var(--ast-global-color-5)","background-image":"","background-repeat":"repeat","background-position":"center center","background-size":"auto","background-attachment":"scroll","background-type":"","background-media":"","overlay-type":"","overlay-color":"","overlay-opacity":"","overlay-gradient":""},"tablet":{"background-color":"var(--ast-global-color-5)","background-image":"","background-repeat":"repeat","background-position":"center center","background-size":"auto","background-attachment":"scroll","background-type":"","background-media":"","overlay-type":"","overlay-color":"","overlay-opacity":"","overlay-gradient":""},"mobile":{"background-color":"var(--ast-global-color-5)","background-image":"","background-repeat":"repeat","background-position":"center center","background-size":"auto","background-attachment":"scroll","background-type":"","background-media":"","overlay-type":"","overlay-color":"","overlay-opacity":"","overlay-gradient":""}}},"product_brand":[],"product_cat":[34225],"product_tag":[],"pa_brand_name":[25035],"class_list":{"0":"post-121111","1":"product","2":"type-product","3":"status-publish","4":"has-post-thumbnail","6":"product_cat-summer-tires-pv","7":"pa_brand_name-continental","8":"desktop-align-left","9":"tablet-align-left","10":"mobile-align-left","12":"first","13":"outofstock","14":"taxable","15":"shipping-taxable","16":"purchasable","17":"product-type-simple"},"_links":{"self":[{"href":"https:\/\/shop.rettum.ee\/en\/wp-json\/wp\/v2\/product\/121111","targetHints":{"allow":["GET"]}}],"collection":[{"href":"https:\/\/shop.rettum.ee\/en\/wp-json\/wp\/v2\/product"}],"about":[{"href":"https:\/\/shop.rettum.ee\/en\/wp-json\/wp\/v2\/types\/product"}],"version-history":[{"count":1,"href":"https:\/\/shop.rettum.ee\/en\/wp-json\/wp\/v2\/product\/121111\/revisions"}],"predecessor-version":[{"id":125483,"href":"https:\/\/shop.rettum.ee\/en\/wp-json\/wp\/v2\/product\/121111\/revisions\/125483"}],"wp:featuredmedia":[{"embeddable":true,"href":"https:\/\/shop.rettum.ee\/en\/wp-json\/wp\/v2\/media\/124864"}],"wp:attachment":[{"href":"https:\/\/shop.rettum.ee\/en\/wp-json\/wp\/v2\/media?parent=121111"}],"wp:term":[{"taxonomy":"product_brand","embeddable":true,"href":"https:\/\/shop.rettum.ee\/en\/wp-json\/wp\/v2\/product_brand?post=121111"},{"taxonomy":"product_cat","embeddable":true,"href":"https:\/\/shop.rettum.ee\/en\/wp-json\/wp\/v2\/product_cat?post=121111"},{"taxonomy":"product_tag","embeddable":true,"href":"https:\/\/shop.rettum.ee\/en\/wp-json\/wp\/v2\/product_tag?post=121111"},{"taxonomy":"pa_brand_name","embeddable":true,"href":"https:\/\/shop.rettum.ee\/en\/wp-json\/wp\/v2\/pa_brand_name?post=121111"}],"curies":[{"name":"wp","href":"https:\/\/api.w.org\/{rel}","templated":true}]}}