{"id":121112,"date":"2025-03-31T03:10:23","date_gmt":"2025-03-31T00:10:23","guid":{"rendered":"https:\/\/shop.rettum.ee\/toode\/225-45r18-continental-premiumcontact-7-91w-elect-fr-cab71\/"},"modified":"2026-03-28T02:50:57","modified_gmt":"2026-03-28T00:50:57","slug":"225-45r18-continental-premiumcontact-7-91w-elect-fr-cab71","status":"publish","type":"product","link":"https:\/\/shop.rettum.ee\/en\/product\/225-45r18-continental-premiumcontact-7-91w-elect-fr-cab71\/","title":{"rendered":"225\/45R18 CONTINENTAL PREMIUMCONTACT 7 91W Elect FR CAB71"},"content":{"rendered":"<p>CONTINENTAL PREMIUMCONTACT 7 (225\/45R18) on kaasaegse s\u00f5idud\u00fcnaamika ja ohutuse meistriteos, mis pakub silmapaistvaid j\u00f5udluse ja stabiilsuse omadusi. Rehv on disainitud nii kuivade kui m\u00e4rgade teede jaoks, tagades t\u00e4pse veoj\u00f5u ja l\u00fchikese pidurdusteekonna ka muudel s\u00f5idutingimustel. 91W koormus- ja kiirusindeks annab kindlustunde ka n\u00f5udlikumates tingimustes, v\u00f5imaldades s\u00f5ita kuni 270 km\/h ohutult.<\/p>\n<p>Eriline Elect FR tehnoloogia lisab rehvi konstruktsioonile kaasaegse ja innovaatilise puudutuse, mis sobib ideaalselt t\u00e4nap\u00e4evastele s\u00f5iduautodele ning elektis\u00f5idukitele. Continentali insenerid on kasutanud k\u00f5rgekvaliteedilisi materjale ja optimeerinud mustrit, et tagada rehvile \u00fchtlane kulumine, madal rullimiskindlus ja paranenud k\u00fctuses\u00e4\u00e4stlikkus.<\/p>\n<p>CONTINENTAL PREMIUMCONTACT 7 on usaldusv\u00e4\u00e4rne valik neile, kes otsivad s\u00f5idu ajal maksimaalset stabiilsust, mugavust ja ohutust \u2013 ideaalne partner nii igap\u00e4evasteks s\u00f5itudeks kui ka d\u00fcnaamilisteks oludeks.<\/p>","protected":false},"excerpt":{"rendered":"<p>CONTINENTAL PREMIUMCONTACT 7 (225\/45R18) on kaasaegse s\u00f5idud\u00fcnaamika ja ohutuse meistriteos, mis pakub silmapaistvaid j\u00f5udluse ja stabiilsuse omadusi. Rehv on disainitud nii kuivade kui m\u00e4rgade teede jaoks, tagades t\u00e4pse veoj\u00f5u ja l\u00fchikese pidurdusteekonna ka muudel s\u00f5idutingimustel. 91W koormus- ja kiirusindeks annab kindlustunde ka n\u00f5udlikumates tingimustes, v\u00f5imaldades s\u00f5ita kuni 270 km\/h ohutult. Eriline Elect FR tehnoloogia lisab [&hellip;]<\/p>\n","protected":false},"featured_media":124864,"template":"","meta":{"site-sidebar-layout":"default","site-content-layout":"","ast-site-content-layout":"","site-content-style":"default","site-sidebar-style":"default","ast-global-header-display":"","ast-banner-title-visibility":"","ast-main-header-display":"","ast-hfb-above-header-display":"","ast-hfb-below-header-display":"","ast-hfb-mobile-header-display":"","site-post-title":"","ast-breadcrumbs-content":"","ast-featured-img":"","footer-sml-layout":"","theme-transparent-header-meta":"","adv-header-id-meta":"","stick-header-meta":"","header-above-stick-meta":"","header-main-stick-meta":"","header-below-stick-meta":"","astra-migrate-meta-layouts":"default","ast-page-background-enabled":"default","ast-page-background-meta":{"desktop":{"background-color":"","background-image":"","background-repeat":"repeat","background-position":"center center","background-size":"auto","background-attachment":"scroll","background-type":"","background-media":"","overlay-type":"","overlay-color":"","overlay-opacity":"","overlay-gradient":""},"tablet":{"background-color":"","background-image":"","background-repeat":"repeat","background-position":"center center","background-size":"auto","background-attachment":"scroll","background-type":"","background-media":"","overlay-type":"","overlay-color":"","overlay-opacity":"","overlay-gradient":""},"mobile":{"background-color":"","background-image":"","background-repeat":"repeat","background-position":"center center","background-size":"auto","background-attachment":"scroll","background-type":"","background-media":"","overlay-type":"","overlay-color":"","overlay-opacity":"","overlay-gradient":""}},"ast-content-background-meta":{"desktop":{"background-color":"var(--ast-global-color-5)","background-image":"","background-repeat":"repeat","background-position":"center center","background-size":"auto","background-attachment":"scroll","background-type":"","background-media":"","overlay-type":"","overlay-color":"","overlay-opacity":"","overlay-gradient":""},"tablet":{"background-color":"var(--ast-global-color-5)","background-image":"","background-repeat":"repeat","background-position":"center center","background-size":"auto","background-attachment":"scroll","background-type":"","background-media":"","overlay-type":"","overlay-color":"","overlay-opacity":"","overlay-gradient":""},"mobile":{"background-color":"var(--ast-global-color-5)","background-image":"","background-repeat":"repeat","background-position":"center center","background-size":"auto","background-attachment":"scroll","background-type":"","background-media":"","overlay-type":"","overlay-color":"","overlay-opacity":"","overlay-gradient":""}}},"product_brand":[],"product_cat":[34225],"product_tag":[],"pa_brand_name":[25035],"class_list":{"0":"post-121112","1":"product","2":"type-product","3":"status-publish","4":"has-post-thumbnail","6":"product_cat-summer-tires-pv","7":"pa_brand_name-continental","8":"desktop-align-left","9":"tablet-align-left","10":"mobile-align-left","12":"first","13":"instock","14":"taxable","15":"shipping-taxable","16":"purchasable","17":"product-type-simple"},"_links":{"self":[{"href":"https:\/\/shop.rettum.ee\/en\/wp-json\/wp\/v2\/product\/121112","targetHints":{"allow":["GET"]}}],"collection":[{"href":"https:\/\/shop.rettum.ee\/en\/wp-json\/wp\/v2\/product"}],"about":[{"href":"https:\/\/shop.rettum.ee\/en\/wp-json\/wp\/v2\/types\/product"}],"version-history":[{"count":1,"href":"https:\/\/shop.rettum.ee\/en\/wp-json\/wp\/v2\/product\/121112\/revisions"}],"predecessor-version":[{"id":125481,"href":"https:\/\/shop.rettum.ee\/en\/wp-json\/wp\/v2\/product\/121112\/revisions\/125481"}],"wp:featuredmedia":[{"embeddable":true,"href":"https:\/\/shop.rettum.ee\/en\/wp-json\/wp\/v2\/media\/124864"}],"wp:attachment":[{"href":"https:\/\/shop.rettum.ee\/en\/wp-json\/wp\/v2\/media?parent=121112"}],"wp:term":[{"taxonomy":"product_brand","embeddable":true,"href":"https:\/\/shop.rettum.ee\/en\/wp-json\/wp\/v2\/product_brand?post=121112"},{"taxonomy":"product_cat","embeddable":true,"href":"https:\/\/shop.rettum.ee\/en\/wp-json\/wp\/v2\/product_cat?post=121112"},{"taxonomy":"product_tag","embeddable":true,"href":"https:\/\/shop.rettum.ee\/en\/wp-json\/wp\/v2\/product_tag?post=121112"},{"taxonomy":"pa_brand_name","embeddable":true,"href":"https:\/\/shop.rettum.ee\/en\/wp-json\/wp\/v2\/pa_brand_name?post=121112"}],"curies":[{"name":"wp","href":"https:\/\/api.w.org\/{rel}","templated":true}]}}