{"id":121113,"date":"2025-03-31T03:10:23","date_gmt":"2025-03-31T00:10:23","guid":{"rendered":"https:\/\/shop.rettum.ee\/toode\/225-45r18-continental-premiumcontact-7-95y-xl-elect-fr-cab72\/"},"modified":"2026-03-28T02:50:57","modified_gmt":"2026-03-28T00:50:57","slug":"225-45r18-continental-premiumcontact-7-95y-xl-elect-fr-cab72","status":"publish","type":"product","link":"https:\/\/shop.rettum.ee\/en\/product\/225-45r18-continental-premiumcontact-7-95y-xl-elect-fr-cab72\/","title":{"rendered":"225\/45R18 CONTINENTAL PREMIUMCONTACT 7 95Y XL Elect FR CAB72"},"content":{"rendered":"<p>225\/45R18 CONTINENTAL PREMIUMCONTACT 7 95Y XL Elect FR CAB72 on tipptasemel rehv, mis pakub erakordset stabiilsust ja s\u00f5idumugavust ka n\u00f5udlikes tingimustes. T\u00e4nu kaasaegsele disainile ja tehnoloogiale tagab see rehv kindla haarduvuse nii kuivadel kui ka m\u00e4rjadel teedel, pakkudes maksimaalset s\u00f5iduohutust ja juhitavust.<\/p>\n<p>Rehvi XL-indikatsioon osutab extra koormusv\u00f5imekusele, muutes selle ideaalseks intensiivseks kasutamiseks t\u00e4nu suurele vastupidavusele ja t\u00f6\u00f6kindlusele. 95Y m\u00e4rgib k\u00f5rget koormusn\u00e4itu ning lubab \u00fcletada hinnatud kiiruslimiite, sobides seel\u00e4bi n\u00f5udlikele sportlikule ja d\u00fcnaamilisele s\u00f5idukitele. Erip\u00e4ra \u201eElect FR\u201d viitab madalale veeretakistusele, mis aitab v\u00e4hendada k\u00fctusekulu ja tagada energias\u00e4\u00e4stliku s\u00f5idu.<\/p>\n<p>Valides CONTINENTAL PREMIUMCONTACT 7, investeerite ohutusse ja j\u00f5udlusesse, mis vastavad t\u00e4nap\u00e4eva s\u00f5idutingimustele ja n\u00f5udmistele. See rehv on ideaalne lahendus neile, kes hindavad k\u00f5rget kvaliteeti, innovatsiooni ja kasutuskindlust igal teekonnal.<\/p>","protected":false},"excerpt":{"rendered":"<p>225\/45R18 CONTINENTAL PREMIUMCONTACT 7 95Y XL Elect FR CAB72 on tipptasemel rehv, mis pakub erakordset stabiilsust ja s\u00f5idumugavust ka n\u00f5udlikes tingimustes. T\u00e4nu kaasaegsele disainile ja tehnoloogiale tagab see rehv kindla haarduvuse nii kuivadel kui ka m\u00e4rjadel teedel, pakkudes maksimaalset s\u00f5iduohutust ja juhitavust. Rehvi XL-indikatsioon osutab extra koormusv\u00f5imekusele, muutes selle ideaalseks intensiivseks kasutamiseks t\u00e4nu suurele vastupidavusele [&hellip;]<\/p>\n","protected":false},"featured_media":124864,"template":"","meta":{"site-sidebar-layout":"default","site-content-layout":"","ast-site-content-layout":"","site-content-style":"default","site-sidebar-style":"default","ast-global-header-display":"","ast-banner-title-visibility":"","ast-main-header-display":"","ast-hfb-above-header-display":"","ast-hfb-below-header-display":"","ast-hfb-mobile-header-display":"","site-post-title":"","ast-breadcrumbs-content":"","ast-featured-img":"","footer-sml-layout":"","theme-transparent-header-meta":"","adv-header-id-meta":"","stick-header-meta":"","header-above-stick-meta":"","header-main-stick-meta":"","header-below-stick-meta":"","astra-migrate-meta-layouts":"default","ast-page-background-enabled":"default","ast-page-background-meta":{"desktop":{"background-color":"","background-image":"","background-repeat":"repeat","background-position":"center center","background-size":"auto","background-attachment":"scroll","background-type":"","background-media":"","overlay-type":"","overlay-color":"","overlay-opacity":"","overlay-gradient":""},"tablet":{"background-color":"","background-image":"","background-repeat":"repeat","background-position":"center center","background-size":"auto","background-attachment":"scroll","background-type":"","background-media":"","overlay-type":"","overlay-color":"","overlay-opacity":"","overlay-gradient":""},"mobile":{"background-color":"","background-image":"","background-repeat":"repeat","background-position":"center center","background-size":"auto","background-attachment":"scroll","background-type":"","background-media":"","overlay-type":"","overlay-color":"","overlay-opacity":"","overlay-gradient":""}},"ast-content-background-meta":{"desktop":{"background-color":"var(--ast-global-color-5)","background-image":"","background-repeat":"repeat","background-position":"center center","background-size":"auto","background-attachment":"scroll","background-type":"","background-media":"","overlay-type":"","overlay-color":"","overlay-opacity":"","overlay-gradient":""},"tablet":{"background-color":"var(--ast-global-color-5)","background-image":"","background-repeat":"repeat","background-position":"center center","background-size":"auto","background-attachment":"scroll","background-type":"","background-media":"","overlay-type":"","overlay-color":"","overlay-opacity":"","overlay-gradient":""},"mobile":{"background-color":"var(--ast-global-color-5)","background-image":"","background-repeat":"repeat","background-position":"center center","background-size":"auto","background-attachment":"scroll","background-type":"","background-media":"","overlay-type":"","overlay-color":"","overlay-opacity":"","overlay-gradient":""}}},"product_brand":[],"product_cat":[34225],"product_tag":[],"pa_brand_name":[25035],"class_list":{"0":"post-121113","1":"product","2":"type-product","3":"status-publish","4":"has-post-thumbnail","6":"product_cat-summer-tires-pv","7":"pa_brand_name-continental","8":"desktop-align-left","9":"tablet-align-left","10":"mobile-align-left","12":"first","13":"instock","14":"taxable","15":"shipping-taxable","16":"purchasable","17":"product-type-simple"},"_links":{"self":[{"href":"https:\/\/shop.rettum.ee\/en\/wp-json\/wp\/v2\/product\/121113","targetHints":{"allow":["GET"]}}],"collection":[{"href":"https:\/\/shop.rettum.ee\/en\/wp-json\/wp\/v2\/product"}],"about":[{"href":"https:\/\/shop.rettum.ee\/en\/wp-json\/wp\/v2\/types\/product"}],"version-history":[{"count":1,"href":"https:\/\/shop.rettum.ee\/en\/wp-json\/wp\/v2\/product\/121113\/revisions"}],"predecessor-version":[{"id":125482,"href":"https:\/\/shop.rettum.ee\/en\/wp-json\/wp\/v2\/product\/121113\/revisions\/125482"}],"wp:featuredmedia":[{"embeddable":true,"href":"https:\/\/shop.rettum.ee\/en\/wp-json\/wp\/v2\/media\/124864"}],"wp:attachment":[{"href":"https:\/\/shop.rettum.ee\/en\/wp-json\/wp\/v2\/media?parent=121113"}],"wp:term":[{"taxonomy":"product_brand","embeddable":true,"href":"https:\/\/shop.rettum.ee\/en\/wp-json\/wp\/v2\/product_brand?post=121113"},{"taxonomy":"product_cat","embeddable":true,"href":"https:\/\/shop.rettum.ee\/en\/wp-json\/wp\/v2\/product_cat?post=121113"},{"taxonomy":"product_tag","embeddable":true,"href":"https:\/\/shop.rettum.ee\/en\/wp-json\/wp\/v2\/product_tag?post=121113"},{"taxonomy":"pa_brand_name","embeddable":true,"href":"https:\/\/shop.rettum.ee\/en\/wp-json\/wp\/v2\/pa_brand_name?post=121113"}],"curies":[{"name":"wp","href":"https:\/\/api.w.org\/{rel}","templated":true}]}}